{"id":19995,"date":"2016-03-28T11:21:32","date_gmt":"2016-02-26T09:21:32","guid":{"rendered":"http:\/\/www.customeeple.com\/es\/producto\/carrousel\/"},"modified":"2016-03-29T11:21:31","modified_gmt":"2016-03-29T09:21:31","slug":"carrousel","status":"publish","type":"product","link":"https:\/\/www.customeeple.com\/es\/producto\/carrousel\/","title":{"rendered":"Malifaux Carrusel plaza Curmudgeon"},"content":{"rendered":"<p>Nuestros edificios de escenograf\u00eda para <strong><a href=\"http:\/\/www.wyrd-games.net\/\">Malifaux<\/a>\u00a0<\/strong>est\u00e1n dise\u00f1ados para introducir al jugador en este mundo fant\u00e1stico y est\u00e1n especialmente preparados para mejorar tu experiencia de juego. Siempre est\u00e1n dise\u00f1ados para encajar en el sistema de juego de\u00a0<strong style=\"font-size: 13.3333px;\"><a href=\"http:\/\/www.wyrd-games.net\/\">Malifaux<\/a>.<\/strong><\/p>\n<p>Aqu\u00ed est\u00e1 nuestro carrusel, listo para traer un poco de alegr\u00eda a Curmudgeon Square, es perfecto para ser empleado como la pieza central de una mesa de juego de\u00a0<strong><a href=\"http:\/\/www.wyrd-games.net\/\">Malifaux<\/a>, <\/strong>puedes combinarlo con otros de nuestros productos Curmudgeon Square para crear una mesa tem\u00e1tica.\u00a0<\/p>\n<p>El carrusel nunca deja de girar mientras juegas tus escaramuzas de\u00a0<strong><a href=\"http:\/\/www.wyrd-games.net\/\">Malifaux<\/a><\/strong>\u00a0a su alrededor o incluso en su interior. Adem\u00e1s el edificio tiene un peque\u00f1o mirador superior al que se puede acceder por escalerillas.<\/p>\n<p>El set incluye tambi\u00e9n una caseta de tickets, \u00a1nadie sube en el carrusel sin pagar el precio!<\/p>\n<p>Todas las piezas han sido dise\u00f1adas en colaboraci\u00f3n con\u00a0<strong><a href=\"http:\/\/www.wyrd-games.net\/\">Wyrd Games<\/a>\u00a0<\/strong>para ser completamente compatibles con\u00a0<strong><a href=\"http:\/\/www.wyrd-games.net\/\">Malifaux<\/a>.<\/strong><\/p>\n<div class=\"moreinfo\">\n<p><strong style=\"font-size: 14px; line-height: 1.5em;\">Material:\u00a0<\/strong>DM<\/p>\n<p dir=\"ltr\"><strong>Espesor:<\/strong>\u00a02,5 mm<\/p>\n<p dir=\"ltr\"><strong>Tama\u00f1o: <\/strong>23,3 x 23,3 x 15\u00a0cm (carousel) 2,5 x 2,5 x 5,9 cm (ticket Box)<strong><br \/> <\/strong><\/p>\n<p dir=\"ltr\"><strong>Cantidad: <\/strong>1 Carrusel y caseta de tickets.<\/p>\n<p><strong>Uso:<\/strong> Edificio de escenograf\u00eda compatible con <strong><a href=\"http:\/\/www.wyrd-games.net\/\">Malifaux<\/a>.<\/strong><\/p>\n<\/div>\n<div class=\"infopreorder\"><strong>Nota:<\/strong> \u00a0Miniaturas y accesorios no incluidos. Este producto se vende sin montar ni pintar, necesitar\u00e1s pegamento para ensamblarlo.<\/div>\n","protected":false},"excerpt":{"rendered":"<p>Edificio de escenograf\u00eda para<strong>\u00a0<a href=\"http:\/\/www.wyrd-games.net\/\">Malifaux<\/a><\/strong><\/p>\n","protected":false},"featured_media":20512,"template":"","meta":{"_acf_changed":false},"product_brand":[],"product_cat":[926,1671,922],"product_tag":[1652],"class_list":{"0":"post-19995","1":"product","2":"type-product","3":"status-publish","4":"has-post-thumbnail","6":"product_cat-escenografia-es-2","7":"product_cat-malifaux-es-3","8":"product_cat-malifaux-es","9":"product_tag-malifaux-es-2","11":"first","12":"instock","13":"taxable","14":"shipping-taxable","15":"purchasable","16":"product-type-simple"},"exclude_global_add_ons":[],"addons":[],"acf":[],"_links":{"self":[{"href":"https:\/\/www.customeeple.com\/es\/wp-json\/wp\/v2\/product\/19995","targetHints":{"allow":["GET"]}}],"collection":[{"href":"https:\/\/www.customeeple.com\/es\/wp-json\/wp\/v2\/product"}],"about":[{"href":"https:\/\/www.customeeple.com\/es\/wp-json\/wp\/v2\/types\/product"}],"wp:featuredmedia":[{"embeddable":true,"href":"https:\/\/www.customeeple.com\/es\/wp-json\/wp\/v2\/media\/20512"}],"wp:attachment":[{"href":"https:\/\/www.customeeple.com\/es\/wp-json\/wp\/v2\/media?parent=19995"}],"wp:term":[{"taxonomy":"product_brand","embeddable":true,"href":"https:\/\/www.customeeple.com\/es\/wp-json\/wp\/v2\/product_brand?post=19995"},{"taxonomy":"product_cat","embeddable":true,"href":"https:\/\/www.customeeple.com\/es\/wp-json\/wp\/v2\/product_cat?post=19995"},{"taxonomy":"product_tag","embeddable":true,"href":"https:\/\/www.customeeple.com\/es\/wp-json\/wp\/v2\/product_tag?post=19995"}],"curies":[{"name":"wp","href":"https:\/\/api.w.org\/{rel}","templated":true}]}}