{"id":19609,"date":"2015-12-21T14:58:42","date_gmt":"2015-12-21T13:58:42","guid":{"rendered":"http:\/\/www.customeeple.com\/es\/producto\/marcador-de-zona-de-despliege-infinity-9-units\/"},"modified":"2016-09-21T19:27:10","modified_gmt":"2016-09-21T17:27:10","slug":"marcador-de-zona-de-despliege-infinity-9-units","status":"publish","type":"product","link":"https:\/\/www.customeeple.com\/es\/producto\/marcador-de-zona-de-despliege-infinity-9-units\/","title":{"rendered":"marcador de zona de despliege Infinity  (9 units)"},"content":{"rendered":"<p>Nuestros marcadores especiales para\u00a0<strong><a href=\"http:\/\/infinitythegame.com\/\" target=\"_blank\">Infinity the game<\/a>\u00a0e<\/strong>st\u00e1n dise\u00f1ados para ayudarte a marcar todo tipo de eventos en el juego.<\/p>\n<p>Todas las piezas han sido fabricadas en colaboracion con\u00a0\u00a0<strong><a href=\"http:\/\/www.corvusbelli.com\/\" target=\"_blank\">Corvus Belli\u00a0<\/a><\/strong>para ser totalmente compatibles con<strong><a href=\"http:\/\/www.corvusbelli.com\/\" target=\"_blank\">\u00a0<\/a><a href=\"http:\/\/infinitythegame.com\/\" target=\"_blank\"><strong>Infinity the game<\/strong><\/a>.<\/strong><\/p>\n<p>El Pack contiene:<\/p>\n<ul>\n<li>6 &#8211; Marcadores de despliegue en linea.<\/li>\n<li>3 &#8211; Marcadores de despliegue central.<\/li>\n<\/ul>\n<p>&nbsp;<br \/>\nPuedes elegir el color de las piezas de metacrilato. Recuerda que si no estas seguro de c\u00faal es el color id\u00f3neo para tus piezas puedes consultar nuestra p\u00e1gina de <em><a href=\"http:\/\/www.customeeple.com\/materials\/\"><strong>materiales<\/strong> <\/a><\/em><\/p>\n<div class=\"moreinfo\">\n<p><strong>Material:<\/strong>\u00a0Metacrilato amarillo fluorescente<\/p>\n<p dir=\"ltr\"><strong>Espesors:<\/strong>\u00a03 mm<\/p>\n<p dir=\"ltr\"><strong>Cantidad:<\/strong>\u00a09 unidades<\/p>\n<p><strong>Uso:<\/strong>\u00a0Marcar la zona de despliegue en \u00a0<strong><a href=\"http:\/\/infinitythegame.com\/\" target=\"_blank\">Infinity the game<\/a>.<\/strong><\/p>\n<\/div>\n<div class=\"infopreorder\"><b><strong>Nota<\/strong>: <\/b>Miniaturas y escenograf\u00eda no incluidas <\/div>\n<\/div>\n<h2 id=\"l1\" style=\"color: #000000;\"><\/h2>\n","protected":false},"excerpt":{"rendered":"<p>Marca la zona de despliegue en<strong><strong>\u00a0<a href=\"http:\/\/infinitythegame.com\/\" target=\"_blank\">Infinity the game<\/a><\/strong><\/strong><\/p>\n","protected":false},"featured_media":19482,"template":"","meta":{"_acf_changed":false},"product_brand":[],"product_cat":[1370,291,347,1394,1372],"product_tag":[151,306],"class_list":{"0":"post-19609","1":"product","2":"type-product","3":"status-publish","4":"has-post-thumbnail","6":"product_cat-customeeple-es","7":"product_cat-infinity-es-2","8":"product_cat-marcadores-es","9":"product_cat-infinity-es","10":"product_cat-sci-fi-es","11":"product_tag-infinity-es","12":"product_tag-infinity-the-game-es-2","13":"pa_ifactions-ardes","14":"pa_ifactions-haqes","15":"pa_ifactions-nomes","16":"pa_methacrylate-colors-amarill-fluor-mfye","17":"pa_methacrylate-colors-azul-fluor-mfbl-es","18":"pa_methacrylate-colors-humo-trans-mtsm","19":"pa_methacrylate-colors-naranja-fluor-mfor-es","20":"pa_methacrylate-colors-naranja-fluor-mfor","21":"pa_methacrylate-colors-magenta-fluor-mfma-es","22":"pa_methacrylate-colors-smoke-grey-mtsm","23":"pa_methacrylate-colors-verde-fluor-mfgr","25":"first","26":"instock","27":"taxable","28":"shipping-taxable","29":"purchasable","30":"product-type-variable"},"exclude_global_add_ons":[],"addons":[],"acf":[],"_links":{"self":[{"href":"https:\/\/www.customeeple.com\/es\/wp-json\/wp\/v2\/product\/19609","targetHints":{"allow":["GET"]}}],"collection":[{"href":"https:\/\/www.customeeple.com\/es\/wp-json\/wp\/v2\/product"}],"about":[{"href":"https:\/\/www.customeeple.com\/es\/wp-json\/wp\/v2\/types\/product"}],"wp:featuredmedia":[{"embeddable":true,"href":"https:\/\/www.customeeple.com\/es\/wp-json\/wp\/v2\/media\/19482"}],"wp:attachment":[{"href":"https:\/\/www.customeeple.com\/es\/wp-json\/wp\/v2\/media?parent=19609"}],"wp:term":[{"taxonomy":"product_brand","embeddable":true,"href":"https:\/\/www.customeeple.com\/es\/wp-json\/wp\/v2\/product_brand?post=19609"},{"taxonomy":"product_cat","embeddable":true,"href":"https:\/\/www.customeeple.com\/es\/wp-json\/wp\/v2\/product_cat?post=19609"},{"taxonomy":"product_tag","embeddable":true,"href":"https:\/\/www.customeeple.com\/es\/wp-json\/wp\/v2\/product_tag?post=19609"}],"curies":[{"name":"wp","href":"https:\/\/api.w.org\/{rel}","templated":true}]}}