{"id":19583,"date":"2015-12-21T13:40:49","date_gmt":"2015-12-21T12:40:49","guid":{"rendered":"http:\/\/www.customeeple.com\/es\/producto\/infinity-set-ordenes-gigantes-21-units\/"},"modified":"2019-08-09T16:24:29","modified_gmt":"2019-08-09T14:24:29","slug":"infinity-set-ordenes-gigantes-21-units","status":"publish","type":"product","link":"https:\/\/www.customeeple.com\/es\/producto\/infinity-set-ordenes-gigantes-21-units\/","title":{"rendered":"Infinity Set Ordenes  Gigantes (21 units)"},"content":{"rendered":"<p>Set oficial de \u00f3rdenes dise\u00f1adas para <strong><a href=\"http:\/\/www.infinitythegame.com\/infinity\/es\/\">Infinity the game<\/a>,<\/strong> grabadas con el logo de tu facci\u00f3n favorita:<strong><a href=\"http:\/\/www.infinitythegame.com\/infinity\/es\/category\/aleph\/\"> ALEPH<\/a>, <a href=\"http:\/\/www.infinitythegame.com\/infinity\/es\/category\/pano\/\">Panocean\u00eda<\/a>, <a href=\"http:\/\/www.infinitythegame.com\/infinity\/es\/category\/yujing\/\">Yu Jing<\/a><\/strong>\u2026 Marca tus acciones en el juego usando piezas con los logos oficiales de <strong><a href=\"http:\/\/www.infinitythegame.com\/infinity\/es\/\">Infinity<\/a>.\u00a0<\/strong>El set viene con suficientes \u00f3rdenes para emplearse en la mayor\u00eda de las configuraciones de ej\u00e9rcito, con colores variables para representar diferentes tipos de \u00f3rdenes:<\/p>\n<ul>\n<li><strong><em>10 Verdes \u2013 regulares<\/em><\/strong><\/li>\n<li><strong><em>5 magenta \u2013 impetuosas<\/em><\/strong><\/li>\n<li><strong><em>5 amarillas \u2013 irregulares<\/em><\/strong><\/li>\n<li><strong><em>1 azul \u2013 teniente<\/em><\/strong><\/li>\n<\/ul>\n<p>Todas nuestras fichas est\u00e1n dise\u00f1adas en colaboraci\u00f3n con <strong><a href=\"http:\/\/www.corvusbelli.com\/\">Corvus Belli<\/a><\/strong> para ser totalmente compatibles con <strong><a href=\"http:\/\/infinitythegame.com\/\" target=\"_blank\">Infinity<\/a>.<\/strong><\/p>\n<div class=\"moreinfo\">\n<p><strong>Material:<\/strong> Metacrilato fluorescente.<\/p>\n<p><strong>Espesor:<\/strong> 3 mm<\/p>\n<p><strong>Tama\u00f1o:<\/strong>\u00a022 x 25 mm.<\/p>\n<p><strong>Cantidad:<\/strong> 21 unidades (10 verdes, 5 amarillas, 5 magenta. 1 azul)<\/p>\n<p><strong>Uso:<\/strong> Marca tus acciones en<strong><a href=\"http:\/\/www.infinitythegame.com\/infinity\/es\/\"> Infinity the game<\/a>.<\/strong><\/p>\n<\/div>\n<div class=\"infopreorder\">\n<p><strong>Nota:<\/strong> Miniaturas no incluidas. La imagen es un ejemplo de color y de facci\u00f3n pero la cantidad es la contemplada en el texto.<\/p>\n<\/div>\n","protected":false},"excerpt":{"rendered":"<p>Set de Ordenes Gigantes\u00a0<a href=\"http:\/\/www.infinitythegame.com\/infinity\/en\">\u00a0<strong>Infinity the game<\/strong><\/a><\/p>\n","protected":false},"featured_media":19476,"template":"","meta":{"_acf_changed":false},"product_brand":[],"product_cat":[1370,346,291,78,1394,1372],"product_tag":[151,306],"class_list":{"0":"post-19583","1":"product","2":"type-product","3":"status-publish","4":"has-post-thumbnail","6":"product_cat-customeeple-es","7":"product_cat-escenografia","8":"product_cat-infinity-es-2","9":"product_cat-meeple-2","10":"product_cat-infinity-es","11":"product_cat-sci-fi-es","12":"product_tag-infinity-es","13":"product_tag-infinity-the-game-es-2","14":"pa_ilogo-acontecimiento","15":"pa_ilogo-aleph-es","16":"pa_ilogo-ariadna-es","17":"pa_ilogo-bakunin-es","18":"pa_ilogo-caledonios-es","19":"pa_ilogo-corregidor-es","20":"pa_ilogo-druze","21":"pa_ilogo-ejercito-combinado-es","22":"pa_ilogo-falange-de-acero-es","23":"pa_ilogo-onyx-es","24":"pa_ilogo-generico-es","25":"pa_ilogo-haqqislam-es","26":"pa_ilogo-hassassin-bahram-es","27":"pa_ilogo-ikari","28":"pa_ilogo-invencible-army-es","29":"pa_ilogo-jsa-es","30":"pa_ilogo-mercenarios-es","31":"pa_ilogo-merovingios-es","32":"pa_ilogo-morat-es","33":"pa_ilogo-neoterra-es","34":"pa_ilogo-nomadas-es","35":"pa_ilogo-not-aligned-es","36":"pa_ilogo-o-12-es","37":"pa_ilogo-ordenes-militares-es","38":"pa_ilogo-panceania","39":"pa_ilogo-qapu-khalqi-es","40":"pa_ilogo-servicio-imperial-es","41":"pa_ilogo-shasvastii-es","42":"pa_ilogo-scr-es","43":"pa_ilogo-starco","44":"pa_ilogo-subsection-sss","45":"pa_ilogo-tartary-army","46":"pa_ilogo-tohaa-es","47":"pa_ilogo-usariadna-es","48":"pa_ilogo-varuna","49":"pa_ilogo-yu-jing-es","51":"first","52":"instock","53":"taxable","54":"shipping-taxable","55":"purchasable","56":"product-type-variable"},"exclude_global_add_ons":[],"addons":[],"acf":[],"_links":{"self":[{"href":"https:\/\/www.customeeple.com\/es\/wp-json\/wp\/v2\/product\/19583","targetHints":{"allow":["GET"]}}],"collection":[{"href":"https:\/\/www.customeeple.com\/es\/wp-json\/wp\/v2\/product"}],"about":[{"href":"https:\/\/www.customeeple.com\/es\/wp-json\/wp\/v2\/types\/product"}],"wp:featuredmedia":[{"embeddable":true,"href":"https:\/\/www.customeeple.com\/es\/wp-json\/wp\/v2\/media\/19476"}],"wp:attachment":[{"href":"https:\/\/www.customeeple.com\/es\/wp-json\/wp\/v2\/media?parent=19583"}],"wp:term":[{"taxonomy":"product_brand","embeddable":true,"href":"https:\/\/www.customeeple.com\/es\/wp-json\/wp\/v2\/product_brand?post=19583"},{"taxonomy":"product_cat","embeddable":true,"href":"https:\/\/www.customeeple.com\/es\/wp-json\/wp\/v2\/product_cat?post=19583"},{"taxonomy":"product_tag","embeddable":true,"href":"https:\/\/www.customeeple.com\/es\/wp-json\/wp\/v2\/product_tag?post=19583"}],"curies":[{"name":"wp","href":"https:\/\/api.w.org\/{rel}","templated":true}]}}