{"id":19570,"date":"2015-12-21T13:14:28","date_gmt":"2015-12-21T12:14:28","guid":{"rendered":"http:\/\/www.customeeple.com\/es\/producto\/marcador-de-control-de-objetivos-infinity-5-uds\/"},"modified":"2020-02-20T09:55:05","modified_gmt":"2020-02-20T08:55:05","slug":"marcador-de-control-de-objetivos-infinity-5-uds","status":"publish","type":"product","link":"https:\/\/www.customeeple.com\/es\/producto\/marcador-de-control-de-objetivos-infinity-5-uds\/","title":{"rendered":"Marcador de control de objetivos Infinity (5 uds)"},"content":{"rendered":"<p>Pack de 5 marcadores de <strong><a href=\"http:\/\/infinitythegame.com\/\" target=\"_blank\" rel=\"noopener noreferrer\">Infinity the game<\/a>.\u00a0<\/strong>Est\u00e1n dise\u00f1ados para ayudarte a marcar que has capturado un objetivo en las misiones ITS en el juego.<\/p>\n<p>Estas fichas encajan perfectamente en una peana de 40mm de\u00a0<strong><a href=\"http:\/\/infinitythegame.com\/\" target=\"_blank\" rel=\"noopener noreferrer\">Infinity<\/a>\u00a0<\/strong>para poder indicar claramente cuando controlas un objetivo. Puedes elegir tanto el color como la facci\u00f3n de los marcadores. Recuerda que si no estas seguro de c\u00faal es el color id\u00f3neo para tus piezas puedes consultar nuestra p\u00e1gina de <em><a href=\"http:\/\/www.customeeple.com\/materials\/\"><strong>materiales<\/strong> <\/a><\/em><\/p>\n<p>Todas las piezas han sido fabricadas en colaboracion con\u00a0\u00a0<strong><a href=\"http:\/\/www.corvusbelli.com\/\" target=\"_blank\" rel=\"noopener noreferrer\">Corvus Belli\u00a0<\/a><\/strong>para ser totalmente compatibles con<strong><a href=\"http:\/\/www.corvusbelli.com\/\" target=\"_blank\" rel=\"noopener noreferrer\">\u00a0<\/a><a href=\"http:\/\/infinitythegame.com\/\" target=\"_blank\" rel=\"noopener noreferrer\"><strong>Infinity the game<\/strong><\/a><\/strong><\/p>\n<div class=\"moreinfo\">\n<p><strong>Material:<\/strong>\u00a0Metacrilato fluorescente<\/p>\n<p dir=\"ltr\"><strong>Espesors:<\/strong>\u00a03 mm<\/p>\n<p dir=\"ltr\"><strong>Cantidad:<\/strong>\u00a05 unidades<\/p>\n<p><strong>Uso:<\/strong>\u00a0Marca tus Objetivos en <strong><a href=\"http:\/\/infinitythegame.com\/\" target=\"_blank\" rel=\"noopener noreferrer\">Infinity the game<\/a><\/strong><\/p>\n<\/div>\n<div class=\"infopreorder\"><b><strong>Nota<\/strong>: <\/b>Miniaturas y escenograf\u00eda no incluidas<\/div>\n","protected":false},"excerpt":{"rendered":"<p>Marcadores de objetivo capturado para\u00a0<strong><a href=\"http:\/\/www.infinitythegame.com\/infinity\/en\"> Infinity the game<\/a><\/strong><\/p>\n","protected":false},"featured_media":19478,"template":"","meta":{"_acf_changed":false},"product_brand":[],"product_cat":[1370,291,1394,1372],"product_tag":[151,306],"class_list":{"0":"post-19570","1":"product","2":"type-product","3":"status-publish","4":"has-post-thumbnail","6":"product_cat-customeeple-es","7":"product_cat-infinity-es-2","8":"product_cat-infinity-es","9":"product_cat-sci-fi-es","10":"product_tag-infinity-es","11":"product_tag-infinity-the-game-es-2","12":"pa_ilogo-invencible-army-es","13":"pa_ilogo-o-12-es","14":"pa_ilogo-scr-es","15":"pa_ilogo-acontecimiento","16":"pa_ilogo-aleph-es","17":"pa_ilogo-ariadna-es","18":"pa_ilogo-bakunin-es","19":"pa_ilogo-caledonios-es","20":"pa_ilogo-corregidor-es","21":"pa_ilogo-druze","22":"pa_ilogo-ejercito-combinado-es","23":"pa_ilogo-falange-de-acero-es","24":"pa_ilogo-onyx-es","25":"pa_ilogo-generico-es","26":"pa_ilogo-haqqislam-es","27":"pa_ilogo-hassassin-bahram-es","28":"pa_ilogo-ikari","29":"pa_ilogo-jsa-es","30":"pa_ilogo-mercenarios-es","31":"pa_ilogo-merovingios-es","32":"pa_ilogo-morat-es","33":"pa_ilogo-neoterra-es","34":"pa_ilogo-nomadas-es","35":"pa_ilogo-not-aligned-es","36":"pa_ilogo-ordenes-militares-es","37":"pa_ilogo-panceania","38":"pa_ilogo-qapu-khalqi-es","39":"pa_ilogo-servicio-imperial-es","40":"pa_ilogo-shasvastii-es","41":"pa_ilogo-starco","42":"pa_ilogo-subsection-sss","43":"pa_ilogo-tartary-army","44":"pa_ilogo-tohaa-es","45":"pa_ilogo-usariadna-es","46":"pa_ilogo-varuna","47":"pa_ilogo-yu-jing-es","48":"pa_methacrylate-colors-azul-fluor-mfbl-es","49":"pa_methacrylate-colors-naranja-fluor-mfor-es","50":"pa_methacrylate-colors-verde-fluor-mfgr","51":"pa_methacrylate-colors-amarill-fluor-mfye","52":"pa_methacrylate-colors-magenta-fluor-mfma-es","53":"pa_methacrylate-colors-humo-trans-mtsm","54":"pa_methacrylate-colors-violeta-movi","56":"first","57":"instock","58":"taxable","59":"shipping-taxable","60":"purchasable","61":"product-type-variable"},"exclude_global_add_ons":[],"addons":[],"acf":[],"_links":{"self":[{"href":"https:\/\/www.customeeple.com\/es\/wp-json\/wp\/v2\/product\/19570","targetHints":{"allow":["GET"]}}],"collection":[{"href":"https:\/\/www.customeeple.com\/es\/wp-json\/wp\/v2\/product"}],"about":[{"href":"https:\/\/www.customeeple.com\/es\/wp-json\/wp\/v2\/types\/product"}],"wp:featuredmedia":[{"embeddable":true,"href":"https:\/\/www.customeeple.com\/es\/wp-json\/wp\/v2\/media\/19478"}],"wp:attachment":[{"href":"https:\/\/www.customeeple.com\/es\/wp-json\/wp\/v2\/media?parent=19570"}],"wp:term":[{"taxonomy":"product_brand","embeddable":true,"href":"https:\/\/www.customeeple.com\/es\/wp-json\/wp\/v2\/product_brand?post=19570"},{"taxonomy":"product_cat","embeddable":true,"href":"https:\/\/www.customeeple.com\/es\/wp-json\/wp\/v2\/product_cat?post=19570"},{"taxonomy":"product_tag","embeddable":true,"href":"https:\/\/www.customeeple.com\/es\/wp-json\/wp\/v2\/product_tag?post=19570"}],"curies":[{"name":"wp","href":"https:\/\/api.w.org\/{rel}","templated":true}]}}