{"id":19561,"date":"2015-12-21T12:49:31","date_gmt":"2015-12-21T10:49:31","guid":{"rendered":"http:\/\/www.customeeple.com\/es\/producto\/banderas-de-conquista-de-infinity\/"},"modified":"2019-08-09T16:27:11","modified_gmt":"2019-08-09T14:27:11","slug":"banderas-de-conquista-de-infinity","status":"publish","type":"product","link":"https:\/\/www.customeeple.com\/es\/producto\/banderas-de-conquista-de-infinity\/","title":{"rendered":"Banderas de Conquista de Infinity (4 ud)"},"content":{"rendered":"<p>Utiliza nuestras banderas de conquista de <strong><a href=\"http:\/\/www.infinitythegame.com\/infinity\/en\">Infinity<\/a><\/strong> como elementos decorativos para tus edificios de <strong><a href=\"http:\/\/www.infinitythegame.com\/infinity\/en\">Infinity<\/a><\/strong>. Las piezas se han dise\u00f1ado en colaboraci\u00f3n con <strong><a href=\"http:\/\/www.corvusbelli.com\/\">Corvus Belli<\/a>\u00a0<\/strong>para ser totalmente compatibles con <a href=\"http:\/\/infinitythegame.com\/\" target=\"_blank\"><strong>Infinity the game<\/strong><\/a>.<\/p>\n<p>El pack contiene 4 banderas que pueden ser utilizados como complemento de escenograf\u00eda. Todos las banderas est\u00e1n grabadas con el logo de facci\u00f3n de <strong><a href=\"http:\/\/www.infinitythegame.com\/infinity\/en\">Infinity<\/a>\u00a0<\/strong>que quieras, con las que podr\u00e1s capturar paran tu ejercito los edificios de facciones enemigas.<\/p>\n<p>Las\u00a0banderas \u00a0son compatibles con todos los edificios del resto de partners de <strong><a href=\"http:\/\/infinitythegame.com\/\" target=\"_blank\">Infinity the game<\/a>\u00a0<\/strong>tales como:<strong> Warsenal, Microart studio, Plastcraft games, Bandu<\/strong><strong>a.<\/strong><\/p>\n<p>Ten en cuenta que este producto se vende sin montar y sin pintar. Las fotos son s\u00f3lo sugerencias de montaje.<\/p>\n<div>\u00a0<\/div>\n<div class=\"moreinfo\">\n<p><strong>Material:\u00a0<\/strong>MDF (Medium Density Fibreboard) +\u00a0HDC\u00a0(Hard Density Cardboard)<\/p>\n<p dir=\"ltr\"><strong>Thickness:<\/strong>\u00a02,5 mm<\/p>\n<p dir=\"ltr\"><strong>Quantity:<\/strong>\u00a04 Flags<\/p>\n<p><strong>Use:\u00a0<\/strong>As scenery complement.<\/p>\n<\/div>\n<p><strong>Note:<\/strong>\u00a0background buildings not included.<\/p>\n","protected":false},"excerpt":{"rendered":"<p>Publicidad futirista compatible con\u00a0<a href=\"http:\/\/infinitythegame.com\/\" target=\"_blank\"><strong>Infinity the game<\/strong><\/a><\/p>\n","protected":false},"featured_media":19474,"template":"","meta":{"_acf_changed":false},"product_brand":[],"product_cat":[1399,291],"product_tag":[151,306],"class_list":{"0":"post-19561","1":"product","2":"type-product","3":"status-publish","4":"has-post-thumbnail","6":"product_cat-escenografia-es","7":"product_cat-infinity-es-2","8":"product_tag-infinity-es","9":"product_tag-infinity-the-game-es-2","10":"pa_ilogo-acontecimiento","11":"pa_ilogo-aleph-es","12":"pa_ilogo-ariadna-es","13":"pa_ilogo-bakunin-es","14":"pa_ilogo-caledonios-es","15":"pa_ilogo-corregidor-es","16":"pa_ilogo-druze","17":"pa_ilogo-ejercito-combinado-es","18":"pa_ilogo-falange-de-acero-es","19":"pa_ilogo-onyx-es","20":"pa_ilogo-generico-es","21":"pa_ilogo-haqqislam-es","22":"pa_ilogo-hassassin-bahram-es","23":"pa_ilogo-ikari","24":"pa_ilogo-invencible-army-es","25":"pa_ilogo-jsa-es","26":"pa_ilogo-mercenarios-es","27":"pa_ilogo-merovingios-es","28":"pa_ilogo-morat-es","29":"pa_ilogo-neoterra-es","30":"pa_ilogo-nomadas-es","31":"pa_ilogo-not-aligned-es","32":"pa_ilogo-o-12-es","33":"pa_ilogo-ordenes-militares-es","34":"pa_ilogo-panceania","35":"pa_ilogo-qapu-khalqi-es","36":"pa_ilogo-servicio-imperial-es","37":"pa_ilogo-shasvastii-es","38":"pa_ilogo-scr-es","39":"pa_ilogo-starco","40":"pa_ilogo-subsection-sss","41":"pa_ilogo-tartary-army","42":"pa_ilogo-tohaa-es","43":"pa_ilogo-usariadna-es","44":"pa_ilogo-varuna","45":"pa_ilogo-yu-jing-es","47":"first","48":"instock","49":"taxable","50":"shipping-taxable","51":"purchasable","52":"product-type-variable"},"exclude_global_add_ons":[],"addons":[],"acf":[],"_links":{"self":[{"href":"https:\/\/www.customeeple.com\/es\/wp-json\/wp\/v2\/product\/19561","targetHints":{"allow":["GET"]}}],"collection":[{"href":"https:\/\/www.customeeple.com\/es\/wp-json\/wp\/v2\/product"}],"about":[{"href":"https:\/\/www.customeeple.com\/es\/wp-json\/wp\/v2\/types\/product"}],"wp:featuredmedia":[{"embeddable":true,"href":"https:\/\/www.customeeple.com\/es\/wp-json\/wp\/v2\/media\/19474"}],"wp:attachment":[{"href":"https:\/\/www.customeeple.com\/es\/wp-json\/wp\/v2\/media?parent=19561"}],"wp:term":[{"taxonomy":"product_brand","embeddable":true,"href":"https:\/\/www.customeeple.com\/es\/wp-json\/wp\/v2\/product_brand?post=19561"},{"taxonomy":"product_cat","embeddable":true,"href":"https:\/\/www.customeeple.com\/es\/wp-json\/wp\/v2\/product_cat?post=19561"},{"taxonomy":"product_tag","embeddable":true,"href":"https:\/\/www.customeeple.com\/es\/wp-json\/wp\/v2\/product_tag?post=19561"}],"curies":[{"name":"wp","href":"https:\/\/api.w.org\/{rel}","templated":true}]}}