{"id":19520,"date":"2015-12-21T11:56:26","date_gmt":"2015-12-21T10:56:26","guid":{"rendered":"http:\/\/www.customeeple.com\/es\/producto\/infinity-panic-room-its-sala-de-objetivos-v2\/"},"modified":"2015-12-22T12:20:07","modified_gmt":"2015-12-22T10:20:07","slug":"infinity-panic-room-its-sala-de-objetivos-v2","status":"publish","type":"product","link":"https:\/\/www.customeeple.com\/es\/producto\/infinity-panic-room-its-sala-de-objetivos-v2\/","title":{"rendered":"Infinity Panic Room ITS sala de objetivos -V2"},"content":{"rendered":"<p>Un edificio de <a href=\"http:\/\/infinitythegame.com\/\" target=\"_blank\"><strong>Infinity the game<\/strong><\/a>\u00a0dise\u00f1ado para la misi\u00f3nes ITS, que tambi\u00e9n puedes emplear como un edificio de escenograf\u00eda normal gracias a su techo doble funci\u00f3n.<\/p>\n<p>Cada habitaci\u00f3n del p\u00e1nico mide 20\u00d720 cm. Puedes emplearlo tanto de escenografia normal o retirar su techo y usarlo como suelo para poder jugar en su interior.<\/p>\n<p>Todas las fichas han sido fabricadas en colaboraci\u00f3n con <strong><a href=\"http:\/\/www.corvusbelli.com\/\">Corvus Belli<\/a><\/strong> para ser totalmente compatibles con <a href=\"http:\/\/infinitythegame.com\/\" target=\"_blank\"><strong>Infinity the game<\/strong><\/a>.<\/p>\n<p>El set contiene:<\/p>\n<ul>\n<li>4 \u2013 Muros de DM<\/li>\n<li>1 \u2013 Suelo\/techo de DM<\/li>\n<li>4 \u2013 Puertas de DM<\/li>\n<li>Decoraciones en cart\u00f3n de alta densidad<\/li>\n<\/ul>\n<p>\u00a0<\/p>\n<div class=\"moreinfo\"><strong>Material: <\/strong>DM y\u00a0cart\u00f3n de alta densidad<\/p>\n<p dir=\"ltr\"><strong>Espesor:<\/strong> 2,5 mm<\/p>\n<p dir=\"ltr\"><strong>Tama\u00f1o: <\/strong>20 x 20 cm<strong><br \/><\/strong><\/p>\n<p dir=\"ltr\"><strong>Cantidad:<\/strong> 1 edificio<\/p>\n<p><strong>Uso:<\/strong> Edificio de escenograf\u00eda compatible con las misiones del ITS de\u00a0 <a href=\"http:\/\/infinitythegame.com\/\" target=\"_blank\"><strong>Infinity the game<\/strong><\/a><\/p>\n<\/div>\n<p><strong>Nota: <\/strong>Miniaturas y accesorios no incluidos. El edificio se vende sin montar ni pintar, el montaje requiere pegamento.<\/p>\n","protected":false},"excerpt":{"rendered":"<p>Edificio de escenograf\u00eda de\u00a0 <strong><a href=\"http:\/\/www.infinitythegame.com\/infinity\/en\">Infinity the game\u00a0<\/a><\/strong><\/p>\n","protected":false},"featured_media":19490,"template":"","meta":{"_acf_changed":false},"product_brand":[],"product_cat":[1399,291,1394,1372],"product_tag":[151,306],"class_list":{"0":"post-19520","1":"product","2":"type-product","3":"status-publish","4":"has-post-thumbnail","6":"product_cat-escenografia-es","7":"product_cat-infinity-es-2","8":"product_cat-infinity-es","9":"product_cat-sci-fi-es","10":"product_tag-infinity-es","11":"product_tag-infinity-the-game-es-2","13":"first","14":"instock","15":"taxable","16":"shipping-taxable","17":"purchasable","18":"product-type-variable"},"exclude_global_add_ons":[],"addons":[],"acf":[],"_links":{"self":[{"href":"https:\/\/www.customeeple.com\/es\/wp-json\/wp\/v2\/product\/19520","targetHints":{"allow":["GET"]}}],"collection":[{"href":"https:\/\/www.customeeple.com\/es\/wp-json\/wp\/v2\/product"}],"about":[{"href":"https:\/\/www.customeeple.com\/es\/wp-json\/wp\/v2\/types\/product"}],"wp:featuredmedia":[{"embeddable":true,"href":"https:\/\/www.customeeple.com\/es\/wp-json\/wp\/v2\/media\/19490"}],"wp:attachment":[{"href":"https:\/\/www.customeeple.com\/es\/wp-json\/wp\/v2\/media?parent=19520"}],"wp:term":[{"taxonomy":"product_brand","embeddable":true,"href":"https:\/\/www.customeeple.com\/es\/wp-json\/wp\/v2\/product_brand?post=19520"},{"taxonomy":"product_cat","embeddable":true,"href":"https:\/\/www.customeeple.com\/es\/wp-json\/wp\/v2\/product_cat?post=19520"},{"taxonomy":"product_tag","embeddable":true,"href":"https:\/\/www.customeeple.com\/es\/wp-json\/wp\/v2\/product_tag?post=19520"}],"curies":[{"name":"wp","href":"https:\/\/api.w.org\/{rel}","templated":true}]}}