{"id":18937,"date":"2015-11-11T12:25:43","date_gmt":"2015-11-11T10:25:43","guid":{"rendered":"http:\/\/www.customeeple.com\/product\/malifaux-mansion-dollhouse\/"},"modified":"2016-02-28T18:11:30","modified_gmt":"2016-02-28T16:11:30","slug":"malifaux-mansion-dollhouse","status":"publish","type":"product","link":"https:\/\/www.customeeple.com\/es\/producto\/malifaux-mansion-dollhouse\/","title":{"rendered":"Malifaux Mansion \u00abDollhouse\u00bb"},"content":{"rendered":"<p style=\"font-family: Arial, Verdana; font-size: 13.3333px;\">Nuestros edificios de escenograf\u00eda para <strong><a href=\"http:\/\/www.wyrd-games.net\/\">Malifaux<\/a>\u00a0<\/strong>estan dise\u00f1ados para introducir al jugador en este mundo fant\u00e1stico y estan especialmente preparados para mejorar tu experiencia de juego. Siempre est\u00e1n dise\u00f1ados para encajar en el sistema de juego de\u00a0<strong style=\"font-size: 13.3333px;\"><a href=\"http:\/\/www.wyrd-games.net\/\">Malifaux<\/a><\/strong><\/p>\n<p style=\"font-family: Arial, Verdana; font-size: 13.3333px;\">\u00abDolhouse\u00bb una vieja mansion victoriana es perfecta para ser usada como la pieza central de una mesa de juego de\u00a0<strong style=\"font-size: 13.3333px;\"><a href=\"http:\/\/www.wyrd-games.net\/\">Malifaux<\/a>\u00a0<\/strong>puedes combinarla con nuestros otros productos<strong style=\"font-size: 13.3333px;\"> Dollhouse<\/strong>, para crear una mesa tem\u00e1tica<\/p>\n<p style=\"font-family: Arial, Verdana; font-size: 13.3333px;\">La casa esta construida de forma modular. De manera que cualquiera de sus pisos puede ser retirado para facilitar jugar en el interior del edificio. Todas las puertas pueden ser extra\u00eddas para facilitar las posibilidades de juego. En el exterior varios enrejados permiten escalar la casa y entra directamente en los pisos superiores.<\/p>\n<p style=\"font-family: Arial, Verdana; font-size: 13.3333px;\">Todas las piezas han sido dise\u00f1adas en colaboracion con\u00a0<strong><a href=\"http:\/\/www.wyrd-games.net\/\">Wyrd Games<\/a>\u00a0<\/strong>para ser completamente compatibles con<strong>\u00a0<\/strong>\u00a0<strong><a href=\"http:\/\/www.wyrd-games.net\/\">Malifaux<\/a>.<\/strong><\/p>\n<div class=\"moreinfo\" style=\"font-family: Arial, Verdana; font-size: 13.3333px;\">\n<p><strong style=\"font-size: 14px; line-height: 1.5em;\">Material:\u00a0<\/strong>MDF<\/p>\n<p dir=\"ltr\"><strong>Espesor:<\/strong>\u00a02,5 \u00a0mm<\/p>\n<p dir=\"ltr\"><strong>Tama\u00f1o:\u00a0<\/strong>\u00a025,5 x 20 x 29\u00a0cm\u00a0<strong><br \/><\/strong><\/p>\n<p dir=\"ltr\"><strong>Cantidad: <\/strong>1\u00a0mansion con tres pisos<\/p>\n<p><strong>Use:<\/strong>\u00a0Edificio de escenograf\u00eda compatible con <strong><a href=\"http:\/\/www.wyrd-games.net\/\">Malifaux<\/a><\/strong><\/p>\n<\/div>\n<div class=\"infopreorder\" style=\"font-family: Arial, Verdana; font-size: 13.3333px;\"><strong>Nota:<\/strong>\u00a0Miniaturas y accesorios no incluidos. Este producto se vende sin montar ni pintar, necesitaras pegamento para ensamblarlo.<\/div>\n","protected":false},"excerpt":{"rendered":"<p>Edificio de escenograf\u00eda compatible con<strong> \u00a0<a href=\"http:\/\/www.wyrd-games.net\/\">Malifaux<\/a><\/strong><\/p>\n","protected":false},"featured_media":17550,"template":"","meta":{"_acf_changed":false},"product_brand":[],"product_cat":[926,1671,922],"product_tag":[1652],"class_list":{"0":"post-18937","1":"product","2":"type-product","3":"status-publish","4":"has-post-thumbnail","6":"product_cat-escenografia-es-2","7":"product_cat-malifaux-es-3","8":"product_cat-malifaux-es","9":"product_tag-malifaux-es-2","11":"first","12":"instock","13":"taxable","14":"shipping-taxable","15":"purchasable","16":"product-type-simple"},"exclude_global_add_ons":[],"addons":[],"acf":[],"_links":{"self":[{"href":"https:\/\/www.customeeple.com\/es\/wp-json\/wp\/v2\/product\/18937","targetHints":{"allow":["GET"]}}],"collection":[{"href":"https:\/\/www.customeeple.com\/es\/wp-json\/wp\/v2\/product"}],"about":[{"href":"https:\/\/www.customeeple.com\/es\/wp-json\/wp\/v2\/types\/product"}],"wp:featuredmedia":[{"embeddable":true,"href":"https:\/\/www.customeeple.com\/es\/wp-json\/wp\/v2\/media\/17550"}],"wp:attachment":[{"href":"https:\/\/www.customeeple.com\/es\/wp-json\/wp\/v2\/media?parent=18937"}],"wp:term":[{"taxonomy":"product_brand","embeddable":true,"href":"https:\/\/www.customeeple.com\/es\/wp-json\/wp\/v2\/product_brand?post=18937"},{"taxonomy":"product_cat","embeddable":true,"href":"https:\/\/www.customeeple.com\/es\/wp-json\/wp\/v2\/product_cat?post=18937"},{"taxonomy":"product_tag","embeddable":true,"href":"https:\/\/www.customeeple.com\/es\/wp-json\/wp\/v2\/product_tag?post=18937"}],"curies":[{"name":"wp","href":"https:\/\/api.w.org\/{rel}","templated":true}]}}