{"id":18894,"date":"2015-11-11T11:14:09","date_gmt":"2015-11-11T09:14:09","guid":{"rendered":"http:\/\/www.customeeple.com\/es\/producto\/malifaux-jardinera-para-arboles-dollhouse\/"},"modified":"2019-11-08T17:13:17","modified_gmt":"2019-11-08T16:13:17","slug":"malifaux-jardinera-para-arboles-dollhouse","status":"publish","type":"product","link":"https:\/\/www.customeeple.com\/es\/producto\/malifaux-jardinera-para-arboles-dollhouse\/","title":{"rendered":"Malifaux jardinera para arboles \u00abDollhouse\u00bb"},"content":{"rendered":"<p>Un set de dos jardineras de DM para colocar tus \u00e1rboles o plantas de escenograf\u00eda. Puedes utilizarlas en als escenograf\u00eda de cualquier mesa de exteriores o urbano.<\/p>\n<p>Todas las piezas han sido dise\u00f1adas en colaboracion con <strong><a href=\"http:\/\/www.wyrd-games.net\/\">Wyrd games<\/a><\/strong><b>\u00a0<\/b>para ser totalmente compatibles con <strong><a href=\"http:\/\/www.wyrd-games.net\/malifaux\">Malifaux<\/a><\/strong><\/p>\n<p>\u00a0<\/p>\n<div class=\"moreinfo\">\n<p><strong style=\"font-size: 14px;line-height: 1.5em\">Material: <\/strong>DM<\/p>\n<p dir=\"ltr\"><strong>Espesor:<\/strong>\u00a03 mm<\/p>\n<p dir=\"ltr\"><strong>Tama\u00f1o: <\/strong>3 cm<\/p>\n<p dir=\"ltr\"><strong>Cantidad: <\/strong>5 marcadores<\/p>\n<p><strong>Uso:<\/strong>\u00a0Jardineras para plantas de escenograf\u00eda para\u00a0 <strong><a href=\"http:\/\/www.wyrd-games.net\/malifaux\">Malifaux<\/a><\/strong><\/p>\n<\/div>\n<div class=\"infopreorder\"><strong>Nota:<\/strong> Este producto se vende sin pintar ni montar, necesitara pegamento para ensamblarlo. Miniaturas y \u00e1rboles no incluidos<\/div>\n","protected":false},"excerpt":{"rendered":"<p>Jardineras de escenograf\u00eda para\u00a0<strong><a href=\"http:\/\/www.wyrd-games.net\/malifaux\">Malifaux<\/a><\/strong><\/p>\n","protected":false},"featured_media":17616,"template":"","meta":{"_acf_changed":false},"product_brand":[],"product_cat":[926,1671,922],"product_tag":[1652],"class_list":{"0":"post-18894","1":"product","2":"type-product","3":"status-publish","4":"has-post-thumbnail","6":"product_cat-escenografia-es-2","7":"product_cat-malifaux-es-3","8":"product_cat-malifaux-es","9":"product_tag-malifaux-es-2","11":"first","12":"instock","13":"taxable","14":"shipping-taxable","15":"purchasable","16":"product-type-simple"},"exclude_global_add_ons":[],"addons":[],"acf":[],"_links":{"self":[{"href":"https:\/\/www.customeeple.com\/es\/wp-json\/wp\/v2\/product\/18894","targetHints":{"allow":["GET"]}}],"collection":[{"href":"https:\/\/www.customeeple.com\/es\/wp-json\/wp\/v2\/product"}],"about":[{"href":"https:\/\/www.customeeple.com\/es\/wp-json\/wp\/v2\/types\/product"}],"wp:featuredmedia":[{"embeddable":true,"href":"https:\/\/www.customeeple.com\/es\/wp-json\/wp\/v2\/media\/17616"}],"wp:attachment":[{"href":"https:\/\/www.customeeple.com\/es\/wp-json\/wp\/v2\/media?parent=18894"}],"wp:term":[{"taxonomy":"product_brand","embeddable":true,"href":"https:\/\/www.customeeple.com\/es\/wp-json\/wp\/v2\/product_brand?post=18894"},{"taxonomy":"product_cat","embeddable":true,"href":"https:\/\/www.customeeple.com\/es\/wp-json\/wp\/v2\/product_cat?post=18894"},{"taxonomy":"product_tag","embeddable":true,"href":"https:\/\/www.customeeple.com\/es\/wp-json\/wp\/v2\/product_tag?post=18894"}],"curies":[{"name":"wp","href":"https:\/\/api.w.org\/{rel}","templated":true}]}}