{"id":18769,"date":"2015-11-10T13:44:04","date_gmt":"2015-11-10T12:44:04","guid":{"rendered":"http:\/\/www.customeeple.com\/es\/producto\/malifaux-cubiertas-de-base-callejuelas\/"},"modified":"2021-08-06T11:52:51","modified_gmt":"2021-08-06T10:52:51","slug":"malifaux-cubiertas-de-base-callejuelas","status":"publish","type":"product","link":"https:\/\/www.customeeple.com\/es\/producto\/malifaux-cubiertas-de-base-callejuelas\/","title":{"rendered":"Malifaux cubiertas de base Calles"},"content":{"rendered":"<div class=\"infopreorder\">Por lo general, el tama\u00f1o de la base de una miniatura es diferente al tama\u00f1o de la parte superior de la base, por ejemplo, una base de 30 mm de M2E Malifaux tiene 25 mm dentro del hueco, por lo que si no est\u00e1 seguro de lo que necesita, puedes verificar el tama\u00f1o de correlaci\u00f3n de base con la parte superior de la base<a href=\"http:\/\/www.customeeple.com\/base-top-size-guide\/\">\u00a0aqu\u00ed.<\/a><\/div>\n<p>Un pack de cubiertas de base decoradas con motivos de calles victorianas para tus miniaturas de\u00a0<strong><a href=\"http:\/\/www.wyrd-games.net\/malifaux\">Malifaux<\/a>.<\/strong>\u00a0Disponibles en: 30\/40 and 50mm para todo tipo de bases del juego<\/p>\n<p>Nuestras cubiertas de base <strong>. <\/strong>Son\u00a0finas cubiertas grabadas con un dise\u00f1o tem\u00e1tico. Est\u00e1n dise\u00f1adas para ser pegadas encima de una base standar de r <strong><a href=\"http:\/\/www.wyrd-games.net\/malifaux\">Malifaux<\/a>\u00a0<\/strong>y encajar perfectamente sin casi incrementar su grosor. Est\u00e1n fabricadas en\u00a0<strong>Carton de alta densidad:<\/strong> Una superficie de cart\u00f3n para modelismo muy resistente, similar al DM (MDF). Casi no se notar\u00e1 el grosor al pegarlo a la base ya que mide 0,32mm de alto.<\/p>\n<p>Todas las piezas han sido dise\u00f1adas en colaboracion con <strong><a href=\"http:\/\/www.wyrd-games.net\/\">Wyrd games<\/a><\/strong><b>\u00a0<\/b>para ser totalmente compatibles con <strong><a href=\"http:\/\/www.wyrd-games.net\/malifaux\">Malifaux<\/a><\/strong><\/p>\n<p>\u00a0<\/p>\n<div class=\"moreinfo\">\n<p><strong style=\"font-size: 14px; line-height: 1.5em;\">Material:\u00a0<\/strong>Cart\u00f3n de alta densidad<\/p>\n<p dir=\"ltr\"><strong>Espesor:<\/strong>\u00a0o,32 mm<\/p>\n<p dir=\"ltr\"><strong>Tama\u00f1o:\u00a0<\/strong>30\/40 or 50 mm<\/p>\n<p dir=\"ltr\"><strong>Cantidad: <\/strong>2 o\u00a05 cubiertas de base<\/p>\n<p><strong>Uso:<\/strong>\u00a0Cubiertas de base decorativas para tus miniaturas de\u00a0<strong><a href=\"http:\/\/www.wyrd-games.net\/malifaux\">Malifaux<\/a><\/strong><\/p>\n<\/div>\n<div class=\"infopreorder\"><strong>Nota:<\/strong> Este producto se vende sin pintar ni montar, necesitara pegamento para ensamblarlo.\u00a0El producto no incluye bases standar de\u00a0<strong><a href=\"http:\/\/www.wyrd-games.net\/malifaux\">Malifaux<\/a><\/strong><\/div>\n","protected":false},"excerpt":{"rendered":"<p>Cubiertas de base decorativas para\u00a0<strong><a href=\"http:\/\/www.wyrd-games.net\/malifaux\">Malifaux<\/a><\/strong><\/p>\n","protected":false},"featured_media":17562,"template":"","meta":{"_acf_changed":false},"product_brand":[],"product_cat":[304,1672,1370,1400,1671,1425,1623],"product_tag":[1652],"class_list":{"0":"post-18769","1":"product","2":"type-product","3":"status-publish","4":"has-post-thumbnail","6":"product_cat-bases-es","7":"product_cat-bases-es-4","8":"product_cat-customeeple-es","9":"product_cat-fantasia","10":"product_cat-malifaux-es-3","11":"product_cat-malifaux-es-2","12":"product_cat-wargames-es-2","13":"product_tag-malifaux-es-2","14":"pa_bsize-23mm-5-uds","15":"pa_bsize-25mm","16":"pa_bsize-40s","17":"pa_bsize-50s","19":"first","20":"instock","21":"taxable","22":"shipping-taxable","23":"purchasable","24":"product-type-variable"},"exclude_global_add_ons":[],"addons":[],"acf":[],"_links":{"self":[{"href":"https:\/\/www.customeeple.com\/es\/wp-json\/wp\/v2\/product\/18769","targetHints":{"allow":["GET"]}}],"collection":[{"href":"https:\/\/www.customeeple.com\/es\/wp-json\/wp\/v2\/product"}],"about":[{"href":"https:\/\/www.customeeple.com\/es\/wp-json\/wp\/v2\/types\/product"}],"wp:featuredmedia":[{"embeddable":true,"href":"https:\/\/www.customeeple.com\/es\/wp-json\/wp\/v2\/media\/17562"}],"wp:attachment":[{"href":"https:\/\/www.customeeple.com\/es\/wp-json\/wp\/v2\/media?parent=18769"}],"wp:term":[{"taxonomy":"product_brand","embeddable":true,"href":"https:\/\/www.customeeple.com\/es\/wp-json\/wp\/v2\/product_brand?post=18769"},{"taxonomy":"product_cat","embeddable":true,"href":"https:\/\/www.customeeple.com\/es\/wp-json\/wp\/v2\/product_cat?post=18769"},{"taxonomy":"product_tag","embeddable":true,"href":"https:\/\/www.customeeple.com\/es\/wp-json\/wp\/v2\/product_tag?post=18769"}],"curies":[{"name":"wp","href":"https:\/\/api.w.org\/{rel}","templated":true}]}}