{"id":18284,"date":"2015-11-09T23:25:53","date_gmt":"2015-11-09T21:25:54","guid":{"rendered":"http:\/\/www.customeeple.com\/es\/producto\/malifaux-marcadores-de-faccion-5-uds\/"},"modified":"2016-09-21T19:39:51","modified_gmt":"2016-09-21T17:39:51","slug":"malifaux-marcadores-de-faccion-5-uds","status":"publish","type":"product","link":"https:\/\/www.customeeple.com\/es\/producto\/malifaux-marcadores-de-faccion-5-uds\/","title":{"rendered":"Malifaux marcadores de facci\u00f3n (5 Uds)"},"content":{"rendered":"<p>Un set de 5 marcadores grabados con la facci\u00f3n de\u00a0<strong><a href=\"http:\/\/www.wyrd-games.net\/malifaux\">Malifaux<\/a>\u00a0<\/strong>a tu elecci\u00f3n para indicar cualquier funci\u00f3n de juego que necesites.<\/p>\n<p>Cada pack contiene 5 marcadores. Puedes elegir tanto el color como facci\u00f3n. Si no estas seguro de cual es el color id\u00f3neo para tus piezas puedes consultar nuestra p\u00e1gina de <em><a href=\"http:\/\/www.customeeple.com\/materials\/\"><strong>materiales<\/strong> <\/a><\/em><\/p>\n<p>Todas las piezas han sido dise\u00f1adas en colaboracion con <strong><a href=\"http:\/\/www.wyrd-games.net\/\">Wyrd games<\/a><\/strong><b>\u00a0<\/b>para ser totalmente compatibles con <strong><a href=\"http:\/\/www.wyrd-games.net\/malifaux\">Malifaux<\/a><\/strong><\/p>\n<p>&nbsp;<\/p>\n<div class=\"moreinfo\">\n<p><strong style=\"font-size: 14px; line-height: 1.5em;\">Material:\u00a0<\/strong>Metacrilato fluorescente<\/p>\n<p dir=\"ltr\"><strong>Espesor:<\/strong>\u00a03 mm<\/p>\n<p dir=\"ltr\"><strong>Tama\u00f1o:\u00a0<\/strong>3 x 3 cm<\/p>\n<p dir=\"ltr\"><strong>Cantidad: <\/strong>5 marcadores<\/p>\n<p><strong>Uso:<\/strong>\u00a0Marcadores gen\u00e9ricos para <strong><a href=\"http:\/\/www.wyrd-games.net\/malifaux\">Malifaux<\/a><\/strong><\/p>\n<\/div>\n<div class=\"infopreorder\"><strong>Nota:<\/strong>\u00a0Los colores de las piezas de metacrilato pueden variar ligeramente de las mostradas en la fotos<\/div>\n","protected":false},"excerpt":{"rendered":"<p>Set de marcadores de facci\u00f3n para\u00a0<strong><a href=\"http:\/\/www.wyrd-games.net\/malifaux\">Malifaux<\/a><\/strong><\/p>\n","protected":false},"featured_media":17574,"template":"","meta":{"_acf_changed":false},"product_brand":[],"product_cat":[1671,922,925],"product_tag":[1652,932],"class_list":{"0":"post-18284","1":"product","2":"type-product","3":"status-publish","4":"has-post-thumbnail","6":"product_cat-malifaux-es-3","7":"product_cat-malifaux-es","8":"product_cat-markerstokens-es-2","9":"product_tag-malifaux-es-2","10":"product_tag-malifaux-es","11":"pa_methacrylate-colors-amarill-fluor-mfye","12":"pa_methacrylate-colors-azul-fluor-mfbl-es","13":"pa_methacrylate-colors-dm","14":"pa_methacrylate-colors-humo-trans-mtsm","15":"pa_methacrylate-colors-naranja-fluor-mfor","16":"pa_methacrylate-colors-naranja-fluor-mfor-es","17":"pa_methacrylate-colors-magenta-fluor-mfma-es","18":"pa_methacrylate-colors-smoke-grey-mtsm","19":"pa_methacrylate-colors-transparente-mttr","20":"pa_methacrylate-colors-verde-trans-mtgr","21":"pa_methacrylate-colors-verde-fluor-mfgr","22":"pa_methacrylate-colors-violeta-movi","24":"first","25":"instock","26":"taxable","27":"shipping-taxable","28":"product-type-variable"},"exclude_global_add_ons":[],"addons":[],"acf":[],"_links":{"self":[{"href":"https:\/\/www.customeeple.com\/es\/wp-json\/wp\/v2\/product\/18284","targetHints":{"allow":["GET"]}}],"collection":[{"href":"https:\/\/www.customeeple.com\/es\/wp-json\/wp\/v2\/product"}],"about":[{"href":"https:\/\/www.customeeple.com\/es\/wp-json\/wp\/v2\/types\/product"}],"wp:featuredmedia":[{"embeddable":true,"href":"https:\/\/www.customeeple.com\/es\/wp-json\/wp\/v2\/media\/17574"}],"wp:attachment":[{"href":"https:\/\/www.customeeple.com\/es\/wp-json\/wp\/v2\/media?parent=18284"}],"wp:term":[{"taxonomy":"product_brand","embeddable":true,"href":"https:\/\/www.customeeple.com\/es\/wp-json\/wp\/v2\/product_brand?post=18284"},{"taxonomy":"product_cat","embeddable":true,"href":"https:\/\/www.customeeple.com\/es\/wp-json\/wp\/v2\/product_cat?post=18284"},{"taxonomy":"product_tag","embeddable":true,"href":"https:\/\/www.customeeple.com\/es\/wp-json\/wp\/v2\/product_tag?post=18284"}],"curies":[{"name":"wp","href":"https:\/\/api.w.org\/{rel}","templated":true}]}}