{"id":17778,"date":"2015-11-09T21:46:33","date_gmt":"2015-11-09T19:46:34","guid":{"rendered":"http:\/\/www.customeeple.com\/es\/producto\/malifaux-marcadores-de-envenenado-2-uds\/"},"modified":"2018-03-18T21:14:46","modified_gmt":"2018-03-18T19:14:46","slug":"malifaux-marcadores-de-envenenado-2-uds","status":"publish","type":"product","link":"https:\/\/www.customeeple.com\/es\/producto\/malifaux-marcadores-de-envenenado-2-uds\/","title":{"rendered":"Malifaux marcadores de envenenado (2 Uds)"},"content":{"rendered":"<p>Un set de marcadores para indicar cuando una unidad esta envenenada en&nbsp;<strong><a href=\"http:\/\/www.wyrd-games.net\/malifaux\" data-mce-href=\"http:\/\/www.wyrd-games.net\/malifaux\">Malifaux<\/a><\/strong><\/p>\n<p>Cada set contiene dos piezas.&nbsp;Para aquellos que usan una gran cantidad de fichas ahora puedes comprarlas con valor 3.<\/p>\n<p>Puedes tambi\u00e9n elegir el color de entre cualquiera de nuestra gama. Si no estas seguro de cual es el color id\u00f3neo para tus piezas puedes consultar nuestra p\u00e1gina de <em><a href=\"\/?page_id=8154\" data-mce-href=\"\/?page_id=8154\"><strong>materiales<\/strong> <\/a><\/em><\/p>\n<p>Todas las piezas han sido dise\u00f1adas en colaboraci\u00f3n con <strong><a href=\"http:\/\/www.wyrd-games.net\/\" data-mce-href=\"http:\/\/www.wyrd-games.net\/\">Wyrd games<\/a><\/strong><b>&nbsp;<\/b>para ser totalmente compatibles con <strong><a href=\"http:\/\/www.wyrd-games.net\/malifaux\" data-mce-href=\"http:\/\/www.wyrd-games.net\/malifaux\">Malifaux<\/a><\/strong><\/p>\n<p><br data-mce-bogus=\"1\"><\/p>\n<div class=\"moreinfo\">\n<p><strong style=\"font-size: 14px; line-height: 1.5em;\" data-mce-style=\"font-size: 14px; line-height: 1.5em;\">Material:&nbsp;<\/strong>Metacrilato fluorescente<\/p>\n<p dir=\"ltr\"><strong>Espesor:<\/strong>&nbsp;3 mm<\/p>\n<p dir=\"ltr\"><strong>Tama\u00f1o:&nbsp;<\/strong>1,8&nbsp;cm<\/p>\n<p dir=\"ltr\"><strong>Cantidad: <\/strong>2&nbsp;marcadores<\/p>\n<p><strong>Uso:<\/strong>&nbsp;Marca el estado tus miniaturas en<b>&nbsp;<strong><a href=\"http:\/\/www.wyrd-games.net\/malifaux\" data-mce-href=\"http:\/\/www.wyrd-games.net\/malifaux\">Malifaux<\/a><\/strong><\/b><\/p>\n<\/div>\n<div class=\"infopreorder\"><strong>Nota:<\/strong>&nbsp;Los colores de las piezas de metacrilato pueden variar ligeramente de las mostradas en la foto<\/div>\n","protected":false},"excerpt":{"rendered":"<p>Marcadores de envenenado para&nbsp;<strong><a href=\"http:\/\/www.wyrd-games.net\/malifaux\" data-mce-href=\"http:\/\/www.wyrd-games.net\/malifaux\">Malifaux<\/a><\/strong><\/p>\n","protected":false},"featured_media":17594,"template":"","meta":{"_acf_changed":false},"product_brand":[],"product_cat":[1671,922,925],"product_tag":[932,1652],"class_list":{"0":"post-17778","1":"product","2":"type-product","3":"status-publish","4":"has-post-thumbnail","6":"product_cat-malifaux-es-3","7":"product_cat-malifaux-es","8":"product_cat-markerstokens-es-2","9":"product_tag-malifaux-es","10":"product_tag-malifaux-es-2","11":"pa_methacrylate-colors-dm","12":"pa_methacrylate-colors-magenta-fluor-mfma-es","13":"pa_methacrylate-colors-verde-fluor-mfgr","15":"first","16":"instock","17":"taxable","18":"shipping-taxable","19":"product-type-variable"},"exclude_global_add_ons":[],"addons":[],"acf":[],"_links":{"self":[{"href":"https:\/\/www.customeeple.com\/es\/wp-json\/wp\/v2\/product\/17778","targetHints":{"allow":["GET"]}}],"collection":[{"href":"https:\/\/www.customeeple.com\/es\/wp-json\/wp\/v2\/product"}],"about":[{"href":"https:\/\/www.customeeple.com\/es\/wp-json\/wp\/v2\/types\/product"}],"wp:featuredmedia":[{"embeddable":true,"href":"https:\/\/www.customeeple.com\/es\/wp-json\/wp\/v2\/media\/17594"}],"wp:attachment":[{"href":"https:\/\/www.customeeple.com\/es\/wp-json\/wp\/v2\/media?parent=17778"}],"wp:term":[{"taxonomy":"product_brand","embeddable":true,"href":"https:\/\/www.customeeple.com\/es\/wp-json\/wp\/v2\/product_brand?post=17778"},{"taxonomy":"product_cat","embeddable":true,"href":"https:\/\/www.customeeple.com\/es\/wp-json\/wp\/v2\/product_cat?post=17778"},{"taxonomy":"product_tag","embeddable":true,"href":"https:\/\/www.customeeple.com\/es\/wp-json\/wp\/v2\/product_tag?post=17778"}],"curies":[{"name":"wp","href":"https:\/\/api.w.org\/{rel}","templated":true}]}}