{"id":17644,"date":"2015-11-09T19:43:04","date_gmt":"2015-11-09T17:43:04","guid":{"rendered":""},"modified":"2018-03-18T21:23:23","modified_gmt":"2018-03-18T19:23:23","slug":"malifaux-marcadores-de-ardiendo-5-uds","status":"publish","type":"product","link":"https:\/\/www.customeeple.com\/es\/producto\/malifaux-marcadores-de-ardiendo-5-uds\/","title":{"rendered":"Malifaux Marcadores de ardiendo (5 Uds)"},"content":{"rendered":"<p>Un set de marcadores para indicar el estado de\u00a0ardiendo en\u00a0\u00a0<strong><a href=\"http:\/\/www.wyrd-games.net\/malifaux\">Malifaux<\/a><\/strong><\/p>\n<p>Cada set contiene cinco\u00a0piezas. Para aquellos que usan una gran cantidad de fichas ahora puedes comprarlas con valor 3.<\/p>\n<p>Puedes tambi\u00e9n elegir el color de entre cualquiera de nuestra gama. Si no estas seguro de cual es el color id\u00f3neo para tus piezas puedes consultar nuestra p\u00e1gina de <em><a href=\"\/?page_id=8154\"><strong>materiales<\/strong> <\/a><\/em><\/p>\n<p>Todas las piezas han sido dise\u00f1adas en colaboracion con <strong><a href=\"http:\/\/www.wyrd-games.net\/\">Wyrd games<\/a><\/strong><b>\u00a0<\/b>para ser totalmente compatibles con <strong><a href=\"http:\/\/www.wyrd-games.net\/malifaux\">Malifaux<\/a><\/strong><\/p>\n<p>&nbsp;<\/p>\n<div class=\"moreinfo\">\n<p><strong style=\"font-size: 14px; line-height: 1.5em;\">Material:\u00a0<\/strong>Metacrilato fluorescente<\/p>\n<p dir=\"ltr\"><strong>Espesor:<\/strong>\u00a03 mm<\/p>\n<p dir=\"ltr\"><strong>Tama\u00f1o:<\/strong>\u00a02 x 2 cm<\/p>\n<p dir=\"ltr\"><strong>Cantidad: <\/strong>5 marcadores<\/p>\n<p><strong>Uso:<\/strong>\u00a0Marca el estado de tus unidades en <strong><a href=\"http:\/\/www.wyrd-games.net\/malifaux\">Malifaux<\/a><\/strong><\/p>\n<\/div>\n<div class=\"infopreorder\"><strong>Nota:<\/strong>\u00a0Los colores de las piezas de metacrilato pueden variar ligeramente de las mostradas en la foto<\/div>\n","protected":false},"excerpt":{"rendered":"<p>Set de marcadores para indicar el estado ardiendo en\u00a0\u00a0<strong><a href=\"http:\/\/www.wyrd-games.net\/malifaux\">Malifaux<\/a><\/strong><\/p>\n","protected":false},"featured_media":18889,"template":"","meta":{"_acf_changed":false},"product_brand":[],"product_cat":[1671,922,925],"product_tag":[932,1652],"class_list":{"0":"post-17644","1":"product","2":"type-product","3":"status-publish","4":"has-post-thumbnail","6":"product_cat-malifaux-es-3","7":"product_cat-malifaux-es","8":"product_cat-markerstokens-es-2","9":"product_tag-malifaux-es","10":"product_tag-malifaux-es-2","11":"pa_methacrylate-colors-dm","12":"pa_methacrylate-colors-naranja-fluor-mfor-es","13":"pa_methacrylate-colors-naranja-fluor-mfor","14":"pa_methacrylate-colors-magenta-fluor-mfma-es","16":"first","17":"instock","18":"taxable","19":"shipping-taxable","20":"product-type-variable"},"exclude_global_add_ons":[],"addons":[],"acf":[],"_links":{"self":[{"href":"https:\/\/www.customeeple.com\/es\/wp-json\/wp\/v2\/product\/17644","targetHints":{"allow":["GET"]}}],"collection":[{"href":"https:\/\/www.customeeple.com\/es\/wp-json\/wp\/v2\/product"}],"about":[{"href":"https:\/\/www.customeeple.com\/es\/wp-json\/wp\/v2\/types\/product"}],"wp:featuredmedia":[{"embeddable":true,"href":"https:\/\/www.customeeple.com\/es\/wp-json\/wp\/v2\/media\/18889"}],"wp:attachment":[{"href":"https:\/\/www.customeeple.com\/es\/wp-json\/wp\/v2\/media?parent=17644"}],"wp:term":[{"taxonomy":"product_brand","embeddable":true,"href":"https:\/\/www.customeeple.com\/es\/wp-json\/wp\/v2\/product_brand?post=17644"},{"taxonomy":"product_cat","embeddable":true,"href":"https:\/\/www.customeeple.com\/es\/wp-json\/wp\/v2\/product_cat?post=17644"},{"taxonomy":"product_tag","embeddable":true,"href":"https:\/\/www.customeeple.com\/es\/wp-json\/wp\/v2\/product_tag?post=17644"}],"curies":[{"name":"wp","href":"https:\/\/api.w.org\/{rel}","templated":true}]}}