{"id":17263,"date":"2015-11-26T09:10:21","date_gmt":"2015-11-26T08:10:21","guid":{"rendered":""},"modified":"2015-11-26T19:45:06","modified_gmt":"2015-11-26T17:45:06","slug":"kings-of-war-diales-de-dano-3-uds","status":"publish","type":"product","link":"https:\/\/www.customeeple.com\/es\/producto\/kings-of-war-diales-de-dano-3-uds\/","title":{"rendered":"Kings of war diales de da\u00f1o (3 uds)"},"content":{"rendered":"<p>Un pack de 3 diales para\u00a0<strong><a href=\"http:\/\/www.manticgames.com\/mantic-shop\/kings-of-war.html\">Kings of war<\/a>\u00a0<\/strong>colocalos al lado de las unidades del juego y marca el da\u00f1o que han recibido<\/p>\n<p>Nuestros diales usan imanes para hacer sus giros lo que permite moverlos f\u00e1cilmente pero tambi\u00e9n que se queden en la posici\u00f3n deseada<\/p>\n<p>Todas las piezas han sido dise\u00f1adas en colaboracion con\u00a0<b><a href=\"http:\/\/www.manticgames.com\/home.html\">Mantic Games<\/a>\u00a0<\/b>para ser totalmente compatibles con\u00a0<strong><a href=\"http:\/\/www.manticgames.com\/mantic-shop\/kings-of-war.html\">Kings of war<\/a><\/strong><\/p>\n<p><strong style=\"font-size: 14px; line-height: 1.5em;\">Material: <\/strong>DM e imanes de neodimio<\/p>\n<div class=\"moreinfo\">\n<p dir=\"ltr\"><strong>Espesor:<\/strong>\u00a02,5 mm\u00a0<\/p>\n<p dir=\"ltr\"><strong>Tama\u00f1o:\u00a0<\/strong>4 cm<\/p>\n<p dir=\"ltr\"><strong>Cantidad:\u00a0<\/strong>3 diales de da\u00f1o<\/p>\n<p><strong>Uso:<\/strong>\u00a0Lleva la cuenta del da\u00f1o de tus unidades en \u00a0<strong><a href=\"http:\/\/www.manticgames.com\/mantic-shop\/kings-of-war.html\">kings of war\u00a0<\/a><\/strong><\/p>\n<\/div>\n<div class=\"infopreorder\"><strong>Nota:<\/strong>\u00a0Este producto se vende sin montar<\/div>\n","protected":false},"excerpt":{"rendered":"<p>Diales para marcar el da\u00f1o en las unidades de <strong><a href=\"http:\/\/www.manticgames.com\/mantic-shop\/kings-of-war.html\">Kings of war<\/a><\/strong><\/p>\n","protected":false},"featured_media":17423,"template":"","meta":{"_acf_changed":false},"product_brand":[],"product_cat":[1370,917],"product_tag":[],"class_list":{"0":"post-17263","1":"product","2":"type-product","3":"status-publish","4":"has-post-thumbnail","6":"product_cat-customeeple-es","7":"product_cat-kings-of-war-es","9":"first","10":"instock","11":"taxable","12":"shipping-taxable","13":"purchasable","14":"product-type-simple"},"exclude_global_add_ons":[],"addons":[],"acf":[],"_links":{"self":[{"href":"https:\/\/www.customeeple.com\/es\/wp-json\/wp\/v2\/product\/17263","targetHints":{"allow":["GET"]}}],"collection":[{"href":"https:\/\/www.customeeple.com\/es\/wp-json\/wp\/v2\/product"}],"about":[{"href":"https:\/\/www.customeeple.com\/es\/wp-json\/wp\/v2\/types\/product"}],"wp:featuredmedia":[{"embeddable":true,"href":"https:\/\/www.customeeple.com\/es\/wp-json\/wp\/v2\/media\/17423"}],"wp:attachment":[{"href":"https:\/\/www.customeeple.com\/es\/wp-json\/wp\/v2\/media?parent=17263"}],"wp:term":[{"taxonomy":"product_brand","embeddable":true,"href":"https:\/\/www.customeeple.com\/es\/wp-json\/wp\/v2\/product_brand?post=17263"},{"taxonomy":"product_cat","embeddable":true,"href":"https:\/\/www.customeeple.com\/es\/wp-json\/wp\/v2\/product_cat?post=17263"},{"taxonomy":"product_tag","embeddable":true,"href":"https:\/\/www.customeeple.com\/es\/wp-json\/wp\/v2\/product_tag?post=17263"}],"curies":[{"name":"wp","href":"https:\/\/api.w.org\/{rel}","templated":true}]}}