{"id":17251,"date":"2015-11-26T09:23:18","date_gmt":"2015-10-22T07:23:18","guid":{"rendered":""},"modified":"2015-11-26T19:43:52","modified_gmt":"2015-11-26T17:43:52","slug":"kings-of-war-indicador-de-turno","status":"publish","type":"product","link":"https:\/\/www.customeeple.com\/es\/producto\/kings-of-war-indicador-de-turno\/","title":{"rendered":"Kings of war Indicador de turno"},"content":{"rendered":"<p>Un \u00fatil sistema para llevar las cuenta de tus turnos en \u00a0<strong><a href=\"http:\/\/www.manticgames.com\/mantic-shop\/kings-of-war.html\">Kings of war<\/a>. <\/strong>El d\u00edal va numerado del 1 al 6 con un espacio especial para el s\u00e9ptimo turno \u00a0extra<\/p>\n<p>Nuestros diales usan imanes para hacer sus giros lo que permite moverlos f\u00e1cilmente pero tambi\u00e9n que se queden en la posici\u00f3n deseada<\/p>\n<p>Todas las piezas han sido dise\u00f1adas en colaboracion con\u00a0<b><a href=\"http:\/\/www.manticgames.com\/home.html\">Mantic Games<\/a>\u00a0<\/b>para ser totalmente compatibles con\u00a0<strong><a href=\"http:\/\/www.manticgames.com\/mantic-shop\/kings-of-war.html\">Kings of war<\/a><\/strong><\/p>\n<div class=\"moreinfo\">\n<p><strong style=\"font-size: 14px; line-height: 1.5em;\">Material: <\/strong>DM y un im\u00e1n de Neodimio<\/p>\n<p dir=\"ltr\"><strong>Espesor:<\/strong>\u00a02,5 mm\u00a0<\/p>\n<p dir=\"ltr\"><strong>Tama\u00f1o: <\/strong>7<strong>\u00a0<\/strong>cm<\/p>\n<p dir=\"ltr\"><strong>Cantidad: <\/strong>1 marcador de turno<\/p>\n<p><strong>Uso:<\/strong>\u00a0Lleva la cuenta del turno en\u00a0<strong><a href=\"http:\/\/www.manticgames.com\/mantic-shop\/kings-of-war.html\">Kings of war<\/a><\/strong><\/p>\n<\/div>\n<div class=\"infopreorder\"><strong>Nota:<\/strong>\u00a0Este producto se vende sin montar<\/div>\n","protected":false},"excerpt":{"rendered":"<p>D\u00edal para marcar los turnos en\u00a0\u00a0<strong><a href=\"http:\/\/www.manticgames.com\/mantic-shop\/kings-of-war.html\">Kings of war<\/a><\/strong><\/p>\n","protected":false},"featured_media":17417,"template":"","meta":{"_acf_changed":false},"product_brand":[],"product_cat":[917],"product_tag":[],"class_list":{"0":"post-17251","1":"product","2":"type-product","3":"status-publish","4":"has-post-thumbnail","6":"product_cat-kings-of-war-es","8":"first","9":"instock","10":"taxable","11":"shipping-taxable","12":"purchasable","13":"product-type-simple"},"exclude_global_add_ons":[],"addons":[],"acf":[],"_links":{"self":[{"href":"https:\/\/www.customeeple.com\/es\/wp-json\/wp\/v2\/product\/17251","targetHints":{"allow":["GET"]}}],"collection":[{"href":"https:\/\/www.customeeple.com\/es\/wp-json\/wp\/v2\/product"}],"about":[{"href":"https:\/\/www.customeeple.com\/es\/wp-json\/wp\/v2\/types\/product"}],"wp:featuredmedia":[{"embeddable":true,"href":"https:\/\/www.customeeple.com\/es\/wp-json\/wp\/v2\/media\/17417"}],"wp:attachment":[{"href":"https:\/\/www.customeeple.com\/es\/wp-json\/wp\/v2\/media?parent=17251"}],"wp:term":[{"taxonomy":"product_brand","embeddable":true,"href":"https:\/\/www.customeeple.com\/es\/wp-json\/wp\/v2\/product_brand?post=17251"},{"taxonomy":"product_cat","embeddable":true,"href":"https:\/\/www.customeeple.com\/es\/wp-json\/wp\/v2\/product_cat?post=17251"},{"taxonomy":"product_tag","embeddable":true,"href":"https:\/\/www.customeeple.com\/es\/wp-json\/wp\/v2\/product_tag?post=17251"}],"curies":[{"name":"wp","href":"https:\/\/api.w.org\/{rel}","templated":true}]}}