{"id":17224,"date":"2015-11-26T10:56:20","date_gmt":"2015-10-19T09:56:20","guid":{"rendered":""},"modified":"2015-11-26T16:39:55","modified_gmt":"2015-11-26T14:39:55","slug":"kings-of-war-mina-enana","status":"publish","type":"product","link":"https:\/\/www.customeeple.com\/es\/producto\/kings-of-war-mina-enana\/","title":{"rendered":"Kings of war Mina enana"},"content":{"rendered":"<p>Nuestros edificios de escenograf\u00eda para <strong><a href=\"http:\/\/www.manticgames.com\/mantic-shop\/kings-of-war.html\">Kings of War\u00a0<\/a><\/strong>est\u00e1n dise\u00f1ados para introducir al jugador en el fant\u00e1stico mundo de Mantica y se preparan especialmente para ser una pieza de juego muy destacada. Han sido\u00a0dise\u00f1ados para encajar perfectamente en el sistema de juego de Kings of War.<\/p>\n<p>Una mina enana utilizable como elementos de escenograf\u00eda. Puedes utilizarla en cualquier batalla que involucre a la facci\u00f3n o como un elemento destacado de escenograf\u00eda<\/p>\n<p>Todas las piezas han sido dise\u00f1adas en colaboracion con\u00a0<b><a href=\"http:\/\/www.manticgames.com\/home.html\">Mantic Games<\/a>\u00a0<\/b>para ser totalmente compatibles con\u00a0<strong><a href=\"http:\/\/www.manticgames.com\/mantic-shop\/kings-of-war.html\">Kings of war<\/a><\/strong><\/p>\n<p><strong style=\"font-size: 14px; line-height: 1.5em;\">Material: <\/strong>DM<\/p>\n<div class=\"moreinfo\">\n<p dir=\"ltr\"><strong>Espesor:<\/strong>\u00a02,5 mm<\/p>\n<p dir=\"ltr\"><strong>Tama\u00f1o: <\/strong>15 x 13 x 9 cm<\/p>\n<p dir=\"ltr\"><strong>Cantidad: <\/strong>1 entrada a la mina<\/p>\n<p><strong>Uso:<\/strong>\u00a0Escenograf\u00eda compatible\u00a0\u00a0<strong><a href=\"http:\/\/www.manticgames.com\/mantic-shop\/kings-of-war.html\">Kings of war<\/a><\/strong><\/p>\n<\/div>\n<div class=\"infopreorder\"><strong>Nota:<\/strong> Miniaturas y accesorios no incluidos. Este producto se vende sin montar ni pintar y necesita pegamento para su montaje<\/div>\n","protected":false},"excerpt":{"rendered":"<p>Edificio de escenograf\u00eda para\u00a0<strong><a href=\"http:\/\/www.manticgames.com\/mantic-shop\/kings-of-war.html\">Kings of war<\/a><\/strong><\/p>\n","protected":false},"featured_media":17407,"template":"","meta":{"_acf_changed":false},"product_brand":[],"product_cat":[917],"product_tag":[],"class_list":{"0":"post-17224","1":"product","2":"type-product","3":"status-publish","4":"has-post-thumbnail","6":"product_cat-kings-of-war-es","8":"first","9":"instock","10":"taxable","11":"shipping-taxable","12":"purchasable","13":"product-type-simple"},"exclude_global_add_ons":[],"addons":[],"acf":[],"_links":{"self":[{"href":"https:\/\/www.customeeple.com\/es\/wp-json\/wp\/v2\/product\/17224","targetHints":{"allow":["GET"]}}],"collection":[{"href":"https:\/\/www.customeeple.com\/es\/wp-json\/wp\/v2\/product"}],"about":[{"href":"https:\/\/www.customeeple.com\/es\/wp-json\/wp\/v2\/types\/product"}],"wp:featuredmedia":[{"embeddable":true,"href":"https:\/\/www.customeeple.com\/es\/wp-json\/wp\/v2\/media\/17407"}],"wp:attachment":[{"href":"https:\/\/www.customeeple.com\/es\/wp-json\/wp\/v2\/media?parent=17224"}],"wp:term":[{"taxonomy":"product_brand","embeddable":true,"href":"https:\/\/www.customeeple.com\/es\/wp-json\/wp\/v2\/product_brand?post=17224"},{"taxonomy":"product_cat","embeddable":true,"href":"https:\/\/www.customeeple.com\/es\/wp-json\/wp\/v2\/product_cat?post=17224"},{"taxonomy":"product_tag","embeddable":true,"href":"https:\/\/www.customeeple.com\/es\/wp-json\/wp\/v2\/product_tag?post=17224"}],"curies":[{"name":"wp","href":"https:\/\/api.w.org\/{rel}","templated":true}]}}