{"id":17071,"date":"2015-10-06T10:33:37","date_gmt":"2015-10-06T08:33:38","guid":{"rendered":""},"modified":"2016-05-27T10:23:35","modified_gmt":"2016-05-27T08:23:35","slug":"pack-de-marcadores-kensei-49-uds","status":"publish","type":"product","link":"https:\/\/www.customeeple.com\/es\/producto\/pack-de-marcadores-kensei-49-uds\/","title":{"rendered":"Pack de Marcadores Kensei (49 uds)"},"content":{"rendered":"<p>Un completo pack de marcadores para el juego\u00a0<strong><a href=\"http:\/\/kensei.zenitminiatures.es\/index.php\/en\/\">Kensei<\/a>. <\/strong>Utilizalos para indicar las \u00f3rdenes que has dado a cada miniatura asi como los efectos activos en la mesa de juego.<\/p>\n<p>En cada marcador puedes insertar una peque\u00f1a bandera de metacrilato con el logo de tu facci\u00f3n as\u00ed puedes indicar a quien has dado cada orden. Las banderas siguen un c\u00f3digo de colores y vienen en pares. De esa manera puedes utilizar una en un disco para la miniatura que rcibe la orden y la otra en el objetivo en una de las peanas gen\u00e9ricas.<\/p>\n<p>El pack contiene los siguientes marcadores:<\/p>\n<ul>\n<li><strong><em>2 Movimiento<\/em><\/strong><\/li>\n<li><strong><em>2 Hu\u00edda<\/em><\/strong><\/li>\n<li><strong><em>5 Marcha<\/em><\/strong><\/li>\n<li><strong><em>3 Disparo<\/em><\/strong><\/li>\n<li><strong><em>3 Recarga<\/em><\/strong><\/li>\n<li><strong><em>3 Carga<\/em><\/strong><\/li>\n<li><strong><em>3 Acci\u00f3n especial<\/em><\/strong><\/li>\n<li><strong><em>2 Lanzamiento de hechizos<\/em><\/strong><\/li>\n<li><strong><em>2 Interrupci\u00f3n de hechizo<\/em><\/strong><\/li>\n<li><strong><em>1 Reagrupar<\/em><\/strong><\/li>\n<li><strong><em>2 Alerta<\/em><\/strong><\/li>\n<li><em><strong>2 contracarga<\/strong><\/em><\/li>\n<li><strong><em>2 Aguantar y disparar<\/em><\/strong><\/li>\n<li><strong><em>2 Aguantar y combatir<\/em><\/strong><\/li>\n<li><em><strong>5 bases de MDF\u00a0gen\u00e9ricas para indicar los objetivos de las \u00f3rdenes<\/strong><\/em><\/li>\n<li><strong><em>10 banderas en metacrilato con el logo de la facci\u00f3n que elijas\u00a0(2 de cada color)<\/em><\/strong><\/li>\n<\/ul>\n<p>Todas las piezas han sido dise\u00f1adas en colaboraci\u00f3n con\u00a0\u00a0<strong><a href=\"http:\/\/www.zenitminiatures.es\/\">Zenit miniatures<\/a><\/strong>\u00a0para ser completamente compatibles con el juego\u00a0<b><a href=\"http:\/\/kensei.zenitminiatures.es\/index.php\/en\/\">Kensei<\/a><\/b><\/p>\n<div>\n<div class=\"moreinfo\">\n<p><strong>Material: <\/strong>Metacrilato Fluorescente y DM<\/p>\n<p dir=\"ltr\"><strong>Espesor:<\/strong>\u00a03 mm<\/p>\n<p dir=\"ltr\"><strong>Tama\u00f1o:<\/strong>\u00a0Discos de 2cm<\/p>\n<p dir=\"ltr\"><strong>Cantidad:<\/strong> 49 Unidades<\/p>\n<p><strong>Uso:\u00a0Set de ordenes para <strong><a href=\"http:\/\/kensei.zenitminiatures.es\/index.php\/en\/\">Kensei<\/a><\/strong><\/strong><\/p>\n<\/div>\n<div class=\"infopreorder\"><strong>Nota:<\/strong> Los colores de las piezas de metacrilato pueden variar ligeramente de los mostrados en la foto.<\/div>\n<\/div>\n","protected":false},"excerpt":{"rendered":"<p>Un completo set de fichas de marcadores para el juego <strong><a href=\"http:\/\/kensei.zenitminiatures.es\/index.php\/en\/\">Kensei<\/a><\/strong><\/p>\n","protected":false},"featured_media":17136,"template":"","meta":{"_acf_changed":false},"product_brand":[],"product_cat":[1370,1400,78],"product_tag":[],"class_list":{"0":"post-17071","1":"product","2":"type-product","3":"status-publish","4":"has-post-thumbnail","6":"product_cat-customeeple-es","7":"product_cat-fantasia","8":"product_cat-meeple-2","10":"first","11":"instock","12":"taxable","13":"shipping-taxable","14":"purchasable","15":"product-type-variable"},"exclude_global_add_ons":[],"addons":[],"acf":[],"_links":{"self":[{"href":"https:\/\/www.customeeple.com\/es\/wp-json\/wp\/v2\/product\/17071","targetHints":{"allow":["GET"]}}],"collection":[{"href":"https:\/\/www.customeeple.com\/es\/wp-json\/wp\/v2\/product"}],"about":[{"href":"https:\/\/www.customeeple.com\/es\/wp-json\/wp\/v2\/types\/product"}],"wp:featuredmedia":[{"embeddable":true,"href":"https:\/\/www.customeeple.com\/es\/wp-json\/wp\/v2\/media\/17136"}],"wp:attachment":[{"href":"https:\/\/www.customeeple.com\/es\/wp-json\/wp\/v2\/media?parent=17071"}],"wp:term":[{"taxonomy":"product_brand","embeddable":true,"href":"https:\/\/www.customeeple.com\/es\/wp-json\/wp\/v2\/product_brand?post=17071"},{"taxonomy":"product_cat","embeddable":true,"href":"https:\/\/www.customeeple.com\/es\/wp-json\/wp\/v2\/product_cat?post=17071"},{"taxonomy":"product_tag","embeddable":true,"href":"https:\/\/www.customeeple.com\/es\/wp-json\/wp\/v2\/product_tag?post=17071"}],"curies":[{"name":"wp","href":"https:\/\/api.w.org\/{rel}","templated":true}]}}