{"id":13382,"date":"2015-07-04T19:29:37","date_gmt":"2015-07-04T18:29:37","guid":{"rendered":""},"modified":"2015-09-23T10:04:43","modified_gmt":"2015-09-23T08:04:43","slug":"infinity-cajas-usariadna-4-unidades","status":"publish","type":"product","link":"https:\/\/www.customeeple.com\/es\/producto\/infinity-cajas-usariadna-4-unidades\/","title":{"rendered":"Infinity Cajas USAriadna  (4 uds)"},"content":{"rendered":"<p>Nuestro set consiste en 1 caja grande y 3 peque\u00f1as que pueden ser usadas como escenograf\u00eda. Todas las cajas est\u00e1n dise\u00f1adas como cajas de suministros y con el logotipo USAriadna grabado en ellas.<\/p>\n<p>Puedes ensamblarlas unas encima de otras para componer diferentes piezas del paisaje.<strong>\u00a0<\/strong><\/p>\n<p>Todas nuestras piezas han sido dise\u00f1adas en colaboraci\u00f3n con\u00a0<strong><a href=\"http:\/\/www.corvusbelli.com\/\">Corvus Belli<\/a><\/strong> y son perfectamente compatibles con <a href=\"http:\/\/infinitythegame.com\/\" target=\"_blank\"><strong>Infinity the game<\/strong><\/a>.<\/p>\n<p>El producto se env\u00eda sin montar y sin pintar. Las fotos solo muestran sugerencias de presentaci\u00f3n.<\/p>\n<div class=\"moreinfo\">\n<p><strong>Material: <\/strong>DM<\/p>\n<p dir=\"ltr\"><strong>Espesor:<\/strong> 2,5 mm<\/p>\n<p dir=\"ltr\"><strong>Tama\u00f1o:<strong><br \/>\n<\/strong><\/strong>Grande: 5,7 x 3,9 cm<br \/>\nPeque\u00f1as: 3,9 x 2,8 cm<strong><br \/>\n<\/strong><\/p>\n<p dir=\"ltr\"><strong>Cantidad:<\/strong> 1 caja grande y 3 peque\u00f1as<strong><strong>.<\/strong><\/strong><\/p>\n<p><strong>Uso: <\/strong>Escenograf\u00eda de juego.<\/p>\n<\/div>\n<div class=\"infopreorder\"><strong>Nota:<\/strong> Escenograf\u00eda no incluida.\u00a0El producto se env\u00eda sin montar y sin pintar. Las fotos solo muestran sugerencias de presentaci\u00f3n.<\/div>\n","protected":false},"excerpt":{"rendered":"<p>Cajas del ejercito para escenograf\u00eda en\u00a0<strong><a href=\"http:\/\/www.infinitythegame.com\/infinity\/en\">Infinity the game<\/a><\/strong><\/p>\n","protected":false},"featured_media":13418,"template":"","meta":{"_acf_changed":false},"product_brand":[],"product_cat":[191,1399,346,291,1372,1623],"product_tag":[151,306,1188],"class_list":{"0":"post-13382","1":"product","2":"type-product","3":"status-publish","4":"has-post-thumbnail","6":"product_cat-accesorios","7":"product_cat-escenografia-es","8":"product_cat-escenografia","9":"product_cat-infinity-es-2","10":"product_cat-sci-fi-es","11":"product_cat-wargames-es-2","12":"product_tag-infinity-es","13":"product_tag-infinity-the-game-es-2","14":"product_tag-usariadna-es","16":"first","17":"instock","18":"taxable","19":"shipping-taxable","20":"purchasable","21":"product-type-simple"},"exclude_global_add_ons":[],"addons":[],"acf":[],"_links":{"self":[{"href":"https:\/\/www.customeeple.com\/es\/wp-json\/wp\/v2\/product\/13382","targetHints":{"allow":["GET"]}}],"collection":[{"href":"https:\/\/www.customeeple.com\/es\/wp-json\/wp\/v2\/product"}],"about":[{"href":"https:\/\/www.customeeple.com\/es\/wp-json\/wp\/v2\/types\/product"}],"wp:featuredmedia":[{"embeddable":true,"href":"https:\/\/www.customeeple.com\/es\/wp-json\/wp\/v2\/media\/13418"}],"wp:attachment":[{"href":"https:\/\/www.customeeple.com\/es\/wp-json\/wp\/v2\/media?parent=13382"}],"wp:term":[{"taxonomy":"product_brand","embeddable":true,"href":"https:\/\/www.customeeple.com\/es\/wp-json\/wp\/v2\/product_brand?post=13382"},{"taxonomy":"product_cat","embeddable":true,"href":"https:\/\/www.customeeple.com\/es\/wp-json\/wp\/v2\/product_cat?post=13382"},{"taxonomy":"product_tag","embeddable":true,"href":"https:\/\/www.customeeple.com\/es\/wp-json\/wp\/v2\/product_tag?post=13382"}],"curies":[{"name":"wp","href":"https:\/\/api.w.org\/{rel}","templated":true}]}}