{"id":13060,"date":"2015-06-12T10:21:27","date_gmt":"2015-06-12T09:21:28","guid":{"rendered":""},"modified":"2015-06-18T12:57:27","modified_gmt":"2015-06-18T11:57:27","slug":"inserto-para-cajas-30-x-22-cm","status":"publish","type":"product","link":"https:\/\/www.customeeple.com\/es\/producto\/inserto-para-cajas-30-x-22-cm\/","title":{"rendered":"Inserto IGMT (30 x 22 cm)"},"content":{"rendered":"<p>\u00bfEst\u00e1s cansado de los huecos de aire en las cajas de los juegos?\u00bfjuegos que vienen con insertos que molestan m\u00e1s que organizan? Esta es tu soluci\u00f3n, compra tu propio inserto a medida. Nunca m\u00e1s rodar\u00e1n las piezas por la caja\u00a0o estaran almacenadas en bolsas sueltas.<\/p>\n<p>El inserto separa la caja en espacios de aproximadamente 6 cm cuadrados para guardar las piezas. Adem\u00e1s incluye una bandeja extraible para guardar tus cartas. Eso hace el inserto perfecto para juegos que usen fichas y cartas \u00a0como\u00a0<strong><a href=\"http:\/\/www.gmtgames.com\/p-22-twilight-struggle.aspx\">Twilight Struggle<\/a>\u00a0<\/strong>o cualquier CDG.<\/p>\n<p>El inserto solo tiene 2 cm de alta con lo que queda espacio en la caja para almacenar encima las reglas o tableros.<\/p>\n<div class=\"infopreorder\"><strong>Nota<\/strong>: Calcula que tu caja encaja perfectamente con nuestro inserto, esta pensado para cajas con un interior de <strong>(30 x 22 cm) <\/strong>Este formato es compatible juegos del mercado como <strong><a href=\"http:\/\/www.gmtgames.com\/p-22-twilight-struggle.aspx\">Twilight Struggle<\/a><\/strong>. Podemos fabricar f\u00e1cilemente insertos en otros tama\u00f1os, solo<strong>\u00a0<\/strong><strong><a href=\"..\/contact-us\/\">contacta con nosotros<\/a>.<\/strong>este producto se vende sin montar. Necesitaras cola para fijarlo<\/div>\n<div class=\"moreinfo\">\n<p><strong>Material: <\/strong>DM<\/p>\n<p dir=\"ltr\"><strong>Espesor:<\/strong> 2,5 mm<\/p>\n<p dir=\"ltr\"><strong>Tama\u00f1o:<\/strong>\u00a030 x 22 x 2 cm<\/p>\n<p dir=\"ltr\"><strong>Cantidad:<\/strong> 1 inserto<\/p>\n<p><strong>Uso:<\/strong> Divisiones interiores para cajas\u00a0de 30 x 22 x 2 cm<\/p>\n<\/div>\n<p>&nbsp;<\/p>\n<p><strong><b><a href=\"http:\/\/www.gmtgames.com\/p-22-twilight-struggle.aspx\">Twilight Struggle<\/a><\/b> <\/strong>es un juego \u00a0publicado por <strong><a href=\"http:\/\/www.gmtgames.com\/\"> GMT games<\/a><\/strong>. <strong>Customeeple<\/strong>\u00a0no mantiene ninguna relaci\u00f3n con esta compa\u00f1\u00eda y este producto no esta apoyado por ellos de ninguna forma.<\/p>\n","protected":false},"excerpt":{"rendered":"<p>Un resistente inserto pensado para cajas de\u00a030 x 22 cm<\/p>\n","protected":false},"featured_media":13016,"template":"","meta":{"_acf_changed":false},"product_brand":[],"product_cat":[1370,1395],"product_tag":[332],"class_list":{"0":"post-13060","1":"product","2":"type-product","3":"status-publish","4":"has-post-thumbnail","6":"product_cat-customeeple-es","7":"product_cat-insertos","8":"product_tag-insert-es","10":"first","11":"instock","12":"taxable","13":"shipping-taxable","14":"purchasable","15":"product-type-simple"},"exclude_global_add_ons":[],"addons":[],"acf":[],"_links":{"self":[{"href":"https:\/\/www.customeeple.com\/es\/wp-json\/wp\/v2\/product\/13060","targetHints":{"allow":["GET"]}}],"collection":[{"href":"https:\/\/www.customeeple.com\/es\/wp-json\/wp\/v2\/product"}],"about":[{"href":"https:\/\/www.customeeple.com\/es\/wp-json\/wp\/v2\/types\/product"}],"wp:featuredmedia":[{"embeddable":true,"href":"https:\/\/www.customeeple.com\/es\/wp-json\/wp\/v2\/media\/13016"}],"wp:attachment":[{"href":"https:\/\/www.customeeple.com\/es\/wp-json\/wp\/v2\/media?parent=13060"}],"wp:term":[{"taxonomy":"product_brand","embeddable":true,"href":"https:\/\/www.customeeple.com\/es\/wp-json\/wp\/v2\/product_brand?post=13060"},{"taxonomy":"product_cat","embeddable":true,"href":"https:\/\/www.customeeple.com\/es\/wp-json\/wp\/v2\/product_cat?post=13060"},{"taxonomy":"product_tag","embeddable":true,"href":"https:\/\/www.customeeple.com\/es\/wp-json\/wp\/v2\/product_tag?post=13060"}],"curies":[{"name":"wp","href":"https:\/\/api.w.org\/{rel}","templated":true}]}}