{"id":12803,"date":"2015-06-05T11:45:49","date_gmt":"2015-05-28T10:45:49","guid":{"rendered":""},"modified":"2015-06-10T09:02:01","modified_gmt":"2015-06-10T08:02:01","slug":"esquinas-de-neon-city-4-unidades","status":"publish","type":"product","link":"https:\/\/www.customeeple.com\/es\/producto\/esquinas-de-neon-city-4-unidades\/","title":{"rendered":"Esquinas de Neon City (4 unidades)"},"content":{"rendered":"<p>Si nuestros edificios <strong>NEON CITY<\/strong> te permitieron construir tus propias barrios y calles en tus mesas de\u00a0<strong><a href=\"http:\/\/infinitythegame.com\/\" target=\"_blank\">Infinity<\/a>. <\/strong>Ahora puedes a\u00f1adir m\u00e1s vida a tus mesas de juego a\u00f1adiendo\u00a0muros y separaciones.<\/p>\n<p>Este producto contiene 6 estructuras de MDf usables como esquinas. \u00a0Combinalas con nuestros <strong><a href=\"http:\/\/www.customeeple.com\/es\/producto\/12786\/ \u200e\">Muros<\/a><a class=\"row-title\" href=\"http:\/\/www.customeeple.com\/wp-admin\/post.php?post=12781&amp;action=edit&amp;lang=en\">\u00a0<\/a><\/strong>o <strong><a href=\"\/?p=12797\">Verjas de NEON CITY<\/a>.\u00a0<\/strong> Son perfectamente compatibles y te permiten variar la direccion de tus muros creando espacios cerrados que puedes cambiar en cada partida.<\/p>\n<p>Como siempre todos nuestros productos de la linea\u00a0<strong><a href=\"http:\/\/www.customeeple.com\/es\/?s=neon+city\">NEON CITY<\/a><\/strong>\u00a0(edificios, calles\u2026) son compatibles entre si.<\/p>\n<p>Todas las piezas han sido creadas en colaboraci\u00f3n con \u00a0<strong><a href=\"http:\/\/www.corvusbelli.com\/\">Corvus Belli<\/a><\/strong>\u00a0 para ser totalmente compatibles con\u00a0\u00a0<strong><a href=\"http:\/\/infinitythegame.com\/\" target=\"_blank\">Infinity the game<\/a><\/strong><\/p>\n<p>\u00a0<\/p>\n<p><strong style=\"font-size: 14px; line-height: 1.5em;\">Material:\u00a0<\/strong>DM<\/p>\n<p dir=\"ltr\"><strong>Espesor:<\/strong>\u00a02,5 cm<\/p>\n<p dir=\"ltr\"><strong>Tama\u00f1o: <\/strong>3 x 3 x 7,5\u00a0cm<strong><br \/> <\/strong><\/p>\n<p dir=\"ltr\"><strong>Cantidad:\u00a0<\/strong>4 piezas de esquinas<\/p>\n<p><strong>Uso:<\/strong>\u00a0Escenograf\u00eda compatible con nuestros productos <strong><a href=\"http:\/\/www.customeeple.com\/?s=neon+city\">NEON CITY<\/a><\/strong>\u00a0para\u00a0<strong><a href=\"http:\/\/infinitythegame.com\/\" target=\"_blank\">Infinity the game<\/a>\u00a0<\/strong><\/p>\n<div class=\"infopreorder\"><strong>Nota:<\/strong> Miniaturas y accesorios no incluidos. Este producto se vende sin montar ni pintar y necesita pegamento para su montaje<\/div>\n","protected":false},"excerpt":{"rendered":"<p>Esquinas de DM para complementar las calles de \u00a0<strong>NEON CITY<\/strong><\/p>\n","protected":false},"featured_media":12882,"template":"","meta":{"_acf_changed":false},"product_brand":[],"product_cat":[346,291],"product_tag":[151,306],"class_list":{"0":"post-12803","1":"product","2":"type-product","3":"status-publish","4":"has-post-thumbnail","6":"product_cat-escenografia","7":"product_cat-infinity-es-2","8":"product_tag-infinity-es","9":"product_tag-infinity-the-game-es-2","11":"first","12":"instock","13":"taxable","14":"shipping-taxable","15":"purchasable","16":"product-type-simple"},"exclude_global_add_ons":[],"addons":[],"acf":[],"_links":{"self":[{"href":"https:\/\/www.customeeple.com\/es\/wp-json\/wp\/v2\/product\/12803","targetHints":{"allow":["GET"]}}],"collection":[{"href":"https:\/\/www.customeeple.com\/es\/wp-json\/wp\/v2\/product"}],"about":[{"href":"https:\/\/www.customeeple.com\/es\/wp-json\/wp\/v2\/types\/product"}],"wp:featuredmedia":[{"embeddable":true,"href":"https:\/\/www.customeeple.com\/es\/wp-json\/wp\/v2\/media\/12882"}],"wp:attachment":[{"href":"https:\/\/www.customeeple.com\/es\/wp-json\/wp\/v2\/media?parent=12803"}],"wp:term":[{"taxonomy":"product_brand","embeddable":true,"href":"https:\/\/www.customeeple.com\/es\/wp-json\/wp\/v2\/product_brand?post=12803"},{"taxonomy":"product_cat","embeddable":true,"href":"https:\/\/www.customeeple.com\/es\/wp-json\/wp\/v2\/product_cat?post=12803"},{"taxonomy":"product_tag","embeddable":true,"href":"https:\/\/www.customeeple.com\/es\/wp-json\/wp\/v2\/product_tag?post=12803"}],"curies":[{"name":"wp","href":"https:\/\/api.w.org\/{rel}","templated":true}]}}