{"id":12786,"date":"2015-06-05T11:38:40","date_gmt":"2015-06-05T10:38:40","guid":{"rendered":""},"modified":"2015-06-05T13:28:40","modified_gmt":"2015-06-05T12:28:40","slug":"12786","status":"publish","type":"product","link":"https:\/\/www.customeeple.com\/es\/producto\/12786\/","title":{"rendered":"Muros de Neon City (4 unidades)"},"content":{"rendered":"<p>Si nuestros edificios <strong>NEON CITY<\/strong> te permitieron construir tus propias barrios y calles en tus mesas de\u00a0<strong><a href=\"http:\/\/infinitythegame.com\/\" target=\"_blank\">Infinity<\/a>. <\/strong>Ahora puedes a\u00f1adir m\u00e1s vida a tus mesas de juego a\u00f1adiendo\u00a0muros y separaciones.<\/p>\n<p>Este producto contiene 4 piezas de escenograf\u00eda de secciones de muro de 10 x 7,5 cm. Puedes comprar piezas adicionales o combinarlo con nuestras <strong><a href=\"http:\/\/www.customeeple.com\/es\/producto\/\">Esquinas de Neon City<\/a> <\/strong>para cerrar espacios en tus mesas de juego<\/p>\n<p>Como siempre todos nuestros productos de la linea\u00a0<strong><a href=\"http:\/\/www.customeeple.com\/es\/?s=neon+city\">NEON CITY<\/a><\/strong>\u00a0(edificios, calles\u2026) son compatibles entre si.<\/p>\n<p>Todas las piezas han sido creadas en colaboraci\u00f3n con \u00a0<strong><a href=\"http:\/\/www.corvusbelli.com\/\">Corvus Belli<\/a><\/strong>\u00a0 para ser totalmente compatibles con\u00a0\u00a0<strong><a href=\"http:\/\/infinitythegame.com\/\" target=\"_blank\">Infinity the game<\/a><\/strong><\/p>\n<p>&nbsp;<\/p>\n<div class=\"moreinfo\"><strong style=\"font-size: 14px; line-height: 1.5em;\">Material: <\/strong>DM<\/p>\n<p dir=\"ltr\"><strong>Espesor:<\/strong>\u00a02,5 mm y 0,32 mm<\/p>\n<p dir=\"ltr\"><strong>Tama\u00f1o: <\/strong>10 x 7,5 cm<\/p>\n<p dir=\"ltr\"><strong>Cantidad:\u00a0<\/strong>4 secciones de muro<\/p>\n<p><strong>Uso:<\/strong>\u00a0Escenograf\u00eda compatible con nuestros productos \u00a0<strong>NEON CITY<\/strong> para\u00a0<strong><a href=\"http:\/\/infinitythegame.com\/\" target=\"_blank\">Infinity the game<\/a>\u00a0<\/strong><\/p>\n<\/div>\n<div class=\"infopreorder\"><strong>Nota:<\/strong> Miniaturas y accesorios no incluidos. Este producto se vende sin montar ni pintar y necesita pegamento para su montaje<\/div>\n","protected":false},"excerpt":{"rendered":"<p>Muros de MDF para complementar las calles de\u00a0\u00a0<a href=\"http:\/\/www.customeeple.com\/es\/?s=neon+city\"><strong>NEON CITY\u00a0<\/strong><\/a><\/p>\n","protected":false},"featured_media":12906,"template":"","meta":{"_acf_changed":false},"product_brand":[],"product_cat":[1399,346,291,1372],"product_tag":[151,306],"class_list":{"0":"post-12786","1":"product","2":"type-product","3":"status-publish","4":"has-post-thumbnail","6":"product_cat-escenografia-es","7":"product_cat-escenografia","8":"product_cat-infinity-es-2","9":"product_cat-sci-fi-es","10":"product_tag-infinity-es","11":"product_tag-infinity-the-game-es-2","13":"first","14":"instock","15":"taxable","16":"shipping-taxable","17":"purchasable","18":"product-type-simple"},"exclude_global_add_ons":[],"addons":[],"acf":[],"_links":{"self":[{"href":"https:\/\/www.customeeple.com\/es\/wp-json\/wp\/v2\/product\/12786","targetHints":{"allow":["GET"]}}],"collection":[{"href":"https:\/\/www.customeeple.com\/es\/wp-json\/wp\/v2\/product"}],"about":[{"href":"https:\/\/www.customeeple.com\/es\/wp-json\/wp\/v2\/types\/product"}],"wp:featuredmedia":[{"embeddable":true,"href":"https:\/\/www.customeeple.com\/es\/wp-json\/wp\/v2\/media\/12906"}],"wp:attachment":[{"href":"https:\/\/www.customeeple.com\/es\/wp-json\/wp\/v2\/media?parent=12786"}],"wp:term":[{"taxonomy":"product_brand","embeddable":true,"href":"https:\/\/www.customeeple.com\/es\/wp-json\/wp\/v2\/product_brand?post=12786"},{"taxonomy":"product_cat","embeddable":true,"href":"https:\/\/www.customeeple.com\/es\/wp-json\/wp\/v2\/product_cat?post=12786"},{"taxonomy":"product_tag","embeddable":true,"href":"https:\/\/www.customeeple.com\/es\/wp-json\/wp\/v2\/product_tag?post=12786"}],"curies":[{"name":"wp","href":"https:\/\/api.w.org\/{rel}","templated":true}]}}