{"id":12504,"date":"2015-05-04T20:05:39","date_gmt":"2015-05-04T19:05:39","guid":{"rendered":"http:\/\/www.customeeple.com\/es\/producto\/star-cards-square-markers-5-units\/"},"modified":"2025-01-28T16:11:55","modified_gmt":"2025-01-28T15:11:55","slug":"star-cards-square-markers-5-units","status":"publish","type":"product","link":"https:\/\/www.customeeple.com\/es\/producto\/star-cards-square-markers-5-units\/","title":{"rendered":"Fichas en escuadra para Cartas espaciales (5 unidades)"},"content":{"rendered":"<p>5 fichas con formas de escuadra de nuestro\u00a0<strong><a href=\"\/?p=9440\">Set para cartas espaciales<\/a>.\u00a0<\/strong>!Personaliza tu pedido con las fichas que necesites!<\/p>\n<p>Puedes elegir entre:<\/p>\n<ul>\n<li>5 fichas de escudo azules<\/li>\n<li>5 fichas de da\u00f1os magenta (valor 1)<\/li>\n<li>5 fichas de da\u00f1os magenta (valor 3)<\/li>\n<\/ul>\n<p>Las fichas de da\u00f1o y escudo tienen forma de escuadra, perfectas para encajarlas en los bordes de tus cartas y facilitando su identificaci\u00f3n.<\/p>\n<p>Este set es compatible con juegos como\u00a0<strong><a href=\"http:\/\/www.fantasyflightgames.com\/edge_minisite.asp?eidm=175\">Star Wars: The card game<\/a><\/strong><\/p>\n<div class=\"moreinfo\">\n<p><strong>Material:<\/strong>\u00a0metacrilato fluorescente<\/p>\n<p><strong>Tama\u00f1o:\u00a0<\/strong>2 x 2 cm<\/p>\n<p><strong>Espesor:<\/strong>\u00a03mm<\/p>\n<p><strong>Cantidad:<\/strong>\u00a047 unidades<\/p>\n<p><strong>Uso: <\/strong>Emplealo para marcar estados en cualquier juego de cartas de luchas galacticas<\/p>\n<\/div>\n<p><strong><a href=\"http:\/\/www.fantasyflightgames.com\/edge_minisite.asp?eidm=175\">Star Wars: The card game<\/a>\u00a0<\/strong>es un juego de<strong>\u00a0<a href=\"http:\/\/www.ericmlang.com\/\">Eric M.Lang<\/a><\/strong>\u00a0 publicado por\u00a0\u00a0<a href=\"http:\/\/www.edgeent.com\/\"><b>EDGE entertainment<\/b><\/a>. <strong>Customeeple<\/strong>\u00a0no mantiene ninguna relaci\u00f3n con esta compa\u00f1\u00eda y este producto no esta apoyado por ellos de ninguna manera.<\/p>\n","protected":false},"excerpt":{"rendered":"<p>5 fichas con formas de escuadra de nuestro\u00a0<strong><a href=\"http:\/\/www.customeeple.com\/es\/producto\/set-para-cartas-espaciales-47-unidades\/\">Set para cartas espaciales<\/a><\/strong><\/p>\n","protected":false},"featured_media":12450,"template":"","meta":{"_acf_changed":false},"product_brand":[],"product_cat":[1370,78],"product_tag":[],"class_list":{"0":"post-12504","1":"product","2":"type-product","3":"status-publish","4":"has-post-thumbnail","6":"product_cat-customeeple-es","7":"product_cat-meeple-2","8":"pa_methacrylate-colors-amarill-fluor-mfye","9":"pa_methacrylate-colors-azul-fluor-mfbl-es","10":"pa_methacrylate-colors-naranja-fluor-mfor","11":"pa_methacrylate-colors-naranja-fluor-mfor-es","12":"pa_methacrylate-colors-magenta-fluor-mfma-es","13":"pa_methacrylate-colors-smoke-grey-mtsm","14":"pa_methacrylate-colors-transparente-mttr","15":"pa_methacrylate-colors-verde-fluor-mfgr","17":"first","18":"instock","19":"taxable","20":"shipping-taxable","21":"purchasable","22":"product-type-variable"},"exclude_global_add_ons":[],"addons":[],"acf":[],"_links":{"self":[{"href":"https:\/\/www.customeeple.com\/es\/wp-json\/wp\/v2\/product\/12504","targetHints":{"allow":["GET"]}}],"collection":[{"href":"https:\/\/www.customeeple.com\/es\/wp-json\/wp\/v2\/product"}],"about":[{"href":"https:\/\/www.customeeple.com\/es\/wp-json\/wp\/v2\/types\/product"}],"wp:featuredmedia":[{"embeddable":true,"href":"https:\/\/www.customeeple.com\/es\/wp-json\/wp\/v2\/media\/12450"}],"wp:attachment":[{"href":"https:\/\/www.customeeple.com\/es\/wp-json\/wp\/v2\/media?parent=12504"}],"wp:term":[{"taxonomy":"product_brand","embeddable":true,"href":"https:\/\/www.customeeple.com\/es\/wp-json\/wp\/v2\/product_brand?post=12504"},{"taxonomy":"product_cat","embeddable":true,"href":"https:\/\/www.customeeple.com\/es\/wp-json\/wp\/v2\/product_cat?post=12504"},{"taxonomy":"product_tag","embeddable":true,"href":"https:\/\/www.customeeple.com\/es\/wp-json\/wp\/v2\/product_tag?post=12504"}],"curies":[{"name":"wp","href":"https:\/\/api.w.org\/{rel}","templated":true}]}}