{"id":12232,"date":"2015-05-05T13:08:54","date_gmt":"2015-05-05T12:22:54","guid":{"rendered":""},"modified":"2016-09-20T10:26:09","modified_gmt":"2016-09-20T08:26:09","slug":"silo-oil","status":"publish","type":"product","link":"https:\/\/www.customeeple.com\/es\/producto\/silo-oil\/","title":{"rendered":"Infinity dep\u00f3sito de fuel (2 unidades)"},"content":{"rendered":"<p>Nuestros dep\u00f3sitos de fuel pueden ser utilizados como una pieza de escenograf\u00eda en tus partidas de <strong><a href=\"http:\/\/www.infinitythegame.com\/infinity\/en\">Infinity<\/a>.<\/strong><\/p>\n<p>Estas piezas escenograf\u00eda representan dos dep\u00f3sitos de fuel. Puedes a\u00f1adirlas a tus mesas de juego como un objetivo de misi\u00f3n o incluso como piezas molonas de escenograf\u00eda. Inclu\u00edmos dos carteles publicitarios con logos de corporaciones de\u00a0<strong><a href=\"http:\/\/www.infinitythegame.com\/infinity\/en\">Infinity<\/a>\u00a0<\/strong>para pegar en los tubos de los dep\u00f3sitos.<\/p>\n<p>Todas las piezas est\u00e1n dise\u00f1adas en colaboracion con\u00a0<strong><a href=\"http:\/\/www.corvusbelli.com\/\">Corvus Belli<\/a>\u00a0<\/strong>para ser totalemente compatibles con\u00a0<a href=\"http:\/\/infinitythegame.com\/\" target=\"_blank\"><strong>Infinity the game<\/strong><\/a>.<\/p>\n<p>&nbsp;<\/p>\n<div class=\"infopreorder\">\n<p><strong>Nota: <\/strong>Este producto necesita para su montaje dos tubos de cart\u00f3n <strong>(no inclu\u00eddos) \u00a0<\/strong>de entre 3,8 y 4,5 cms de di\u00e1metro, como los que se usan en papel de cocina o de ba\u00f1o. este producto se vende sin montar ni pintar. Las fotos son solo una sugerencia de montaje y el producto no incluye miniaturas ni escenograf\u00eda<\/p>\n<\/div>\n<p>&nbsp;<\/p>\n<div class=\"moreinfo\">\n<p><strong>Material:\u00a0<\/strong>DM y HDC<\/p>\n<p dir=\"ltr\"><strong>Espesor:<\/strong> 2,5 mm<\/p>\n<p dir=\"ltr\"><strong>Tama\u00f1o:\u00a0<\/strong>10 cm x 8,5 cm x 4 cm<\/p>\n<p dir=\"ltr\"><strong>Cantidad:<\/strong>\u00a02 piezas de escenograf\u00eda<\/p>\n<p><strong>Uso: <\/strong>Complemento de escenograf\u00eda<\/p>\n<\/div>\n","protected":false},"excerpt":{"rendered":"<p>Escenograf\u00eda de dep\u00f3sito de fuel para <strong><a href=\"http:\/\/www.infinitythegame.com\/infinity\/en\">Infinity the game<\/a><\/strong><\/p>\n","protected":false},"featured_media":12293,"template":"","meta":{"_acf_changed":false},"product_brand":[],"product_cat":[191,346,291,1623],"product_tag":[151,306],"class_list":{"0":"post-12232","1":"product","2":"type-product","3":"status-publish","4":"has-post-thumbnail","6":"product_cat-accesorios","7":"product_cat-escenografia","8":"product_cat-infinity-es-2","9":"product_cat-wargames-es-2","10":"product_tag-infinity-es","11":"product_tag-infinity-the-game-es-2","12":"pa_methacrylate-colors-amarill-fluor-mfye","13":"pa_methacrylate-colors-azul-fluor-mfbl-es","14":"pa_methacrylate-colors-naranja-fluor-mfor","15":"pa_methacrylate-colors-naranja-fluor-mfor-es","16":"pa_methacrylate-colors-magenta-fluor-mfma-es","17":"pa_methacrylate-colors-smoke-grey-mtsm","18":"pa_methacrylate-colors-verde-fluor-mfgr","20":"first","21":"instock","22":"taxable","23":"shipping-taxable","24":"purchasable","25":"product-type-simple"},"exclude_global_add_ons":[],"addons":[],"acf":[],"_links":{"self":[{"href":"https:\/\/www.customeeple.com\/es\/wp-json\/wp\/v2\/product\/12232","targetHints":{"allow":["GET"]}}],"collection":[{"href":"https:\/\/www.customeeple.com\/es\/wp-json\/wp\/v2\/product"}],"about":[{"href":"https:\/\/www.customeeple.com\/es\/wp-json\/wp\/v2\/types\/product"}],"wp:featuredmedia":[{"embeddable":true,"href":"https:\/\/www.customeeple.com\/es\/wp-json\/wp\/v2\/media\/12293"}],"wp:attachment":[{"href":"https:\/\/www.customeeple.com\/es\/wp-json\/wp\/v2\/media?parent=12232"}],"wp:term":[{"taxonomy":"product_brand","embeddable":true,"href":"https:\/\/www.customeeple.com\/es\/wp-json\/wp\/v2\/product_brand?post=12232"},{"taxonomy":"product_cat","embeddable":true,"href":"https:\/\/www.customeeple.com\/es\/wp-json\/wp\/v2\/product_cat?post=12232"},{"taxonomy":"product_tag","embeddable":true,"href":"https:\/\/www.customeeple.com\/es\/wp-json\/wp\/v2\/product_tag?post=12232"}],"curies":[{"name":"wp","href":"https:\/\/api.w.org\/{rel}","templated":true}]}}