{"id":12214,"date":"2015-10-05T13:08:37","date_gmt":"2015-10-05T12:08:37","guid":{"rendered":"http:\/\/www.customeeple.com\/es\/producto\/infinity-military-orders-base-tops-by-giraldez\/"},"modified":"2021-08-06T11:53:19","modified_gmt":"2021-08-06T10:53:19","slug":"infinity-military-orders-base-tops-by-giraldez","status":"publish","type":"product","link":"https:\/\/www.customeeple.com\/es\/producto\/infinity-military-orders-base-tops-by-giraldez\/","title":{"rendered":"Cubiertas de Base \u00ab\u00d3rdenes militares\u00bb \u2013 Giraldez"},"content":{"rendered":"<div class=\"infopreorder\">Por lo general, el tama\u00f1o de la base de una miniatura es diferente al tama\u00f1o de la parte superior de la base, por ejemplo, una base de 30 mm de M2E Malifaux tiene 25 mm dentro del hueco, por lo que si no est\u00e1 seguro de lo que necesita, puedes verificar el tama\u00f1o de correlaci\u00f3n de base con la parte superior de la base<a href=\"http:\/\/www.customeeple.com\/base-top-size-guide\/\">\u00a0aqu\u00ed.<\/a><\/div>\n<p>Nuestras cubiertas de base son perfectas para mejorar las bases de miniaturas de\u00a0\u00a0<strong><a href=\"http:\/\/infinitythegame.com\/\" target=\"_blank\" rel=\"noopener\">Infinit<\/a>y<\/strong><\/p>\n<p>Estas cubiertas de base, grabadas con un patron de mosaico han sido dise\u00f1adas por\u00a0<strong><a href=\"http:\/\/studiogiraldez.blogspot.com.es\/\">Angel Giraldez<\/a>\u00a0<\/strong>y van a ser las usadas en las fotos oficiales de las \u00d3rdenes militares de<strong>\u00a0<\/strong><strong><a href=\"http:\/\/infinitythegame.com\/\" target=\"_blank\" rel=\"noopener\">Infinit<\/a>y<\/strong><\/p>\n<p>El set incluye un pack de finas cubiertas grabadas con un dise\u00f1o tem\u00e1tico. Est\u00e1n dise\u00f1adas para ser pegadas encima de una base standar de inifnity y encajar perfectamente sin casi incrementar su grosor. Encajan perfectamente en bases oficiales de 25, 40 o 55mm. El producto tiene una versi\u00f3n para cada tama\u00f1o pero <strong>NO INCLUYE<\/strong>\u00a0bases de pl\u00e1stico de\u00a0<strong><a href=\"http:\/\/infinitythegame.com\/\" target=\"_blank\" rel=\"noopener\">Infinit<\/a>y\u00a0<\/strong>para ser usadas con las cubiertas.<\/p>\n<p>Todas las piezas est\u00e1n fabricadas en cart\u00f3n de alta densidad, una superficie de cart\u00f3n para modelismo muy resistente, similar al DM (MDF). Casi no se notar\u00e1 el grosor al pegarlo a la base ya que mide 0,32mm de alto.<br \/>\nTodas las piezas han sido dise\u00f1adas en colaboracion con\u00a0<strong style=\"line-height: 1.5em;\"><a href=\"http:\/\/www.corvusbelli.com\/\">Corvus Belli<\/a><\/strong><span style=\"line-height: 1.5em;\">\u00a0 para ser totalmente compatibles con \u00a0<\/span><a style=\"line-height: 1.5em;\" href=\"http:\/\/infinitythegame.com\/\" target=\"_blank\" rel=\"noopener\"><strong>Infinity the game<\/strong><\/a><span style=\"line-height: 1.5em;\">.<\/span><\/p>\n<div class=\"moreinfo\">\n<p><strong>Material:<\/strong>\u00a0Cart\u00f3n de alta densidad<\/p>\n<p><strong>Espesor: <\/strong>0,32 mm<strong><br \/>\n<\/strong><\/p>\n<p><strong>tama\u00f1o:\u00a0<\/strong>Var\u00eda<\/p>\n<p><strong>Cantidad: <\/strong>2 o 5 \u00a0cubiertas de base<\/p>\n<p><strong>Uso\u00a0<\/strong>Cubiertas de base con dise\u00f1os para \u00f3rdenes miliates para miniaturas de <strong><strong><a href=\"http:\/\/www.infinitythegame.com\/infinity\/en\">Infinity<\/a><\/strong><\/strong><\/p>\n<\/div>\n<p><strong>Nota:<\/strong>\u00a0El producto se vende sin pintar ni montar. La foto del producto es s\u00f3lo una sugerencia de pintado por\u00a0<strong><a href=\"http:\/\/studiogiraldez.blogspot.com.es\/\">Angel Giraldez<\/a><\/strong>.<\/p>\n<p>&nbsp;<\/p>\n<p>&nbsp;<\/p>\n","protected":false},"excerpt":{"rendered":"<p>Decoraci\u00f3n para crear bases personalizadas para las miniaturas de\u00a0<strong><a href=\"http:\/\/www.infinitythegame.com\/infinity\/es\/category\/mercs\/\">Mercenarios<\/a><\/strong><b><a href=\"http:\/\/www.infinitythegame.com\/infinity\/es\/category\/pano\/\">\u00a0<\/a><\/b>para\u00a0\u00a0<a href=\"http:\/\/infinitythegame.com\/\" target=\"_blank\" rel=\"noopener\"><strong>Infinity the game<\/strong><\/a><\/p>\n","protected":false},"featured_media":12318,"template":"","meta":{"_acf_changed":false},"product_brand":[],"product_cat":[881,350,304,1370,291,1394,1372],"product_tag":[704,151,306],"class_list":{"0":"post-12214","1":"product","2":"type-product","3":"status-publish","4":"has-post-thumbnail","6":"product_cat-angiraldez","7":"product_cat-bases-es-infinity-es-2","8":"product_cat-bases-es","9":"product_cat-customeeple-es","10":"product_cat-infinity-es-2","11":"product_cat-infinity-es","12":"product_cat-sci-fi-es","13":"product_tag-giraldez-es-2","14":"product_tag-infinity-es","15":"product_tag-infinity-the-game-es-2","16":"pa_bsize-24mm","17":"pa_bsize-1082","18":"pa_bsize-567","20":"first","21":"instock","22":"taxable","23":"shipping-taxable","24":"purchasable","25":"product-type-variable"},"exclude_global_add_ons":[],"addons":[],"acf":[],"_links":{"self":[{"href":"https:\/\/www.customeeple.com\/es\/wp-json\/wp\/v2\/product\/12214","targetHints":{"allow":["GET"]}}],"collection":[{"href":"https:\/\/www.customeeple.com\/es\/wp-json\/wp\/v2\/product"}],"about":[{"href":"https:\/\/www.customeeple.com\/es\/wp-json\/wp\/v2\/types\/product"}],"wp:featuredmedia":[{"embeddable":true,"href":"https:\/\/www.customeeple.com\/es\/wp-json\/wp\/v2\/media\/12318"}],"wp:attachment":[{"href":"https:\/\/www.customeeple.com\/es\/wp-json\/wp\/v2\/media?parent=12214"}],"wp:term":[{"taxonomy":"product_brand","embeddable":true,"href":"https:\/\/www.customeeple.com\/es\/wp-json\/wp\/v2\/product_brand?post=12214"},{"taxonomy":"product_cat","embeddable":true,"href":"https:\/\/www.customeeple.com\/es\/wp-json\/wp\/v2\/product_cat?post=12214"},{"taxonomy":"product_tag","embeddable":true,"href":"https:\/\/www.customeeple.com\/es\/wp-json\/wp\/v2\/product_tag?post=12214"}],"curies":[{"name":"wp","href":"https:\/\/api.w.org\/{rel}","templated":true}]}}