{"id":12198,"date":"2015-05-05T13:08:48","date_gmt":"2015-05-05T12:24:48","guid":{"rendered":"http:\/\/www.customeeple.com\/es\/producto\/cryopod-para-infinity-1-unidad-copy\/"},"modified":"2015-09-23T11:15:39","modified_gmt":"2015-09-23T09:15:39","slug":"cryopod-para-infinity-1-unidad-copy","status":"publish","type":"product","link":"https:\/\/www.customeeple.com\/es\/producto\/cryopod-para-infinity-1-unidad-copy\/","title":{"rendered":"Cryopod Mark II para Infinity (1 ud)"},"content":{"rendered":"<p>Prueba nuestro nuevo dise&ntilde;o de cryopod especialmente dise&ntilde;ado para servir como objetivo en tus partidas de <strong><a href=\"http:\/\/www.infinitythegame.com\/infinity\/en\">&nbsp;Infinity<\/a>.<\/strong> El marcador intenta representar una capsula de hibernaci&oacute;n criog&eacute;nica. Puedes facilmente a&ntilde;adirla a tus campos de batalla como objetivo de una missi&oacute;n o incluso como un elemento de escenograf&iacute;a.<\/p>\n<p>El producto se vende sin montar ni pintar. Las fotos tan solo son una sugerencia de presentaci&oacute;n y montaje. El producto contiene una base standar de 40mm para&nbsp; Todas las piezas han sido dise&ntilde;adas en colaboracion con <strong><a href=\"http:\/\/www.corvusbelli.com\/\">Corvus Belli<\/a><\/strong>&nbsp;para ser totalmente compatibles con <a href=\"http:\/\/infinitythegame.com\/\" target=\"_blank\"><strong>Infinity the game<\/strong><\/a>.<\/p>\n<div class=\"moreinfo\"><strong>Material:&nbsp;<\/strong>Dm y Metacrilato fluorescente<\/p>\n<p dir=\"ltr\"><strong>Tama&ntilde;o:<\/strong>&nbsp;&nbsp;<span style=\"font-family: Arial, Verdana; font-size: 13.3333330154419px;\">&nbsp;<\/span><span style=\"font-family: Arial, Verdana; font-size: 13.3333330154419px;\">5,5 x 2 x 1,5 cm<\/span><span style=\"font-family: Arial, Verdana; font-size: 13.3333330154419px;\">&nbsp;<\/span><\/p>\n<p dir=\"ltr\"><strong>Cantidad:<\/strong> 1 Cryopod &nbsp;y una base de 40mm de&nbsp;<strong><a href=\"http:\/\/www.infinitythegame.com\/infinity\/en\">Infinity<\/a><\/strong><\/p>\n<p><strong>Uso:<\/strong>&nbsp;Como objetivo de misi&oacute;n o incluso escenograf&iacute;a<\/div>\n<div class=\"infopreorder\"><strong>Nota: <\/strong>Miniaturas y escenograf&iacute;a no incluidas<\/div>\n","protected":false},"excerpt":{"rendered":"<p>Una criocapsula especialmente dise\u00f1ada como objetivo de misi\u00f3n o escenograf\u00eda para <strong><a href=\"http:\/\/www.infinitythegame.com\/infinity\/en\"> Infinity the game<\/a>.<\/strong><\/p>\n","protected":false},"featured_media":12312,"template":"","meta":{"_acf_changed":false},"product_brand":[],"product_cat":[291,347,1372],"product_tag":[306,762],"class_list":{"0":"post-12198","1":"product","2":"type-product","3":"status-publish","4":"has-post-thumbnail","6":"product_cat-infinity-es-2","7":"product_cat-marcadores-es","8":"product_cat-sci-fi-es","9":"product_tag-infinity-the-game-es-2","10":"product_tag-inifnity-es-2","12":"first","13":"instock","14":"taxable","15":"shipping-taxable","16":"purchasable","17":"product-type-simple"},"exclude_global_add_ons":[],"addons":[],"acf":[],"_links":{"self":[{"href":"https:\/\/www.customeeple.com\/es\/wp-json\/wp\/v2\/product\/12198","targetHints":{"allow":["GET"]}}],"collection":[{"href":"https:\/\/www.customeeple.com\/es\/wp-json\/wp\/v2\/product"}],"about":[{"href":"https:\/\/www.customeeple.com\/es\/wp-json\/wp\/v2\/types\/product"}],"wp:featuredmedia":[{"embeddable":true,"href":"https:\/\/www.customeeple.com\/es\/wp-json\/wp\/v2\/media\/12312"}],"wp:attachment":[{"href":"https:\/\/www.customeeple.com\/es\/wp-json\/wp\/v2\/media?parent=12198"}],"wp:term":[{"taxonomy":"product_brand","embeddable":true,"href":"https:\/\/www.customeeple.com\/es\/wp-json\/wp\/v2\/product_brand?post=12198"},{"taxonomy":"product_cat","embeddable":true,"href":"https:\/\/www.customeeple.com\/es\/wp-json\/wp\/v2\/product_cat?post=12198"},{"taxonomy":"product_tag","embeddable":true,"href":"https:\/\/www.customeeple.com\/es\/wp-json\/wp\/v2\/product_tag?post=12198"}],"curies":[{"name":"wp","href":"https:\/\/api.w.org\/{rel}","templated":true}]}}