{"id":11978,"date":"2015-04-10T11:38:52","date_gmt":"2015-04-03T10:38:52","guid":{"rendered":""},"modified":"2015-09-24T10:34:11","modified_gmt":"2015-09-24T08:34:11","slug":"separador-grande-para-inserto-1-unidad-copy","status":"publish","type":"product","link":"https:\/\/www.customeeple.com\/es\/producto\/separador-grande-para-inserto-1-unidad-copy\/","title":{"rendered":"Separador para Inserto IHK (8 uds)"},"content":{"rendered":"<p>Separador adicional para nuestro<strong> <a href=\"post.php?post=11974&amp;action=edit&amp;lang=en\" target=\"_blank\">Inserto IHK<\/a>.<\/strong>\u00a0Si necesitas separadores extra o simplemente hacer m\u00e1s espacios en tu inserto para a\u00f1adir cartas o fichas de otros tipos, esto es lo que necesitas. Este separador es id\u00e9ntico a los que vienen con nuestro inserto.<\/p>\n<div class=\"moreinfo\"><strong>Material: <\/strong>DM<\/p>\n<p dir=\"ltr\"><strong>Espesor:<\/strong> 2,5 mm<\/p>\n<p dir=\"ltr\"><strong>Tama\u00f1o:<\/strong>\u00a09,2\u00a0x 6,5 cm<\/p>\n<p dir=\"ltr\"><strong>Cantidad:<\/strong>\u00a08 separadores<\/p>\n<p><strong>Uso:<\/strong> Separadores adicionales para nuestro inserto.<\/p>\n<\/div>\n","protected":false},"excerpt":{"rendered":"<p>An additional divider for our 30x30x5,5 game insert<\/p>\n","protected":false},"featured_media":12046,"template":"","meta":{"_acf_changed":false},"product_brand":[],"product_cat":[1370,812,1395],"product_tag":[332],"class_list":{"0":"post-11978","1":"product","2":"type-product","3":"status-publish","4":"has-post-thumbnail","6":"product_cat-customeeple-es","7":"product_cat-hacker-masterses","8":"product_cat-insertos","9":"product_tag-insert-es","11":"first","12":"instock","13":"taxable","14":"shipping-taxable","15":"purchasable","16":"product-type-simple"},"exclude_global_add_ons":[],"addons":[],"acf":[],"_links":{"self":[{"href":"https:\/\/www.customeeple.com\/es\/wp-json\/wp\/v2\/product\/11978","targetHints":{"allow":["GET"]}}],"collection":[{"href":"https:\/\/www.customeeple.com\/es\/wp-json\/wp\/v2\/product"}],"about":[{"href":"https:\/\/www.customeeple.com\/es\/wp-json\/wp\/v2\/types\/product"}],"wp:featuredmedia":[{"embeddable":true,"href":"https:\/\/www.customeeple.com\/es\/wp-json\/wp\/v2\/media\/12046"}],"wp:attachment":[{"href":"https:\/\/www.customeeple.com\/es\/wp-json\/wp\/v2\/media?parent=11978"}],"wp:term":[{"taxonomy":"product_brand","embeddable":true,"href":"https:\/\/www.customeeple.com\/es\/wp-json\/wp\/v2\/product_brand?post=11978"},{"taxonomy":"product_cat","embeddable":true,"href":"https:\/\/www.customeeple.com\/es\/wp-json\/wp\/v2\/product_cat?post=11978"},{"taxonomy":"product_tag","embeddable":true,"href":"https:\/\/www.customeeple.com\/es\/wp-json\/wp\/v2\/product_tag?post=11978"}],"curies":[{"name":"wp","href":"https:\/\/api.w.org\/{rel}","templated":true}]}}