{"id":11975,"date":"2015-04-10T13:14:01","date_gmt":"2015-04-10T12:14:01","guid":{"rendered":""},"modified":"2015-08-31T16:32:49","modified_gmt":"2015-08-31T14:32:49","slug":"game-insert-30x30cm-boxesv2","status":"publish","type":"product","link":"https:\/\/www.customeeple.com\/es\/producto\/game-insert-30x30cm-boxesv2\/","title":{"rendered":"Inserto IHK  (28,8 x  28,8 cm)"},"content":{"rendered":"<p>\u00bfEst\u00e1s cansado del aire de las cajas de los juegos?, \u00bfjuegos que vienen con insertos que molestan m\u00e1s que organizan? Esta es tu soluci\u00f3n, compra tu propio inserto a medida. Nunca m\u00e1s las piezas rodar\u00e1n por la caja y podr\u00e1s tener organizadas las cartas de un juego.<\/p>\n<p>El inserto separa la caja en 3 columnas de 9,2 de ancho, incluimos 8 separadores perfectamente compatibles con el para marcar las divisiones que quieras.<\/p>\n<p>Mira nuestras opciones addicionales para el producto. Puedes comprar divisores sueltos o incluso cajas almacenadores que encajar\u00e1n perfectamente en las columnas del inserto<\/p>\n<div class=\"infopreorder\"><strong>Nota<\/strong>: \u00a0Calcula que tu caja encaja perfectamente con nuestro inserto, esta pensado para cajas con un interior de <strong>(28,8 x 28,8 cm) <\/strong>Este formato es compatible con muchas cajas en el mercado como por ejemplo\u00a0<strong><a href=\"http:\/\/boardgamegeek.com\/boardgame\/124742\/android-netrunner\" target=\"_blank\">Android: Netrunner<\/a><\/strong>. Podemos fabricar f\u00e1cilmente insertos en otros tama\u00f1os, solo<strong>\u00a0<\/strong><a href=\"..\/contact-us\/\"><strong>Contacta con nosotros<\/strong><\/a><\/div>\n<div class=\"moreinfo\">\n<p><strong>Material: <\/strong>DM<\/p>\n<p dir=\"ltr\"><strong>Espesor:<\/strong> 2,5 mm<\/p>\n<p dir=\"ltr\"><strong>Tama\u00f1o:<\/strong>\u00a028,8\u00a0x 28,8\u00a0x 6,5 cm.<\/p>\n<p dir=\"ltr\"><strong>Cantidad:<\/strong> 1 inserto y 8 separadores. o bien\u00a01 inserto, 2 cajas para marcadores \u00a0y 12 separadores<\/p>\n<p><strong>Uso:<\/strong> Divisiones interiores para cajas cuadradas de 30 x 30 cm<\/p>\n<p>\u00a0<\/p>\n<\/div>\n<p><strong><a href=\"http:\/\/boardgamegeek.com\/boardgame\/124742\/android-netrunner\" target=\"_blank\">Android: Netrunner<\/a><\/strong>\u00a0es un juego de\u00a0<a href=\"http:\/\/boardgamegeek.com\/boardgamedesigner\/14\/richard-garfield\" target=\"_blank\"><strong>Richard Garfield<\/strong><\/a><strong>\u00a0<\/strong>y <strong>Kevin Wilson<\/strong> publicado por\u00a0<strong><a href=\"http:\/\/boardgamegeek.com\/boardgamepublisher\/2973\/edge-entertainment\" target=\"_blank\">Edge Entertainment\u00a0<\/a>Customeeple<\/strong>\u00a0no esta asociada con esta compa\u00f1\u00eda y este producto no est\u00e1 de ninguna manera apoyado por ella.<\/p>\n","protected":false},"excerpt":{"rendered":"<p>Un resistente inserto pensado para cajas de 30&#215;30 cm<\/p>\n","protected":false},"featured_media":12074,"template":"","meta":{"_acf_changed":false},"product_brand":[],"product_cat":[1370,812,1395,1391],"product_tag":[650,332],"class_list":{"0":"post-11975","1":"product","2":"type-product","3":"status-publish","4":"has-post-thumbnail","6":"product_cat-customeeple-es","7":"product_cat-hacker-masterses","8":"product_cat-insertos","9":"product_cat-deck-holders-es","10":"product_tag-android-netrunner-es-2","11":"product_tag-insert-es","13":"first","14":"instock","15":"taxable","16":"shipping-taxable","17":"purchasable","18":"product-type-variable"},"exclude_global_add_ons":[],"addons":[],"acf":[],"_links":{"self":[{"href":"https:\/\/www.customeeple.com\/es\/wp-json\/wp\/v2\/product\/11975","targetHints":{"allow":["GET"]}}],"collection":[{"href":"https:\/\/www.customeeple.com\/es\/wp-json\/wp\/v2\/product"}],"about":[{"href":"https:\/\/www.customeeple.com\/es\/wp-json\/wp\/v2\/types\/product"}],"wp:featuredmedia":[{"embeddable":true,"href":"https:\/\/www.customeeple.com\/es\/wp-json\/wp\/v2\/media\/12074"}],"wp:attachment":[{"href":"https:\/\/www.customeeple.com\/es\/wp-json\/wp\/v2\/media?parent=11975"}],"wp:term":[{"taxonomy":"product_brand","embeddable":true,"href":"https:\/\/www.customeeple.com\/es\/wp-json\/wp\/v2\/product_brand?post=11975"},{"taxonomy":"product_cat","embeddable":true,"href":"https:\/\/www.customeeple.com\/es\/wp-json\/wp\/v2\/product_cat?post=11975"},{"taxonomy":"product_tag","embeddable":true,"href":"https:\/\/www.customeeple.com\/es\/wp-json\/wp\/v2\/product_tag?post=11975"}],"curies":[{"name":"wp","href":"https:\/\/api.w.org\/{rel}","templated":true}]}}