{"id":11337,"date":"2015-05-14T23:00:29","date_gmt":"2015-02-01T15:43:29","guid":{"rendered":"http:\/\/www.customeeple.com\/product\/estateria-para-pinturas-de-angel-giraldez-tamano-extra\/"},"modified":"2019-04-17T17:05:14","modified_gmt":"2019-04-17T15:05:14","slug":"angel-giraldezs-paint-rack-extra-size","status":"publish","type":"product","link":"https:\/\/www.customeeple.com\/es\/producto\/angel-giraldezs-paint-rack-extra-size\/","title":{"rendered":"Paintrack de Angel Giraldez (Tama\u00f1o extra)"},"content":{"rendered":"<p>Una paintrack dise\u00f1ado en colaboracion con el pintor maestro\u00a0<a href=\"http:\/\/studiogiraldez.blogspot.com.es\/\"><strong>Angel Giraldez.<\/strong> <\/a><strong>El\u00a0paintrack<\/strong>\u00a0esta dise\u00f1ado para cubrir todas las necesidades de un buen pintor de miniaturas.<\/p>\n<p>Este\u00a0paintrack es similar nuestro <a href=\"\/?p=11333\"><strong>modelo estandar <\/strong><\/a>pero con dos hileras adicionales para aquellos que tienen una gran colecci\u00f3n de pinturas (55 \u00a0huecos) Dividas en:<\/p>\n<ul>\n<li>5 filas de huecos de 2,5 cm (48) compatible con muchas marcas de botes de pinturas del mercado: Vallejo, P3, Ak interactive&#8230;<\/li>\n<li>1 fila superior de huecos grandes de \u00a03,4 cm \u00a0(7) compatibles con los botes de grandes de: games workshop, Tamiya, Vallejo Big Paint&#8230;<\/li>\n<\/ul>\n<p>El\u00a0paintrack incluye ademas peque\u00f1os huevos en cada balda para colocar en elos botes invertidos o incluso pinceles en la superior.<\/p>\n<p>Como el producto original tambien puedes personalizar tu estanter\u00eda con la variaci\u00f3n para botes peque\u00f1os.\u00a0Todas las hileras tendran huecos de 2,5 cm (57)<\/p>\n<p><strong>Material:\u00a0<\/strong>DM<\/p>\n<div class=\"moreinfo\">\n<p><strong>Espesor:<\/strong>\u00a02,5 mm<\/p>\n<p><strong>Tama\u00f1o:\u00a0<\/strong>28cm x 19cm x 17cm<\/p>\n<p><strong>Cantidad:<\/strong>\u00a01 paintrack<\/p>\n<p><strong>Uso:<\/strong>\u00a0Guarda y ten a mano todo tu material de pintura<\/p>\n<\/div>\n<div class=\"infopreorder\"><strong>Nota:<\/strong>Este producto se vende sin montar. Necesitar\u00e1s pegamento para su emsamblaje final.<\/div>\n","protected":false},"excerpt":{"rendered":"<p>Ten a mano y guarda todo tu material de pintar en este \u00fatil paintrack dise\u00f1ado por\u00a0<a href=\"http:\/\/studiogiraldez.blogspot.com.es\/\"><strong>Angel Giraldez<\/strong><\/a><\/p>\n","protected":false},"featured_media":12652,"template":"","meta":{"_acf_changed":false},"product_brand":[],"product_cat":[881,1370,1398,1404,1401],"product_tag":[704],"class_list":{"0":"post-11337","1":"product","2":"type-product","3":"status-publish","4":"has-post-thumbnail","6":"product_cat-angiraldez","7":"product_cat-customeeple-es","8":"product_cat-paintrack-es","9":"product_cat-paintracks-es","10":"product_cat-pintura-y-modelismo","11":"product_tag-giraldez-es-2","13":"first","14":"instock","15":"taxable","16":"shipping-taxable","17":"purchasable","18":"product-type-variable"},"exclude_global_add_ons":[],"addons":[],"acf":[],"_links":{"self":[{"href":"https:\/\/www.customeeple.com\/es\/wp-json\/wp\/v2\/product\/11337","targetHints":{"allow":["GET"]}}],"collection":[{"href":"https:\/\/www.customeeple.com\/es\/wp-json\/wp\/v2\/product"}],"about":[{"href":"https:\/\/www.customeeple.com\/es\/wp-json\/wp\/v2\/types\/product"}],"wp:featuredmedia":[{"embeddable":true,"href":"https:\/\/www.customeeple.com\/es\/wp-json\/wp\/v2\/media\/12652"}],"wp:attachment":[{"href":"https:\/\/www.customeeple.com\/es\/wp-json\/wp\/v2\/media?parent=11337"}],"wp:term":[{"taxonomy":"product_brand","embeddable":true,"href":"https:\/\/www.customeeple.com\/es\/wp-json\/wp\/v2\/product_brand?post=11337"},{"taxonomy":"product_cat","embeddable":true,"href":"https:\/\/www.customeeple.com\/es\/wp-json\/wp\/v2\/product_cat?post=11337"},{"taxonomy":"product_tag","embeddable":true,"href":"https:\/\/www.customeeple.com\/es\/wp-json\/wp\/v2\/product_tag?post=11337"}],"curies":[{"name":"wp","href":"https:\/\/api.w.org\/{rel}","templated":true}]}}