{"id":11043,"date":"2014-12-22T11:44:31","date_gmt":"2014-12-22T10:44:31","guid":{"rendered":"http:\/\/www.customeeple.com\/product\/bases-yu-jing-giraldez\/"},"modified":"2021-08-06T11:55:48","modified_gmt":"2021-08-06T10:55:48","slug":"bases-yu-jing-giraldez","status":"publish","type":"product","link":"https:\/\/www.customeeple.com\/es\/producto\/bases-yu-jing-giraldez\/","title":{"rendered":"Cubiertas de Base YuJing \u2013 Giraldez"},"content":{"rendered":"<div class=\"infopreorder\">Por lo general, el tama\u00f1o de la base de una miniatura es diferente al tama\u00f1o de la parte superior de la base, por ejemplo, una base de 30 mm de M2E Malifaux tiene 25 mm dentro del hueco, por lo que si no est\u00e1 seguro de lo que necesita, puedes verificar el tama\u00f1o de correlaci\u00f3n de base con la parte superior de la base<a href=\"http:\/\/www.customeeple.com\/base-top-size-guide\/\">\u00a0aqu\u00ed.<\/a><\/div>\n<p>Nuestras Cubiertas de bases son perfectas para mejorar el aspecto de tus miniaturas de\u00a0<strong><a href=\"http:\/\/infinitythegame.com\/\" target=\"_blank\" rel=\"noopener\">Infinity\u00a0<\/a>,\u00a0<\/strong>\u00a0han sido dise\u00f1adas en colaboraci\u00f3n con \u00a0<strong><a href=\"http:\/\/studiogiraldez.blogspot.com.es\/\">Angel Giraldez<\/a>\u00a0<\/strong>y son identicas a las de las fotos oficiales para los<span style=\"color: #000000;\">\u00a0<\/span><strong style=\"color: #000000;\"><a href=\"http:\/\/www.infinitythegame.com\/infinity\/en\/category\/yujing\/\">Yu Jing<\/a><\/strong><strong>\u00a0<\/strong>en\u00a0<strong><strong><a href=\"http:\/\/infinitythegame.com\/\" target=\"_blank\" rel=\"noopener\">Infinity\u00a0<\/a><\/strong><\/strong><\/p>\n<p>El producto incluye un set de finas cubiertas grabadas con dise\u00f1o\u00a0<span style=\"color: #000000;\">\u00a0<\/span><strong style=\"color: #000000;\"><a href=\"http:\/\/www.infinitythegame.com\/infinity\/en\/category\/yujing\/\">Yu Jing<\/a>,<\/strong>\u00a0preparadas para ser pegadas encima de las bases est\u00e1ndar de\u00a0<strong><a href=\"http:\/\/infinitythegame.com\/\" target=\"_blank\" rel=\"noopener\">Infinity\u00a0<\/a><\/strong>\u00a0 sin a\u00f1adir demasiado grosor. Encajan perfectamente en bases de 25, 40 y 55 mm. Las bases plasticas\u00a0<strong>NO\u00a0<\/strong>se incluyen, se venden por separado.<\/p>\n<p>Todas las piezas est\u00e1n fabricadas en cart\u00f3n de alta densidad, una superficie de cart\u00f3n para modelismo muy resistente, similar al DM (MDF). Casi no se notar\u00e1 el grosor al pegarlo a la base ya que mide 0,32mm de alto.<\/p>\n<p>Todas las piezas han sido dise\u00f1adas en colaboraci\u00f3n con\u00a0<strong><a href=\"http:\/\/www.corvusbelli.com\/\">Corvus Belli<\/a><\/strong>\u00a0\u00a0para ser totalmente compatibles con<strong>\u00a0<a href=\"http:\/\/infinitythegame.com\/\" target=\"_blank\" rel=\"noopener\"><strong>Infinity the game<\/strong><\/a>.<\/strong><\/p>\n<div class=\"moreinfo\">\n<p><strong>Material:<\/strong>\u00a0Cart\u00f3n de alta densidad<\/p>\n<p><strong>Espesor:\u00a0<\/strong>0,32 mm<strong><br \/>\n<\/strong><\/p>\n<p><strong>Tama\u00f1o:\u00a0<\/strong>Varia<\/p>\n<p><strong>Cantidad:\u00a0<\/strong>2 0 5 cubiertas circulares\u00a0decorativas<\/p>\n<p><strong>Uso:\u00a0<\/strong>Como elemento decorativo para hacer bases personalizadas para las miniaturas de\u00a0<strong><a href=\"http:\/\/www.infinitythegame.com\/faction_YUJ.php\">Yu Jing<\/a>\u00a0<\/strong>para\u00a0<strong><strong><a href=\"http:\/\/www.infinitythegame.com\/infinity\/en\">Infinity<\/a><\/strong><\/strong><\/p>\n<\/div>\n<p><strong>Nota:\u00a0<\/strong>Este producto se vende sin pintar ni montar. El pintado\u00a0de la foto es s\u00f3lo una sugerencia de pintado y esta realizado por\u00a0<strong><a href=\"http:\/\/studiogiraldez.blogspot.com.es\/\">Angel Giraldez<\/a><\/strong><\/p>\n","protected":false},"excerpt":{"rendered":"<p>Decoraci\u00f3n para crear bases personalizadas para las miniaturas de\u00a0<strong><a href=\"http:\/\/www.infinitythegame.com\/faction_YUJ.php\">Yu Jing<\/a><\/strong><b><a href=\"http:\/\/www.infinitythegame.com\/infinity\/es\/category\/pano\/\">\u00a0<\/a><\/b>para\u00a0\u00a0<a href=\"http:\/\/infinitythegame.com\/\" target=\"_blank\" rel=\"noopener\"><strong>Infinity the game<\/strong><\/a><\/p>\n","protected":false},"featured_media":11016,"template":"","meta":{"_acf_changed":false},"product_brand":[],"product_cat":[881,350,304,1370,291,1394,1372],"product_tag":[704,151,306],"class_list":{"0":"post-11043","1":"product","2":"type-product","3":"status-publish","4":"has-post-thumbnail","6":"product_cat-angiraldez","7":"product_cat-bases-es-infinity-es-2","8":"product_cat-bases-es","9":"product_cat-customeeple-es","10":"product_cat-infinity-es-2","11":"product_cat-infinity-es","12":"product_cat-sci-fi-es","13":"product_tag-giraldez-es-2","14":"product_tag-infinity-es","15":"product_tag-infinity-the-game-es-2","16":"pa_bsize-24mm","17":"pa_bsize-1082","18":"pa_bsize-567","20":"first","21":"instock","22":"taxable","23":"shipping-taxable","24":"purchasable","25":"product-type-variable"},"exclude_global_add_ons":[],"addons":[],"acf":[],"_links":{"self":[{"href":"https:\/\/www.customeeple.com\/es\/wp-json\/wp\/v2\/product\/11043","targetHints":{"allow":["GET"]}}],"collection":[{"href":"https:\/\/www.customeeple.com\/es\/wp-json\/wp\/v2\/product"}],"about":[{"href":"https:\/\/www.customeeple.com\/es\/wp-json\/wp\/v2\/types\/product"}],"wp:featuredmedia":[{"embeddable":true,"href":"https:\/\/www.customeeple.com\/es\/wp-json\/wp\/v2\/media\/11016"}],"wp:attachment":[{"href":"https:\/\/www.customeeple.com\/es\/wp-json\/wp\/v2\/media?parent=11043"}],"wp:term":[{"taxonomy":"product_brand","embeddable":true,"href":"https:\/\/www.customeeple.com\/es\/wp-json\/wp\/v2\/product_brand?post=11043"},{"taxonomy":"product_cat","embeddable":true,"href":"https:\/\/www.customeeple.com\/es\/wp-json\/wp\/v2\/product_cat?post=11043"},{"taxonomy":"product_tag","embeddable":true,"href":"https:\/\/www.customeeple.com\/es\/wp-json\/wp\/v2\/product_tag?post=11043"}],"curies":[{"name":"wp","href":"https:\/\/api.w.org\/{rel}","templated":true}]}}