{"id":10765,"date":"2014-11-27T00:01:11","date_gmt":"2014-11-26T23:01:11","guid":{"rendered":"http:\/\/www.customeeple.com\/product\/ficha-personalizada-de-estado-para-infinity-40mm-1-unidad-2\/"},"modified":"2019-08-09T16:19:50","modified_gmt":"2019-08-09T14:19:50","slug":"ficha-personalizada-de-estado-para-infinity-40mm-1-unidad-2","status":"publish","type":"product","link":"https:\/\/www.customeeple.com\/es\/producto\/ficha-personalizada-de-estado-para-infinity-40mm-1-unidad-2\/","title":{"rendered":"Ficha personalizada de estado para Infinity 40mm (1 ud)"},"content":{"rendered":"<p>Este marcador personalizable esta especialmente dise\u00f1ado para las miniaturas de <a href=\"http:\/\/infinitythegame.com\/\" target=\"_blank\"> <strong>Infinity the game <\/strong><\/a>con base grande de 40mm. <a href=\"http:\/\/infinitythegame.com\/\" target=\"_blank\"><strong><br \/> <\/strong><\/a>Todas nuestras fichas est\u00e1n dise\u00f1adas en colaboraci\u00f3n con <strong><a href=\"http:\/\/www.corvusbelli.com\/\">Corvus Belli<\/a><\/strong> para ser totalmente compatibles con <strong><a href=\"http:\/\/infinitythegame.com\/\" target=\"_blank\">Infinity the game<\/a>.<\/strong><\/p>\n<p>Su forma redondeada hace que encaje perfectamente en una base est\u00e1ndar de tags, remotos, etc. Las fichas tienen el nombre del estado que representan grabado, pero tambi\u00e9n est\u00e1n diferenciadas por colores para poder, con una sencilla visual, tener una visi\u00f3n general de lo que ocurre en el campo de batalla. Con esta ficha personalizada puedes elegir el estado y logo de facci\u00f3n que desees:<\/p>\n<ul>\n<li><em><strong>Amarillo\u00a0&#8211;\u00a0Inactiva\/Inconsciente<\/strong><\/em><\/li>\n<li><em><strong>Magenta &#8211; Herido<\/strong><\/em><\/li>\n<li><em><strong>Naranja &#8211;\u00a0Munici\u00f3n agotada<\/strong><\/em><\/li>\n<li><em><strong>Blanco Hielo &#8211; Aislado<\/strong><\/em><\/li>\n<\/ul>\n<p><strong><br \/> <\/strong>Todas las piezas est\u00e1n fabricadas en metacrilato fluorescente.<\/p>\n<div class=\"moreinfo\">\n<p><strong>Material<\/strong>: Metacrilato fluorescente.<\/p>\n<p><strong>Espesor:<\/strong>\u00a03 mm<\/p>\n<p><strong>Tama\u00f1o:<\/strong>\u00a03,4 x 1,5 cm<\/p>\n<p><strong>Cantidad:<\/strong> 1 unidad<\/p>\n<p><strong>Uso:<\/strong>\u00a0Marca el estado de tus miniaturas con base de 40 mm en <strong><a href=\"http:\/\/www.infinitythegame.com\/infinity\/es\/\">Infinity the game<\/a>.<\/strong><\/p>\n<p><strong>Nota:<\/strong>\u00a0Las miniaturas no est\u00e1n incluidas.<\/p>\n<\/div>\n<p>\u00a0<\/p>\n","protected":false},"excerpt":{"rendered":"<p>Marcadores de estado dise\u00f1ados para tus miniaturas grandes de\u00a0<a href=\"http:\/\/www.infinitythegame.com\/infinity\/es\/\"><strong>Infinity the game<\/strong><\/a><\/p>\n","protected":false},"featured_media":7129,"template":"","meta":{"_acf_changed":false},"product_brand":[],"product_cat":[1364,291,347,78,1394,1372],"product_tag":[151,306],"class_list":{"0":"post-10765","1":"product","2":"type-product","3":"status-publish","4":"has-post-thumbnail","6":"product_cat-infinity-2","7":"product_cat-infinity-es-2","8":"product_cat-marcadores-es","9":"product_cat-meeple-2","10":"product_cat-infinity-es","11":"product_cat-sci-fi-es","12":"product_tag-infinity-es","13":"product_tag-infinity-the-game-es-2","14":"pa_ifactions-alhes","15":"pa_ifactions-ardes","16":"pa_ifactions-cares","17":"pa_ifactions-genes","18":"pa_ifactions-haqes","19":"pa_ifactions-jsa-es","20":"pa_ifactions-nomes","21":"pa_ifactions-012-es","22":"pa_ifactions-panes","23":"pa_ifactions-tohes","24":"pa_ifactions-yuges","25":"pa_language-in","26":"pa_language-cas","27":"pa_language-spanish","28":"pa_status-amarillo-inactivo","29":"pa_status-amarillo-inconsciente","30":"pa_status-aislado","31":"pa_status-magenta-herido","32":"pa_status-naranja-sin-municion","34":"first","35":"instock","36":"taxable","37":"shipping-taxable","38":"purchasable","39":"product-type-variable"},"exclude_global_add_ons":[],"addons":[],"acf":[],"_links":{"self":[{"href":"https:\/\/www.customeeple.com\/es\/wp-json\/wp\/v2\/product\/10765","targetHints":{"allow":["GET"]}}],"collection":[{"href":"https:\/\/www.customeeple.com\/es\/wp-json\/wp\/v2\/product"}],"about":[{"href":"https:\/\/www.customeeple.com\/es\/wp-json\/wp\/v2\/types\/product"}],"wp:featuredmedia":[{"embeddable":true,"href":"https:\/\/www.customeeple.com\/es\/wp-json\/wp\/v2\/media\/7129"}],"wp:attachment":[{"href":"https:\/\/www.customeeple.com\/es\/wp-json\/wp\/v2\/media?parent=10765"}],"wp:term":[{"taxonomy":"product_brand","embeddable":true,"href":"https:\/\/www.customeeple.com\/es\/wp-json\/wp\/v2\/product_brand?post=10765"},{"taxonomy":"product_cat","embeddable":true,"href":"https:\/\/www.customeeple.com\/es\/wp-json\/wp\/v2\/product_cat?post=10765"},{"taxonomy":"product_tag","embeddable":true,"href":"https:\/\/www.customeeple.com\/es\/wp-json\/wp\/v2\/product_tag?post=10765"}],"curies":[{"name":"wp","href":"https:\/\/api.w.org\/{rel}","templated":true}]}}