{"id":10763,"date":"2014-11-27T00:01:15","date_gmt":"2014-11-26T23:01:15","guid":{"rendered":"http:\/\/www.customeeple.com\/product\/ficha-personalizada-de-estado-para-infinity-1-unidad\/"},"modified":"2019-08-09T16:19:33","modified_gmt":"2019-08-09T14:19:33","slug":"ficha-personalizada-de-estado-para-infinity-1-unidad","status":"publish","type":"product","link":"https:\/\/www.customeeple.com\/es\/producto\/ficha-personalizada-de-estado-para-infinity-1-unidad\/","title":{"rendered":"Ficha personalizada de estado para Infinity (1 ud)"},"content":{"rendered":"<p>Una ficha personalizada para marcar el estado de una miniatura en <a href=\"http:\/\/www.infinitythegame.com\/infinity\/es\/\"><strong>Infinity the game<\/strong><\/a>. Su forma redondeada hace que encaje perfectamente en una base est\u00e1ndar de infanter\u00eda. Las fichas tienen el nombre del estado que representan grabado pero tambi\u00e9n est\u00e1n diferenciadas por colores para poder con un\u00a0simple vistazo\u00a0tener una visi\u00f3n general de lo que ocurre en el campo de batalla. Con esta ficha personalizada puedes elegir el estado y logo de facci\u00f3n que desees.<\/p>\n<p>Todas nuestras fichas est\u00e1n dise\u00f1adas en colaboraci\u00f3n con <strong><a href=\"http:\/\/www.corvusbelli.com\/\">Corvus Belli<\/a><\/strong> para ser totalmente compatibles con <strong><a href=\"http:\/\/infinitythegame.com\/\" target=\"_blank\">Infinity the game<\/a>.<\/strong><\/p>\n<ul>\n<li><strong><i>Verde-Cuerpo a tierra<\/i><\/strong><\/li>\n<li><strong><i>Amarillo-Inconsciente<\/i><\/strong><\/li>\n<li><strong><i>Amarillo-Inactivo<\/i><\/strong><\/li>\n<li><strong><i>Magenta-Herido<\/i><\/strong><\/li>\n<li><strong><i>Azul-L\u00edder<\/i><\/strong><\/li>\n<li><strong><i>Naranja- Munici\u00f3n agotada<\/i><\/strong><\/li>\n<li><strong><em>Blanco hielo &#8211; Aislado<\/em><\/strong><\/li>\n<\/ul>\n<p>Todas las fichas est\u00e1n fabricadas en metacrilato fluorescente.<\/p>\n<div class=\"moreinfo\">\n<p><strong>Material<\/strong>: Metacrilato fluorescente<\/p>\n<p><strong>Espesor:<\/strong>\u00a03 mm<\/p>\n<p><strong>Tama\u00f1o:<\/strong>\u00a012\u00a0x 24,5 mm<\/p>\n<p><strong>Cantidad:<\/strong> 1 unidad<\/p>\n<p><strong>Uso:<\/strong>\u00a0Marca el estado de tus miniaturas en <strong><a href=\"http:\/\/www.infinitythegame.com\/infinity\/es\/\">Infinity the game<\/a>.<\/strong><\/p>\n<\/div>\n","protected":false},"excerpt":{"rendered":"<p>Marcadores de estado dise\u00f1ados para\u00a0<a href=\"http:\/\/www.infinitythegame.com\/infinity\/es\/\"><strong>Infinity the game<\/strong><\/a><\/p>\n","protected":false},"featured_media":7131,"template":"","meta":{"_acf_changed":false},"product_brand":[],"product_cat":[1364,291,78,1394,1372],"product_tag":[151,306],"class_list":{"0":"post-10763","1":"product","2":"type-product","3":"status-publish","4":"has-post-thumbnail","6":"product_cat-infinity-2","7":"product_cat-infinity-es-2","8":"product_cat-meeple-2","9":"product_cat-infinity-es","10":"product_cat-sci-fi-es","11":"product_tag-infinity-es","12":"product_tag-infinity-the-game-es-2","13":"pa_ifactions-alhes","14":"pa_ifactions-ardes","15":"pa_ifactions-cares","16":"pa_ifactions-genes","17":"pa_ifactions-haqes","18":"pa_ifactions-jsa-es","19":"pa_ifactions-nomes","20":"pa_ifactions-012-es","21":"pa_ifactions-panes","22":"pa_ifactions-tohes","23":"pa_ifactions-yuges","24":"pa_language-in","25":"pa_language-cas","26":"pa_language-spanish","27":"pa_status-amarillo-inactivo","28":"pa_status-amarillo-inconsciente","29":"pa_status-azul-lider","30":"pa_status-aislado","31":"pa_status-magenta-herido","32":"pa_status-naranja-sin-municion","33":"pa_status-verde-cuerpo-a-tierra","35":"first","36":"instock","37":"taxable","38":"shipping-taxable","39":"purchasable","40":"product-type-variable"},"exclude_global_add_ons":[],"addons":[],"acf":[],"_links":{"self":[{"href":"https:\/\/www.customeeple.com\/es\/wp-json\/wp\/v2\/product\/10763","targetHints":{"allow":["GET"]}}],"collection":[{"href":"https:\/\/www.customeeple.com\/es\/wp-json\/wp\/v2\/product"}],"about":[{"href":"https:\/\/www.customeeple.com\/es\/wp-json\/wp\/v2\/types\/product"}],"wp:featuredmedia":[{"embeddable":true,"href":"https:\/\/www.customeeple.com\/es\/wp-json\/wp\/v2\/media\/7131"}],"wp:attachment":[{"href":"https:\/\/www.customeeple.com\/es\/wp-json\/wp\/v2\/media?parent=10763"}],"wp:term":[{"taxonomy":"product_brand","embeddable":true,"href":"https:\/\/www.customeeple.com\/es\/wp-json\/wp\/v2\/product_brand?post=10763"},{"taxonomy":"product_cat","embeddable":true,"href":"https:\/\/www.customeeple.com\/es\/wp-json\/wp\/v2\/product_cat?post=10763"},{"taxonomy":"product_tag","embeddable":true,"href":"https:\/\/www.customeeple.com\/es\/wp-json\/wp\/v2\/product_tag?post=10763"}],"curies":[{"name":"wp","href":"https:\/\/api.w.org\/{rel}","templated":true}]}}