{"id":10670,"date":"2014-11-27T00:01:21","date_gmt":"2014-11-26T15:57:21","guid":{"rendered":"http:\/\/www.customeeple.com\/product\/pack-de-actualizacion-n3-6-unidades\/"},"modified":"2015-09-07T11:55:51","modified_gmt":"2015-09-07T09:55:51","slug":"pack-de-actualizacion-n3-6-unidades","status":"publish","type":"product","link":"https:\/\/www.customeeple.com\/es\/producto\/pack-de-actualizacion-n3-6-unidades\/","title":{"rendered":""},"content":{"rendered":"<p>Un completo pack pensado para todos aquellos que ya han comprado alguno de nuestras piezas y quieren actualizarlas para el N3.<\/p>\n<p>Nuestro pack de actualizaci\u00f3n incluye:<\/p>\n<ul>\n<li><em><strong>4 Fichas de mando<\/strong><\/em><\/li>\n<li><em><strong>1 Marcador de estado Aislado<\/strong><\/em><\/li>\n<li><em><strong>1 Orden azul<\/strong><\/em><\/li>\n<\/ul>\n<p>Como siempre puedes elegir el lenguaje y la facci\u00f3n de las piezas para que encajen con las que ya tienes*. En el caso de elegir un sectorial el mascador de estado estar\u00e1n grabado con el logo de la facci\u00f3n a la que pertenecen.<\/p>\n<p>Todas las piezas han sido dise\u00f1adas con la colaboraci\u00f3n de <strong><a href=\"http:\/\/www.corvusbelli.com\/\">Corvus Belli<\/a><\/strong>\u00a0para ser totalmente compatibles con la nueva edici\u00f3n N3 \u00a0<a href=\"http:\/\/infinitythegame.com\/\" target=\"_blank\"><strong>Infinity the game<\/strong><\/a>.<\/p>\n<p>\u00a0<\/p>\n<div class=\"moreinfo\">\n<p><strong>Material: <\/strong>Metacrilato fluorescente.<\/p>\n<p><strong>Espesor: <\/strong>3 mm<\/p>\n<p><strong>Tama\u00f1o:\u00a0<\/strong>Varios<\/p>\n<p><strong>Cantidad: <\/strong>6 unidades<\/p>\n<p><strong>Uso:<\/strong>\u00a0Un lote de piezas pensado para actualizar tus componentes de <strong>Customeeple<\/strong> de \u00a0<strong><a href=\"http:\/\/infinitythegame.com\/\" target=\"_blank\">Infinity\u00a0<\/a><\/strong>para el\u00a0N3.<\/p>\n<\/div>\n<p><strong>\u00a0<\/strong><br \/> * excepto en los tokens de mando que solo van grabados en ingl\u00e9s<\/p>\n","protected":false},"excerpt":{"rendered":"<p>Lote de piezas para actualizar tus componentes de\u00a0<strong>Customeeple<\/strong>\u00a0de\u00a0\u00a0<strong><a href=\"http:\/\/infinitythegame.com\/\" target=\"_blank\">Infinity\u00a0<\/a><\/strong>para el\u00a0N3<\/p>\n","protected":false},"featured_media":10795,"template":"","meta":{"_acf_changed":false},"product_brand":[],"product_cat":[291,78,1372],"product_tag":[151,306],"class_list":{"0":"post-10670","1":"product","2":"type-product","3":"status-publish","4":"has-post-thumbnail","6":"product_cat-infinity-es-2","7":"product_cat-meeple-2","8":"product_cat-sci-fi-es","9":"product_tag-infinity-es","10":"product_tag-infinity-the-game-es-2","11":"pa_ilogo-scr-es","12":"pa_ilogo-acontecimiento","13":"pa_ilogo-aleph-es","14":"pa_ilogo-ariadna-es","15":"pa_ilogo-bakunin-es","16":"pa_ilogo-caledonios-es","17":"pa_ilogo-corregidor-es","18":"pa_ilogo-ejercito-combinado-es","19":"pa_ilogo-falange-de-acero-es","20":"pa_ilogo-haqqislam-es","21":"pa_ilogo-hassassin-bahram-es","22":"pa_ilogo-jsa-es","23":"pa_ilogo-mercenarios-es","24":"pa_ilogo-merovingios-es","25":"pa_ilogo-morat-es","26":"pa_ilogo-neoterra-es","27":"pa_ilogo-nomadas-es","28":"pa_ilogo-ordenes-militares-es","29":"pa_ilogo-panceania","30":"pa_ilogo-qapu-khalqi-es","31":"pa_ilogo-servicio-imperial-es","32":"pa_ilogo-shasvastii-es","33":"pa_ilogo-tohaa-es","34":"pa_ilogo-yu-jing-es","35":"pa_language-in","36":"pa_language-cas","37":"pa_language-spanish","39":"first","40":"instock","41":"taxable","42":"shipping-taxable","43":"purchasable","44":"product-type-variable"},"exclude_global_add_ons":[],"addons":[],"acf":[],"_links":{"self":[{"href":"https:\/\/www.customeeple.com\/es\/wp-json\/wp\/v2\/product\/10670","targetHints":{"allow":["GET"]}}],"collection":[{"href":"https:\/\/www.customeeple.com\/es\/wp-json\/wp\/v2\/product"}],"about":[{"href":"https:\/\/www.customeeple.com\/es\/wp-json\/wp\/v2\/types\/product"}],"wp:featuredmedia":[{"embeddable":true,"href":"https:\/\/www.customeeple.com\/es\/wp-json\/wp\/v2\/media\/10795"}],"wp:attachment":[{"href":"https:\/\/www.customeeple.com\/es\/wp-json\/wp\/v2\/media?parent=10670"}],"wp:term":[{"taxonomy":"product_brand","embeddable":true,"href":"https:\/\/www.customeeple.com\/es\/wp-json\/wp\/v2\/product_brand?post=10670"},{"taxonomy":"product_cat","embeddable":true,"href":"https:\/\/www.customeeple.com\/es\/wp-json\/wp\/v2\/product_cat?post=10670"},{"taxonomy":"product_tag","embeddable":true,"href":"https:\/\/www.customeeple.com\/es\/wp-json\/wp\/v2\/product_tag?post=10670"}],"curies":[{"name":"wp","href":"https:\/\/api.w.org\/{rel}","templated":true}]}}