{"id":10662,"date":"2014-11-27T00:01:00","date_gmt":"2014-11-25T09:35:00","guid":{"rendered":"http:\/\/www.customeeple.com\/product\/pack-en-caja-de-infinity-47-unidades\/"},"modified":"2019-08-09T16:27:11","modified_gmt":"2019-08-09T14:27:11","slug":"pack-en-caja-de-infinity-47-unidades","status":"publish","type":"product","link":"https:\/\/www.customeeple.com\/es\/producto\/pack-en-caja-de-infinity-47-unidades\/","title":{"rendered":"Pack en caja de Infinity (46 unidades)"},"content":{"rendered":"<p>Una completa selecci\u00f3n de nuestros componentes para <a href=\"http:\/\/infinitythegame.com\/\" target=\"_blank\"><strong>Infinity\u00a0<\/strong><\/a>presentados en una preciosa caja de almacenamiento personalizada<\/p>\n<p>El pack incluye:<\/p>\n<ul>\n<li><em>\u00a01\u00a0<a title=\"Infinity Caja de almacenamiento personalizada\" href=\"\/?p=7904\"><strong>Caja de almacenamiento personalizada<\/strong><\/a> con el logo de la facci\u00f3n que elijas<br \/> <\/em><\/li>\n<li><em>21<a title=\"Set de Fichas de \u00f3rdenes para Infinity (21 Unidades)\" href=\"\/?p=4615\"><strong>\u00a0Fichas de \u00f3rdenes<\/strong><\/a> (10 Verdes, 5 Amarillas, 5 Magenta, 1 azul)<\/em><\/li>\n<li><em>14 <a title=\"Set de Fichas de estado para Infinity (14 unidades)\" href=\"\/?p=4713\"><strong>Fichas de estado<\/strong> <\/a>(4 Cuerpo a tierra, 4 Inconsciente, 3 Heridas, 1 Lider, 1 Sin munici\u00f3n,1 aislado)<\/em><\/li>\n<li><em>2 \u00a0<strong><a title=\"Marcador de fuego de supresi\u00f3n (2 unidades)\" href=\"\/?p=4904\">Marcadores de fuego de supresi\u00f3n<\/a>\u00a0<\/strong>(adaptados para las nuevas reglas del N3)<\/em><\/li>\n<li><em>3\u00a0<a title=\"Marcador de linea de visi\u00f3n para Infinity (2 ud)\" href=\"\/?p=7374\"><strong>Marcadores de l\u00ednea de visi\u00f3n <\/strong><\/a><\/em><\/li>\n<li><em>1\u00a0<a title=\"Marcador de linea de visi\u00f3n para Infinity 40 mm (2 unidades)\" href=\"\/?p=7901\"><strong>Marcadores de l\u00ednea de visi\u00f3n <\/strong><\/a>de 40 mm<\/em><\/li>\n<li><em>4 \u00a0<a href=\"\/?p=10669\"><strong>Fichas de Mando<\/strong><\/a><\/em><\/li>\n<\/ul>\n<p>Cada pack est\u00e1 vinculado a la facci\u00f3n que elijas: La caja y fichas tendr\u00e1n grabados el logo de la facci\u00f3n y el color de los marcadores de l\u00ednea de visi\u00f3n corresponder\u00e1 con las siluetas de camuflaje de la facci\u00f3n. En los sectoriales todas las fichas vendran con el logo del sectorial excepto los estados<\/p>\n<p>Todas las fichas han sido fabricadas en colaboraci\u00f3n con <strong><a href=\"http:\/\/www.corvusbelli.com\/\">Corvus Belli<\/a><\/strong> para ser totalmente compatibles con <a href=\"http:\/\/infinitythegame.com\/\" target=\"_blank\"><strong>Infinity the game<\/strong><\/a>.<\/p>\n<p>\u00a0<\/p>\n<div class=\"moreinfo\">\n<p><strong>Material: <\/strong>Metacrilato fluorescente\/pl\u00e1stico sin PVC (PP)<\/p>\n<p><strong>Espesor: <\/strong>3 mm<\/p>\n<p><strong>Tama\u00f1o: <\/strong>Varios<\/p>\n<p><strong>Cantidad: <\/strong>47 piezas, incluyendo la caja<\/p>\n<p><strong>Uso:<\/strong> Una completa selecci\u00f3n de fichas de\u00a0 <a href=\"http:\/\/infinitythegame.com\/\" target=\"_blank\"><strong>Infinity<\/strong> <\/a>para una facci\u00f3n<\/p>\n<p><strong>Nota<\/strong>:\u00a0Los colores de las piezas de metacrilato pueden variar ligeramente de la foto.<\/p>\n<\/div>\n<p>\u00a0<\/p>\n","protected":false},"excerpt":{"rendered":"<p>Una completa selecci\u00f3n de fichas de\u00a0\u00a0<a href=\"http:\/\/infinitythegame.com\/\" target=\"_blank\"><strong>Infinity<\/strong>\u00a0\u00a0<\/a>presentados en una caja de almacenamiento<\/p>\n","protected":false},"featured_media":10807,"template":"","meta":{"_acf_changed":false},"product_brand":[],"product_cat":[291,78,1372],"product_tag":[151,306],"class_list":{"0":"post-10662","1":"product","2":"type-product","3":"status-publish","4":"has-post-thumbnail","6":"product_cat-infinity-es-2","7":"product_cat-meeple-2","8":"product_cat-sci-fi-es","9":"product_tag-infinity-es","10":"product_tag-infinity-the-game-es-2","11":"pa_ilogo-acontecimiento","12":"pa_ilogo-aleph-es","13":"pa_ilogo-ariadna-es","14":"pa_ilogo-bakunin-es","15":"pa_ilogo-caledonios-es","16":"pa_ilogo-corregidor-es","17":"pa_ilogo-druze","18":"pa_ilogo-ejercito-combinado-es","19":"pa_ilogo-falange-de-acero-es","20":"pa_ilogo-onyx-es","21":"pa_ilogo-generico-es","22":"pa_ilogo-haqqislam-es","23":"pa_ilogo-hassassin-bahram-es","24":"pa_ilogo-ikari","25":"pa_ilogo-invencible-army-es","26":"pa_ilogo-jsa-es","27":"pa_ilogo-mercenarios-es","28":"pa_ilogo-merovingios-es","29":"pa_ilogo-morat-es","30":"pa_ilogo-neoterra-es","31":"pa_ilogo-nomadas-es","32":"pa_ilogo-not-aligned-es","33":"pa_ilogo-o-12-es","34":"pa_ilogo-ordenes-militares-es","35":"pa_ilogo-panceania","36":"pa_ilogo-qapu-khalqi-es","37":"pa_ilogo-servicio-imperial-es","38":"pa_ilogo-shasvastii-es","39":"pa_ilogo-scr-es","40":"pa_ilogo-starco","41":"pa_ilogo-subsection-sss","42":"pa_ilogo-tartary-army","43":"pa_ilogo-tohaa-es","44":"pa_ilogo-usariadna-es","45":"pa_ilogo-varuna","46":"pa_ilogo-yu-jing-es","47":"pa_language-in","48":"pa_language-cas","49":"pa_language-spanish","51":"first","52":"instock","53":"taxable","54":"shipping-taxable","55":"purchasable","56":"product-type-variable"},"exclude_global_add_ons":[],"addons":[],"acf":[],"_links":{"self":[{"href":"https:\/\/www.customeeple.com\/es\/wp-json\/wp\/v2\/product\/10662","targetHints":{"allow":["GET"]}}],"collection":[{"href":"https:\/\/www.customeeple.com\/es\/wp-json\/wp\/v2\/product"}],"about":[{"href":"https:\/\/www.customeeple.com\/es\/wp-json\/wp\/v2\/types\/product"}],"wp:featuredmedia":[{"embeddable":true,"href":"https:\/\/www.customeeple.com\/es\/wp-json\/wp\/v2\/media\/10807"}],"wp:attachment":[{"href":"https:\/\/www.customeeple.com\/es\/wp-json\/wp\/v2\/media?parent=10662"}],"wp:term":[{"taxonomy":"product_brand","embeddable":true,"href":"https:\/\/www.customeeple.com\/es\/wp-json\/wp\/v2\/product_brand?post=10662"},{"taxonomy":"product_cat","embeddable":true,"href":"https:\/\/www.customeeple.com\/es\/wp-json\/wp\/v2\/product_cat?post=10662"},{"taxonomy":"product_tag","embeddable":true,"href":"https:\/\/www.customeeple.com\/es\/wp-json\/wp\/v2\/product_tag?post=10662"}],"curies":[{"name":"wp","href":"https:\/\/api.w.org\/{rel}","templated":true}]}}