{"id":10643,"date":"2014-11-27T00:01:27","date_gmt":"2014-11-25T09:22:27","guid":{"rendered":"http:\/\/www.customeeple.com\/product\/set-de-fichas-de-estado-para-infinity-14-unidades\/"},"modified":"2019-08-26T08:49:30","modified_gmt":"2019-08-26T06:49:30","slug":"set-de-fichas-de-estado-para-infinity-14-unidades","status":"publish","type":"product","link":"https:\/\/www.customeeple.com\/es\/producto\/set-de-fichas-de-estado-para-infinity-14-unidades\/","title":{"rendered":"Infinity Status Tokens (14 Uds)"},"content":{"rendered":"<p>Set oficial de fichas dise\u00f1adas para\u00a0<strong><a href=\"http:\/\/infinitythegame.com\/\" target=\"_blank\" rel=\"noopener noreferrer\"><strong>Infinity the game<\/strong><\/a><\/strong>.<strong>\u00a0<\/strong>Todas nuestras fichas est\u00e1n dise\u00f1adas en colaboraci\u00f3n con <strong><a href=\"http:\/\/www.corvusbelli.com\/\">Corvus Belli<\/a><\/strong> para ser totalmente compatibles con <strong><a href=\"http:\/\/infinitythegame.com\/\" target=\"_blank\" rel=\"noopener noreferrer\">Infinity<\/a>.<\/strong><\/p>\n<p>Su forma redondeada hace que encajen perfectamente en una base est\u00e1ndar de infanter\u00eda y marcar su estado actual. Todas las fichas tienen el nombre del estado que representan grabado pero tambi\u00e9n est\u00e1n diferenciadas por colores para poder con una sencilla visual tener una visi\u00f3n general de lo que ocurre en el campo de batalla, adem\u00e1s puedes elegir el logo de la facci\u00f3n que quieras. Cada color marca un tipo de estado:<\/p>\n<ul>\n<li><strong><i>Verde-Cuerpo a tierra ( 4 unidades)<\/i><\/strong><\/li>\n<li><strong><i>Amarillo-Inconsciente (4 unidades)<\/i><\/strong><\/li>\n<li><strong><i>Magenta-Herida <strong><i>(3 unidades)<\/i><\/strong><\/i><\/strong><\/li>\n<li><strong><i>Azul-L\u00edder <strong><i>(1 unidad)<\/i><\/strong><\/i><\/strong><\/li>\n<li><strong><em>Naranja- Sin munici\u00f3n (1 unidad)<\/em><\/strong><\/li>\n<li><strong><em>Blanco hielo &#8211; Aislado (1 unidad)<\/em><\/strong><\/li>\n<\/ul>\n<p>Todas nuestras fichas est\u00e1n dise\u00f1adas en colaboraci\u00f3n con\u00a0<strong><a href=\"http:\/\/www.corvusbelli.com\/\">Corvus Belli<\/a><\/strong>\u00a0para ser totalmente compatibles con\u00a0<strong><a href=\"http:\/\/infinitythegame.com\/\" target=\"_blank\" rel=\"noopener noreferrer\">Infinity<\/a>.<\/strong><\/p>\n<p>&nbsp;<\/p>\n<div class=\"moreinfo\">\n<p><strong>Material<\/strong>: Metacrilato fluorescente<\/p>\n<p><strong>Espesor:<\/strong>\u00a03 mm<\/p>\n<p><strong>Tama\u00f1o:<\/strong>\u00a012\u00a0x 24,5 mm.<\/p>\n<p><strong>Cantidad:<\/strong> 14 unidades (1 l\u00edder, 3 heridas, 4 cuerpo a tierra, 4 inconsciente, 1 sin munici\u00f3n. 1 aislado)<\/p>\n<p><strong>Uso:<\/strong>\u00a0Marca el estado de tus miniaturas en\u00a0<strong><strong><a href=\"http:\/\/infinitythegame.com\/\" target=\"_blank\" rel=\"noopener noreferrer\"><strong>Infinity the game<\/strong><\/a><\/strong><\/strong><\/p>\n<\/div>\n","protected":false},"excerpt":{"rendered":"<p>Set de marcadores de estado dise\u00f1ados para\u00a0<strong><a href=\"http:\/\/infinitythegame.com\/\" target=\"_blank\" rel=\"noopener noreferrer\"><strong>Infinity the game<\/strong><\/a><\/strong><\/p>\n","protected":false},"featured_media":10793,"template":"","meta":{"_acf_changed":false},"product_brand":[],"product_cat":[291,348,347,78,1394,1372],"product_tag":[151,306],"class_list":{"0":"post-10643","1":"product","2":"type-product","3":"status-publish","4":"has-post-thumbnail","6":"product_cat-infinity-es-2","7":"product_cat-lote-infinity-es-2","8":"product_cat-marcadores-es","9":"product_cat-meeple-2","10":"product_cat-infinity-es","11":"product_cat-sci-fi-es","12":"product_tag-infinity-es","13":"product_tag-infinity-the-game-es-2","15":"first","16":"instock","17":"taxable","18":"shipping-taxable","19":"purchasable","20":"product-type-variable"},"exclude_global_add_ons":[],"addons":[],"acf":[],"_links":{"self":[{"href":"https:\/\/www.customeeple.com\/es\/wp-json\/wp\/v2\/product\/10643","targetHints":{"allow":["GET"]}}],"collection":[{"href":"https:\/\/www.customeeple.com\/es\/wp-json\/wp\/v2\/product"}],"about":[{"href":"https:\/\/www.customeeple.com\/es\/wp-json\/wp\/v2\/types\/product"}],"wp:featuredmedia":[{"embeddable":true,"href":"https:\/\/www.customeeple.com\/es\/wp-json\/wp\/v2\/media\/10793"}],"wp:attachment":[{"href":"https:\/\/www.customeeple.com\/es\/wp-json\/wp\/v2\/media?parent=10643"}],"wp:term":[{"taxonomy":"product_brand","embeddable":true,"href":"https:\/\/www.customeeple.com\/es\/wp-json\/wp\/v2\/product_brand?post=10643"},{"taxonomy":"product_cat","embeddable":true,"href":"https:\/\/www.customeeple.com\/es\/wp-json\/wp\/v2\/product_cat?post=10643"},{"taxonomy":"product_tag","embeddable":true,"href":"https:\/\/www.customeeple.com\/es\/wp-json\/wp\/v2\/product_tag?post=10643"}],"curies":[{"name":"wp","href":"https:\/\/api.w.org\/{rel}","templated":true}]}}