{"id":10628,"date":"2019-03-27T00:01:28","date_gmt":"2019-03-26T23:01:28","guid":{"rendered":"http:\/\/www.customeeple.com\/product\/fichas-de-ordenes-de-sectoriales-para-infinity-21-unidades-3\/"},"modified":"2022-04-08T11:14:22","modified_gmt":"2022-04-08T10:14:22","slug":"fichas-de-ordenes-de-sectoriales-para-infinity-21-unidades-3","status":"publish","type":"product","link":"https:\/\/www.customeeple.com\/es\/producto\/fichas-de-ordenes-de-sectoriales-para-infinity-21-unidades-3\/","title":{"rendered":"Fichas de \u00f3rdenes de Sectoriales para Infinity (21 ud)"},"content":{"rendered":"<p>Set oficial de \u00f3rdenes dise\u00f1adas para <strong><a href=\"http:\/\/www.infinitythegame.com\/infinity\/es\/\">Infinity the game<\/a>,<\/strong> grabadas con el logo de tu ej\u00e9rcito sectorial favorito:<strong><a href=\"http:\/\/www.infinitythegame.com\/infinity\/es\/category\/aleph\/\">\u00a0<\/a><a href=\"http:\/\/www.infinitythegame.com\/infinity\/en\/2011\/access\/infinity-sectorial-armies\/\">Neoterra, Imperial service, Qapu Khalqi<\/a><\/strong>\u2026 Marca tus acciones en el juego usando piezas con los logos oficiales de <strong><a href=\"http:\/\/www.infinitythegame.com\/infinity\/es\/\">Infinity<\/a>.<\/strong><\/p>\n<p>El set viene con suficientes \u00f3rdenes para emplearse en la mayor\u00eda de las configuraciones de ej\u00e9rcito, con colores variables para representar diferentes tipos de \u00f3rdenes:<\/p>\n<ul>\n<li><strong><em>10 Verdes &#8211; regulares<\/em><\/strong><\/li>\n<li><strong><em>5 magenta &#8211; impetuosas<\/em><\/strong><\/li>\n<li><strong><em>5 amarillas &#8211; irregulares<\/em><\/strong><\/li>\n<li><strong><em>1 azul &#8211; teniente<\/em><\/strong><\/li>\n<\/ul>\n<p>Todas nuestras fichas est\u00e1n dise\u00f1adas en colaboraci\u00f3n con <strong><a href=\"http:\/\/www.corvusbelli.com\/\">Corvus Belli<\/a><\/strong> para ser totalmente compatibles con <strong><a href=\"http:\/\/infinitythegame.com\/\" target=\"_blank\" rel=\"noopener\">Infinity<\/a>.<\/strong><\/p>\n<div>\n<div class=\"moreinfo\">\n<p>&nbsp;<\/p>\n<p><strong>Material:<\/strong> Metacrilato fluorescente.<\/p>\n<p><strong>Espesor:<\/strong> 3 mm<\/p>\n<p><strong>Tama\u00f1o:<\/strong> 17 x 20 mm.<\/p>\n<p><strong>Cantidad:<\/strong> 21 unidades\u00a0(10 verdes, 5 amarillas, 5 magenta. 1 azul)<\/p>\n<p><strong>Uso:<\/strong> Marca tus acciones de ej\u00e9rcitos sectoriales en<strong><a href=\"http:\/\/www.infinitythegame.com\/infinity\/es\/\"> Infinity the game<\/a>.<\/strong><\/p>\n<\/div>\n<div class=\"infopreorder\">\n<p><strong>Nota:<\/strong> Miniaturas no incluidas. La imagen es un ejemplo de color y de facci\u00f3n, pero la cantidad es la contemplada en el texto.<\/p>\n<\/div>\n<\/div>\n","protected":false},"excerpt":{"rendered":"<p>Fichas de \u00f3rdenes para ej\u00e9rcitos sectoriales de\u00a0<a href=\"http:\/\/www.infinitythegame.com\/infinity\/en\"><strong>Infinity the game<\/strong><\/a><\/p>\n","protected":false},"featured_media":41925,"template":"","meta":{"_acf_changed":false},"product_brand":[],"product_cat":[191,1370,291,348,347,78,1394,2360,1372],"product_tag":[646,306],"class_list":{"0":"post-10628","1":"product","2":"type-product","3":"status-publish","4":"has-post-thumbnail","6":"product_cat-accesorios","7":"product_cat-customeeple-es","8":"product_cat-infinity-es-2","9":"product_cat-lote-infinity-es-2","10":"product_cat-marcadores-es","11":"product_cat-meeple-2","12":"product_cat-infinity-es","13":"product_cat-productos-oficiales","14":"product_cat-sci-fi-es","15":"product_tag-infinity-es-2","16":"product_tag-infinity-the-game-es-2","17":"pa_isec-acontecimento-2","18":"pa_isec-bakunin-2","19":"pa_isec-cal","20":"pa_isec-corregidor-2","21":"pa_isec-dashat-company-es","22":"pa_isec-druze","23":"pa_isec-falg","24":"pa_isec-foreign-company-es","25":"pa_isec-onyx-es","26":"pa_isec-hassassin-2","27":"pa_isec-ikari","28":"pa_isec-invencible-army","29":"pa_isec-jsa-2","30":"pa_isec-kosmoflot-es","31":"pa_isec-merc","32":"pa_isec-mero","33":"pa_isec-morat-2","34":"pa_isec-neoterra-2","35":"pa_isec-not-aligned-es","36":"pa_isec-ord","37":"pa_isec-qapu-2","38":"pa_isec-ramah-taskforce-es","39":"pa_isec-simperial","40":"pa_isec-shasvastii-2","41":"pa_isec-scr","42":"pa_isec-starco","43":"pa_isec-starmada-es","44":"pa_isec-subsection-sss","45":"pa_isec-svalarheima-es","46":"pa_isec-tartary-army","47":"pa_isec-tunguska-es","48":"pa_isec-usariadna-es","49":"pa_isec-var-es","50":"pa_isec-white-banner-army-es","51":"pa_isec-white-company-es","53":"first","54":"instock","55":"taxable","56":"shipping-taxable","57":"purchasable","58":"product-type-variable"},"exclude_global_add_ons":[],"addons":[],"acf":[],"_links":{"self":[{"href":"https:\/\/www.customeeple.com\/es\/wp-json\/wp\/v2\/product\/10628","targetHints":{"allow":["GET"]}}],"collection":[{"href":"https:\/\/www.customeeple.com\/es\/wp-json\/wp\/v2\/product"}],"about":[{"href":"https:\/\/www.customeeple.com\/es\/wp-json\/wp\/v2\/types\/product"}],"wp:featuredmedia":[{"embeddable":true,"href":"https:\/\/www.customeeple.com\/es\/wp-json\/wp\/v2\/media\/41925"}],"wp:attachment":[{"href":"https:\/\/www.customeeple.com\/es\/wp-json\/wp\/v2\/media?parent=10628"}],"wp:term":[{"taxonomy":"product_brand","embeddable":true,"href":"https:\/\/www.customeeple.com\/es\/wp-json\/wp\/v2\/product_brand?post=10628"},{"taxonomy":"product_cat","embeddable":true,"href":"https:\/\/www.customeeple.com\/es\/wp-json\/wp\/v2\/product_cat?post=10628"},{"taxonomy":"product_tag","embeddable":true,"href":"https:\/\/www.customeeple.com\/es\/wp-json\/wp\/v2\/product_tag?post=10628"}],"curies":[{"name":"wp","href":"https:\/\/api.w.org\/{rel}","templated":true}]}}