{"id":10619,"date":"2014-11-27T00:01:13","date_gmt":"2014-11-25T09:11:13","guid":{"rendered":"http:\/\/www.customeeple.com\/product\/fichas-de-ordenes-de-sectoriales-para-infinity-21-unidades-2\/"},"modified":"2019-08-09T16:41:51","modified_gmt":"2019-08-09T14:41:51","slug":"fichas-de-ordenes-para-infinity-21-unidades","status":"publish","type":"product","link":"https:\/\/www.customeeple.com\/es\/producto\/fichas-de-ordenes-para-infinity-21-unidades\/","title":{"rendered":"Fichas de \u00f3rdenes para Infinity (21 ud)"},"content":{"rendered":"<p>Set oficial de \u00f3rdenes dise\u00f1adas para <strong><a href=\"http:\/\/www.infinitythegame.com\/infinity\/es\/\">Infinity the game<\/a>,<\/strong> grabadas con el logo de tu facci\u00f3n favorita:<strong><a href=\"http:\/\/www.infinitythegame.com\/infinity\/es\/category\/aleph\/\"> ALEPH<\/a>, <a href=\"http:\/\/www.infinitythegame.com\/infinity\/es\/category\/pano\/\">Panocean\u00eda<\/a>, <a href=\"http:\/\/www.infinitythegame.com\/infinity\/es\/category\/yujing\/\">Yu Jing<\/a><\/strong>&#8230; Marca tus acciones en el juego usando piezas con los logos oficiales de <strong><a href=\"http:\/\/www.infinitythegame.com\/infinity\/es\/\">Infinity<\/a>.\u00a0<\/strong>El set viene con suficientes \u00f3rdenes para emplearse en la mayor\u00eda de las configuraciones de ej\u00e9rcito, con colores variables para representar diferentes tipos de \u00f3rdenes:<\/p>\n<ul>\n<li><strong><em>10 Verdes &#8211; regulares<\/em><\/strong><\/li>\n<li><strong><em>5 magenta &#8211; impetuosas<\/em><\/strong><\/li>\n<li><strong><em>5 amarillas &#8211; irregulares<\/em><\/strong><\/li>\n<li><strong><em>1 azul &#8211; teniente<\/em><\/strong><\/li>\n<\/ul>\n<p>Todas nuestras fichas est\u00e1n dise\u00f1adas en colaboraci\u00f3n con <strong><a href=\"http:\/\/www.corvusbelli.com\/\">Corvus Belli<\/a><\/strong> para ser totalmente compatibles con <strong><a href=\"http:\/\/infinitythegame.com\/\" target=\"_blank\" rel=\"noopener noreferrer\">Infinity<\/a>.<\/strong><\/p>\n<p>&nbsp;<\/p>\n<div class=\"moreinfo\">\n<p><strong>Material:<\/strong> Metacrilato fluorescente.<\/p>\n<p><strong>Espesor:<\/strong> 3 mm<\/p>\n<p><strong>Tama\u00f1o:<\/strong> 17 x 20 mm.<\/p>\n<p><strong>Cantidad:<\/strong> 21 unidades (10 verdes, 5 amarillas, 5 magenta. 1 azul)<\/p>\n<p><strong>Uso:<\/strong> Marca tus acciones en<strong><a href=\"http:\/\/www.infinitythegame.com\/infinity\/es\/\"> Infinity the game<\/a>.<\/strong><\/p>\n<\/div>\n<p><strong>Nota:<\/strong> Miniaturas no incluidas. La imagen es un ejemplo de color y de facci\u00f3n pero la cantidad es la contemplada en el texto.<\/p>\n","protected":false},"excerpt":{"rendered":"<p>Set de \u00f3rdenes dise\u00f1ado para\u00a0<a href=\"http:\/\/www.infinitythegame.com\/infinity\/es\/\"><strong>Infinity the game<\/strong><\/a><\/p>\n","protected":false},"featured_media":10801,"template":"","meta":{"_acf_changed":false},"product_brand":[],"product_cat":[291,348,347,78,1372],"product_tag":[151,306],"class_list":{"0":"post-10619","1":"product","2":"type-product","3":"status-publish","4":"has-post-thumbnail","6":"product_cat-infinity-es-2","7":"product_cat-lote-infinity-es-2","8":"product_cat-marcadores-es","9":"product_cat-meeple-2","10":"product_cat-sci-fi-es","11":"product_tag-infinity-es","12":"product_tag-infinity-the-game-es-2","14":"first","15":"instock","16":"taxable","17":"shipping-taxable","18":"purchasable","19":"product-type-variable"},"exclude_global_add_ons":[],"addons":[],"acf":[],"_links":{"self":[{"href":"https:\/\/www.customeeple.com\/es\/wp-json\/wp\/v2\/product\/10619","targetHints":{"allow":["GET"]}}],"collection":[{"href":"https:\/\/www.customeeple.com\/es\/wp-json\/wp\/v2\/product"}],"about":[{"href":"https:\/\/www.customeeple.com\/es\/wp-json\/wp\/v2\/types\/product"}],"wp:featuredmedia":[{"embeddable":true,"href":"https:\/\/www.customeeple.com\/es\/wp-json\/wp\/v2\/media\/10801"}],"wp:attachment":[{"href":"https:\/\/www.customeeple.com\/es\/wp-json\/wp\/v2\/media?parent=10619"}],"wp:term":[{"taxonomy":"product_brand","embeddable":true,"href":"https:\/\/www.customeeple.com\/es\/wp-json\/wp\/v2\/product_brand?post=10619"},{"taxonomy":"product_cat","embeddable":true,"href":"https:\/\/www.customeeple.com\/es\/wp-json\/wp\/v2\/product_cat?post=10619"},{"taxonomy":"product_tag","embeddable":true,"href":"https:\/\/www.customeeple.com\/es\/wp-json\/wp\/v2\/product_tag?post=10619"}],"curies":[{"name":"wp","href":"https:\/\/api.w.org\/{rel}","templated":true}]}}