{"id":10369,"date":"2014-10-22T10:36:05","date_gmt":"2014-10-28T08:36:05","guid":{"rendered":"http:\/\/www.customeeple.com\/product\/holoecos-kotail-2-unidades-2\/"},"modified":"2020-01-09T11:12:55","modified_gmt":"2020-01-09T10:12:55","slug":"holoecos-kotail-2-unidades-2","status":"publish","type":"product","link":"https:\/\/www.customeeple.com\/es\/producto\/holoecos-kotail-2-unidades-2\/","title":{"rendered":"Holoecos Kotail"},"content":{"rendered":"<p>Nuestras siluetas de holoecos oficiales est\u00e1n dise\u00f1adas para ser usadas\u00a0con las miniaturas de <a href=\"http:\/\/www.infinitythegame.com\/infinity\/es\"><strong>Infinity<\/strong><\/a> con el poder de la Holoproyecci\u00f3n. Las piezas son de metacrilato fluorescente y puedes usarlas para representar las resonancias falsas de las miniaturas \u00bfCual ser\u00e1 la verdadera?<\/p>\n<p>Estas siluetas est\u00e1n fabricadas bas\u00e1ndose en la miniatura\u00a0<b>Kotail<\/b>\u00a0de la facci\u00f3n <b><a href=\"http:\/\/www.infinitythegame.com\/infinity\/en\/category\/tohaa\/\">Tohaa<\/a>,\u00a0<\/b>siendo<strong>\u00a0<\/strong>de la misma altura y contorno. Adem\u00e1s tienen n\u00fameros grabados para poder saber a cual de los objetivos est\u00e1 disparando el enemigo. Este producto viene con bases de metacrilato para ser usadas con las siluetas (las piezas vienen sin montar).<\/p>\n<p>Puedes comprar este holoeco en dos dise\u00f1os distintos: normal o spitfire.<\/p>\n<p>Todas nuestras fichas estan dise\u00f1adas en colaboraci\u00f3n con <strong><a href=\"http:\/\/www.corvusbelli.com\/\">Corvus Belli<\/a><\/strong> para ser totalmente compatibles con <strong><a href=\"http:\/\/infinitythegame.com\/\" target=\"_blank\" rel=\"noopener noreferrer\">Infinity the game<\/a>.<\/strong><\/p>\n<p>&nbsp;<\/p>\n<div class=\"moreinfo\">\n<p><strong>Material:<\/strong> Metacrilato amarillo fluorescente.<\/p>\n<p><strong>Espesor<\/strong>: 3 mm<\/p>\n<p><strong>Tama\u00f1o:\u00a0<\/strong>Dise\u00f1ados para ser aproximadamente del mismo tama\u00f1o que la miniatura que representa.<\/p>\n<p><strong>Cantidad:<\/strong> 1-3 siluetas<\/p>\n<p><strong>Uso: <\/strong>Para representar holoecos (se\u00f1uelos) en tus miniaturas de<strong><a href=\"http:\/\/www.infinitythegame.com\/infinity\/es\"> Infinity<\/a>.<\/strong><\/p>\n<\/div>\n<p><b>Nota:<\/b> Miniaturas no incluidas.<\/p>\n","protected":false},"excerpt":{"rendered":"<p>Siluetas de Holoecos para la miniatura\u00a0<b>Kotail<\/b>\u00a0de\u00a0<strong><a href=\"http:\/\/www.infinitythegame.com\/infinity\/es\">Infinity the game<\/a>.<\/strong><\/p>\n","protected":false},"featured_media":9975,"template":"","meta":{"_acf_changed":false},"product_brand":[],"product_cat":[291,347,78,345],"product_tag":[151,306],"class_list":{"0":"post-10369","1":"product","2":"type-product","3":"status-publish","4":"has-post-thumbnail","6":"product_cat-infinity-es-2","7":"product_cat-marcadores-es","8":"product_cat-meeple-2","9":"product_cat-siluetas","10":"product_tag-infinity-es","11":"product_tag-infinity-the-game-es-2","13":"first","14":"instock","15":"taxable","16":"shipping-taxable","17":"purchasable","18":"product-type-variable"},"exclude_global_add_ons":[],"addons":[],"acf":[],"_links":{"self":[{"href":"https:\/\/www.customeeple.com\/es\/wp-json\/wp\/v2\/product\/10369","targetHints":{"allow":["GET"]}}],"collection":[{"href":"https:\/\/www.customeeple.com\/es\/wp-json\/wp\/v2\/product"}],"about":[{"href":"https:\/\/www.customeeple.com\/es\/wp-json\/wp\/v2\/types\/product"}],"wp:featuredmedia":[{"embeddable":true,"href":"https:\/\/www.customeeple.com\/es\/wp-json\/wp\/v2\/media\/9975"}],"wp:attachment":[{"href":"https:\/\/www.customeeple.com\/es\/wp-json\/wp\/v2\/media?parent=10369"}],"wp:term":[{"taxonomy":"product_brand","embeddable":true,"href":"https:\/\/www.customeeple.com\/es\/wp-json\/wp\/v2\/product_brand?post=10369"},{"taxonomy":"product_cat","embeddable":true,"href":"https:\/\/www.customeeple.com\/es\/wp-json\/wp\/v2\/product_cat?post=10369"},{"taxonomy":"product_tag","embeddable":true,"href":"https:\/\/www.customeeple.com\/es\/wp-json\/wp\/v2\/product_tag?post=10369"}],"curies":[{"name":"wp","href":"https:\/\/api.w.org\/{rel}","templated":true}]}}