{"id":10172,"date":"2014-10-01T09:39:28","date_gmt":"2014-10-01T08:39:28","guid":{"rendered":"http:\/\/www.customeeple.com\/product\/bases-para-miniaturas-orientales-2\/"},"modified":"2025-03-05T14:51:15","modified_gmt":"2025-03-05T13:51:15","slug":"bases-para-miniaturas-orientales-2","status":"publish","type":"product","link":"https:\/\/www.customeeple.com\/es\/producto\/bases-para-miniaturas-orientales-2\/","title":{"rendered":"Cubierta de Base patr\u00f3n Oriental"},"content":{"rendered":"<div class=\"infopreorder\">Por lo general, el tama\u00f1o de la base de una miniatura es diferente al tama\u00f1o de la parte superior de la base, por ejemplo, una base de 30 mm de M2E Malifaux tiene 25 mm dentro del hueco, por lo que si no est\u00e1 seguro de lo que necesita, puedes verificar el tama\u00f1o de correlaci\u00f3n de base con la parte superior de la base<a href=\"http:\/\/www.customeeple.com\/base-top-size-guide\/\">\u00a0aqu\u00ed.<\/a><\/div>\n<p><span style=\"color: #535353;\">\u00bfTe gusta pintar tus miniaturas? \u00bfdecorarlas? \u00bfPersonalizarlas?\u2026 esta es tu oportunidad de darle un toque unico con nuestras\u00a0bases de \u00a0miniaturas que a\u00f1adir\u00e1n variedad y color a tu colecci\u00f3n. Utiliza nuestras bases orientales y\u00a0dale un nuevo ambiente a tu ejercito.<\/span><\/p>\n<p>Es importante tener en cuenta que las variaciones de tama\u00f1o que se indican para estas bases se refieren al tama\u00f1o de la parte superior de la base, en lugar del tama\u00f1o de la base en general. Por ejemplo, una base de 32mm de Warhammer 40K\/Blood Bowl utiliza una parte superior de 29mm, por lo que es importante elegir la parte superior de la base que se ajuste a tu base adecuadamente.<\/p>\n<p>Todas las cubiertas est\u00e1n fabricadas en cart\u00f3n de alta densidad:\u00a0Una superficie de cart\u00f3n para modelismo muy resistente, similar al <strong>DM (MDF)<\/strong>. Casi no se notar\u00e1 el grosor al pegarlo a la base ya que tiene\u00a00,32mm de espesor.<\/p>\n<p>Este producto se vende en en diferentes variedades para encajar en las bases de cualquier juego<\/p>\n<p>&nbsp;<\/p>\n<div class=\"moreinfo\">\n<p><strong>Material:<\/strong>\u00a0Cart\u00f3n de alta densidad<\/p>\n<p><strong>Espesor:<\/strong>\u00a00,32 mm<\/p>\n<p><strong>Tama\u00f1o:<\/strong>\u00a0Varia<\/p>\n<p><strong>Cantidad: <\/strong>1 a 5 unidades<\/p>\n<p><strong>Uso:<\/strong>\u00a0Emplealas para decorar las bases de tus miniaturas<\/p>\n<\/div>\n<p>&nbsp;<\/p>\n<p><strong>Nota: BASES DE PLASTICO NO INCLUIDAS<\/strong>\u00a0El producto se vende sin pintar ni montar, la foto del producto es solo un sugerencia de montaje<\/p>\n","protected":false},"excerpt":{"rendered":"<p>Bases decorativas para miniaturas con un dise\u00f1o especial<\/p>\n","protected":false},"featured_media":10206,"template":"","meta":{"_acf_changed":false},"product_brand":[],"product_cat":[191,304],"product_tag":[685],"class_list":{"0":"post-10172","1":"product","2":"type-product","3":"status-publish","4":"has-post-thumbnail","6":"product_cat-accesorios","7":"product_cat-bases-es","8":"product_tag-bases-es","9":"pa_bsize-23mm-5-uds","10":"pa_bsize-24mm","11":"pa_bsize-25mm","12":"pa_bsize-26mm-5-units","13":"pa_bsize-s32","14":"pa_bsize-40s","15":"pa_bsize-1082","16":"pa_bsize-50s","17":"pa_bsize-567","18":"pa_bsize-s59","19":"pa_bsize-963","21":"first","22":"instock","23":"taxable","24":"shipping-taxable","25":"purchasable","26":"product-type-variable"},"exclude_global_add_ons":[],"addons":[],"acf":[],"_links":{"self":[{"href":"https:\/\/www.customeeple.com\/es\/wp-json\/wp\/v2\/product\/10172","targetHints":{"allow":["GET"]}}],"collection":[{"href":"https:\/\/www.customeeple.com\/es\/wp-json\/wp\/v2\/product"}],"about":[{"href":"https:\/\/www.customeeple.com\/es\/wp-json\/wp\/v2\/types\/product"}],"wp:featuredmedia":[{"embeddable":true,"href":"https:\/\/www.customeeple.com\/es\/wp-json\/wp\/v2\/media\/10206"}],"wp:attachment":[{"href":"https:\/\/www.customeeple.com\/es\/wp-json\/wp\/v2\/media?parent=10172"}],"wp:term":[{"taxonomy":"product_brand","embeddable":true,"href":"https:\/\/www.customeeple.com\/es\/wp-json\/wp\/v2\/product_brand?post=10172"},{"taxonomy":"product_cat","embeddable":true,"href":"https:\/\/www.customeeple.com\/es\/wp-json\/wp\/v2\/product_cat?post=10172"},{"taxonomy":"product_tag","embeddable":true,"href":"https:\/\/www.customeeple.com\/es\/wp-json\/wp\/v2\/product_tag?post=10172"}],"curies":[{"name":"wp","href":"https:\/\/api.w.org\/{rel}","templated":true}]}}