{"id":10029,"date":"2015-05-14T23:01:14","date_gmt":"2015-05-14T22:01:14","guid":{"rendered":"http:\/\/www.customeeple.com\/product\/bases-de-civilies-giraldez\/"},"modified":"2017-12-05T15:06:18","modified_gmt":"2017-12-05T13:06:18","slug":"infinity-civilian-bases-by-giraldez","status":"publish","type":"product","link":"https:\/\/www.customeeple.com\/es\/producto\/infinity-civilian-bases-by-giraldez\/","title":{"rendered":"Cubiertas de base \u00abciviles\u00bb \u2013 Giraldez"},"content":{"rendered":"<p>Nuestras bases son perfectas para mejorar el aspecto de tus miniaturas de <strong><a href=\"http:\/\/infinitythegame.com\/\" target=\"_blank\" rel=\"noopener\">Infinity<\/a><\/strong>\u00a0. Las bases han sido dise\u00f1adas en colaboraci\u00f3n con \u00a0<strong><a href=\"http:\/\/studiogiraldez.blogspot.com.es\/\">Angel Giraldez<\/a>\u00a0<\/strong>para que sean \u00a0lo mas parecidas posible\u00a0a las oficiales de las \u00a0miniaturas de\u00a0<strong>Civiles.<\/strong><\/p>\n<p>El producto incluye un set de finas cubiertas grabadas con un dise\u00f1o tem\u00e1tico, preparadas para ser pegadas encima de las bases est\u00e1ndar de\u00a0<strong><a href=\"http:\/\/infinitythegame.com\/\" target=\"_blank\" rel=\"noopener\">Infinity\u00a0<\/a><\/strong>\u00a0 sin a\u00f1adir demasiado grosor. Encajan perfectamente en bases de 25 mm.<\/p>\n<p>Todas las piezas est\u00e1n fabricadas en cart\u00f3n de alta densidad\u00a0una superficie de cart\u00f3n para modelismo muy resistente, similar al DM (MDF). Casi no se notar\u00e1 el grosor al pegarlo a la base ya que mide 0,32mm de alto.<\/p>\n<div class=\"moreinfo\">\n<p><strong>Material:<\/strong>\u00a0cart\u00f3n de alta densidad<\/p>\n<p><strong>Espesor:\u00a0<\/strong>0,8 mm<strong><br \/>\n<\/strong><\/p>\n<p><strong>Tama\u00f1o:\u00a0<\/strong>Varia<\/p>\n<p><strong>Cantidad:\u00a0<\/strong>5 cubiertas circulares\u00a0decorativas<\/p>\n<p><strong>Uso:\u00a0<\/strong>Como elemento decorativo para hacer bases personalizadas para las miniaturas de\u00a0<strong>Civiles<\/strong><b>\u00a0<\/b>para\u00a0<strong><strong><a href=\"http:\/\/www.infinitythegame.com\/infinity\/en\">Infinity<\/a><\/strong><\/strong><\/p>\n<\/div>\n<p>&nbsp;<\/p>\n<p><strong>Nota:\u00a0<\/strong>Este producto se vende sin pintar ni montar. El pintado\u00a0de la foto es s\u00f3lo una sugerencia de pintado y esta realizado por\u00a0<strong><a href=\"http:\/\/studiogiraldez.blogspot.com.es\/\">Angel Giraldez<\/a><\/strong><\/p>\n","protected":false},"excerpt":{"rendered":"<p>Decoraci\u00f3n para crear bases personalizadas para las miniaturas de\u00a0<strong>Civiles<\/strong><b><a href=\"http:\/\/www.infinitythegame.com\/infinity\/es\/category\/pano\/\">\u00a0<\/a><\/b>para\u00a0\u00a0<a href=\"http:\/\/infinitythegame.com\/\" target=\"_blank\" rel=\"noopener\"><strong>Infinity the game<\/strong><\/a><\/p>\n","protected":false},"featured_media":12628,"template":"","meta":{"_acf_changed":false},"product_brand":[],"product_cat":[881,350,304,1370,291,1394,1372],"product_tag":[151,306],"class_list":{"0":"post-10029","1":"product","2":"type-product","3":"status-publish","4":"has-post-thumbnail","6":"product_cat-angiraldez","7":"product_cat-bases-es-infinity-es-2","8":"product_cat-bases-es","9":"product_cat-customeeple-es","10":"product_cat-infinity-es-2","11":"product_cat-infinity-es","12":"product_cat-sci-fi-es","13":"product_tag-infinity-es","14":"product_tag-infinity-the-game-es-2","16":"first","17":"instock","18":"taxable","19":"shipping-taxable","20":"purchasable","21":"product-type-simple"},"exclude_global_add_ons":[],"addons":[],"acf":[],"_links":{"self":[{"href":"https:\/\/www.customeeple.com\/es\/wp-json\/wp\/v2\/product\/10029","targetHints":{"allow":["GET"]}}],"collection":[{"href":"https:\/\/www.customeeple.com\/es\/wp-json\/wp\/v2\/product"}],"about":[{"href":"https:\/\/www.customeeple.com\/es\/wp-json\/wp\/v2\/types\/product"}],"wp:featuredmedia":[{"embeddable":true,"href":"https:\/\/www.customeeple.com\/es\/wp-json\/wp\/v2\/media\/12628"}],"wp:attachment":[{"href":"https:\/\/www.customeeple.com\/es\/wp-json\/wp\/v2\/media?parent=10029"}],"wp:term":[{"taxonomy":"product_brand","embeddable":true,"href":"https:\/\/www.customeeple.com\/es\/wp-json\/wp\/v2\/product_brand?post=10029"},{"taxonomy":"product_cat","embeddable":true,"href":"https:\/\/www.customeeple.com\/es\/wp-json\/wp\/v2\/product_cat?post=10029"},{"taxonomy":"product_tag","embeddable":true,"href":"https:\/\/www.customeeple.com\/es\/wp-json\/wp\/v2\/product_tag?post=10029"}],"curies":[{"name":"wp","href":"https:\/\/api.w.org\/{rel}","templated":true}]}}