{"id":10020,"date":"2014-09-14T10:53:41","date_gmt":"2014-09-14T09:53:41","guid":{"rendered":"http:\/\/www.customeeple.com\/product\/plantillas-personalizadas-de-3o-edicion-para-infinity-3-unidades\/"},"modified":"2019-08-09T16:27:00","modified_gmt":"2019-08-09T14:27:00","slug":"plantillas-personalizadas-de-3o-edicion-para-infinity-3-unidades","status":"publish","type":"product","link":"https:\/\/www.customeeple.com\/es\/producto\/plantillas-personalizadas-de-3o-edicion-para-infinity-3-unidades\/","title":{"rendered":"Plantillas personalizadas de 3\u00ba edici\u00f3n para Infinity (3 unidades)"},"content":{"rendered":"<p>No pierdas la oportunidad de conseguir este pack de 3 plantillas compatibles con la <strong>3\u00aa edici\u00f3n<\/strong> de\u00a0<strong><a href=\"http:\/\/www.infinitythegame.com\/infinity\/en\">Infinity. <\/a><\/strong><\/p>\n<p>Nuestras plantillas son del mismo tama\u00f1o que las oficiales (peque\u00f1a 213 x 61\/ grande 260 x 106 \/ redonda 120mm ) pero con el a\u00f1adido de que puedes personalizarlas a tu gusto, modificando:<\/p>\n<p><strong>Color: <\/strong>Entre cinco diferentes variedades de metacrilato fluorescente<\/p>\n<p><strong>Logo central: <\/strong>A\u00f1ade cualquier logo oficial de<strong>\u00a0<\/strong> <strong><a href=\"http:\/\/www.infinitythegame.com\/infinity\/en\">Infinity<\/a>\u00a0<\/strong>sea de una facci\u00f3n o de un sectorial<\/p>\n<p><strong>Texto:<\/strong> Puedes a\u00f1adir un peque\u00f1o texto con tu nick o nombre (m\u00e1ximo de 12 caracteres)<\/p>\n<p>Si no estas seguro de cual es el color id\u00f3neo para tus piezas puedes consultar nuestra p\u00e1gina de <em><a href=\"http:\/\/www.customeeple.com\/materials\/\"><strong>materiales<\/strong> <\/a><\/em><\/p>\n<p>&nbsp;<\/p>\n<div class=\"moreinfo\">\n<p><strong>Material: <\/strong>Metacrilato fluorescente<\/p>\n<p dir=\"ltr\"><strong>Espesor:<\/strong> 3 mm<\/p>\n<p dir=\"ltr\"><strong>Tama\u00f1o: <\/strong>213mm x 61 mm \/ 260mm x 106mm \/ 120mm di\u00e1metro<strong><br \/>\n<\/strong><\/p>\n<p dir=\"ltr\"><strong>Cantidad:<\/strong> 3 plantillas (peque\u00f1a\/grande\/redonda)<\/p>\n<p><strong>Uso:<\/strong> Como plantilla para varios efectos en\u00a0<strong><strong><a href=\"http:\/\/www.infinitythegame.com\/infinity\/en\"> Infinity<\/a>.<\/strong><\/strong><\/p>\n<\/div>\n<p><strong>Nota:<\/strong> Miniaturas no incluidas<\/p>\n","protected":false},"excerpt":{"rendered":"<p>3 plantillas personalizables para\u00a0<strong><a href=\"http:\/\/www.infinitythegame.com\/infinity\/en\">\u00a0Infinity<\/a>\u00a0<\/strong>compatibles con la 3\u00aa edici\u00f3n<\/p>\n<p>&nbsp;<\/p>\n","protected":false},"featured_media":9961,"template":"","meta":{"_acf_changed":false},"product_brand":[],"product_cat":[191,291,347,1372],"product_tag":[306],"class_list":{"0":"post-10020","1":"product","2":"type-product","3":"status-publish","4":"has-post-thumbnail","6":"product_cat-accesorios","7":"product_cat-infinity-es-2","8":"product_cat-marcadores-es","9":"product_cat-sci-fi-es","10":"product_tag-infinity-the-game-es-2","11":"pa_ilogo-acontecimiento","12":"pa_ilogo-aleph-es","13":"pa_ilogo-ariadna-es","14":"pa_ilogo-bakunin-es","15":"pa_ilogo-caledonios-es","16":"pa_ilogo-corregidor-es","17":"pa_ilogo-druze","18":"pa_ilogo-ejercito-combinado-es","19":"pa_ilogo-falange-de-acero-es","20":"pa_ilogo-onyx-es","21":"pa_ilogo-generico-es","22":"pa_ilogo-haqqislam-es","23":"pa_ilogo-hassassin-bahram-es","24":"pa_ilogo-ikari","25":"pa_ilogo-invencible-army-es","26":"pa_ilogo-jsa-es","27":"pa_ilogo-mercenarios-es","28":"pa_ilogo-merovingios-es","29":"pa_ilogo-morat-es","30":"pa_ilogo-neoterra-es","31":"pa_ilogo-nomadas-es","32":"pa_ilogo-not-aligned-es","33":"pa_ilogo-o-12-es","34":"pa_ilogo-ordenes-militares-es","35":"pa_ilogo-panceania","36":"pa_ilogo-qapu-khalqi-es","37":"pa_ilogo-servicio-imperial-es","38":"pa_ilogo-shasvastii-es","39":"pa_ilogo-scr-es","40":"pa_ilogo-starco","41":"pa_ilogo-subsection-sss","42":"pa_ilogo-tartary-army","43":"pa_ilogo-tohaa-es","44":"pa_ilogo-usariadna-es","45":"pa_ilogo-varuna","46":"pa_ilogo-yu-jing-es","47":"pa_methacrylate-colors-amarill-fluor-mfye","48":"pa_methacrylate-colors-azul-fluor-mfbl-es","49":"pa_methacrylate-colors-naranja-fluor-mfor-es","50":"pa_methacrylate-colors-magenta-fluor-mfma-es","51":"pa_methacrylate-colors-verde-fluor-mfgr","53":"first","54":"instock","55":"taxable","56":"shipping-taxable","57":"purchasable","58":"product-type-variable"},"exclude_global_add_ons":false,"addons":[{"name":"Custom Engraving","type":"heading","position":0,"required":false,"title_format":"label","default":"","description_enable":true,"description":"Choose a message to be engraved. Max length 10 chars.","placeholder_enable":false,"placeholder":"","display":"select","restrictions_type":"any_text","adjust_price":false,"price":"","price_type":"","restrictions":false,"min":"0","max":"0","options":[]},{"name":"Your Message","type":"custom_text","position":0,"required":true,"title_format":"label","default":"","description_enable":false,"description":"","placeholder_enable":false,"placeholder":"","display":"select","restrictions_type":"any_text","adjust_price":true,"price":"2.5","price_type":"quantity_based","restrictions":true,"min":"1","max":"10","options":[]}],"acf":[],"_links":{"self":[{"href":"https:\/\/www.customeeple.com\/es\/wp-json\/wp\/v2\/product\/10020","targetHints":{"allow":["GET"]}}],"collection":[{"href":"https:\/\/www.customeeple.com\/es\/wp-json\/wp\/v2\/product"}],"about":[{"href":"https:\/\/www.customeeple.com\/es\/wp-json\/wp\/v2\/types\/product"}],"wp:featuredmedia":[{"embeddable":true,"href":"https:\/\/www.customeeple.com\/es\/wp-json\/wp\/v2\/media\/9961"}],"wp:attachment":[{"href":"https:\/\/www.customeeple.com\/es\/wp-json\/wp\/v2\/media?parent=10020"}],"wp:term":[{"taxonomy":"product_brand","embeddable":true,"href":"https:\/\/www.customeeple.com\/es\/wp-json\/wp\/v2\/product_brand?post=10020"},{"taxonomy":"product_cat","embeddable":true,"href":"https:\/\/www.customeeple.com\/es\/wp-json\/wp\/v2\/product_cat?post=10020"},{"taxonomy":"product_tag","embeddable":true,"href":"https:\/\/www.customeeple.com\/es\/wp-json\/wp\/v2\/product_tag?post=10020"}],"curies":[{"name":"wp","href":"https:\/\/api.w.org\/{rel}","templated":true}]}}