{"id":10018,"date":"2014-09-14T10:23:24","date_gmt":"2014-09-14T09:23:24","guid":{"rendered":"http:\/\/www.customeeple.com\/product\/plantilla-de-explosion-para-infinity-3a-edicion\/"},"modified":"2014-09-15T15:11:40","modified_gmt":"2014-09-15T14:11:40","slug":"plantilla-de-explosion-para-infinity-3a-edicion","status":"publish","type":"product","link":"https:\/\/www.customeeple.com\/es\/producto\/plantilla-de-explosion-para-infinity-3a-edicion\/","title":{"rendered":"Plantilla de explosi\u00f3n para Infinity (3\u00aa edici\u00f3n)"},"content":{"rendered":"<p>Una plantilla especialmente dise\u00f1ada para la tercera edici\u00f3n de\u00a0<strong><a href=\"http:\/\/www.infinitythegame.com\/infinity\/en\">Infinity.\u00a0<\/a><\/strong><\/p>\n<p>Tiene el mismo di\u00e1metro que las armas explosivas de\u00a0<strong><a href=\"http:\/\/www.infinitythegame.com\/infinity\/en\">\u00a0Infinity:\u00a0<\/a><\/strong>Lanzcohetes, granadas&#8230; tiene grabada una textura de explosi\u00f3n y los n\u00fameros de 1-20 en el per\u00edmetro exterior as\u00ed como diez posiciones para indicar dispersi\u00f3n<\/p>\n<p>Como se ve en la im\u00e1genes la plantilla viene con una pesta\u00f1a extraible para comprobar la altura de la explosi\u00f3n y que adem\u00e1s la mejora visualmente.<\/p>\n<p>Todas nuestras fichas est\u00e1n dise\u00f1adas en colaboraci\u00f3n con\u00a0<strong><a href=\"http:\/\/www.corvusbelli.com\/\">Corvus Belli<\/a><\/strong>\u00a0para ser totalmente compatibles con\u00a0<a href=\"http:\/\/infinitythegame.com\/\" target=\"_blank\"><strong>Infinity the game\u00a0<\/strong><\/a><strong><a href=\"http:\/\/www.infinitythegame.com\/infinity\/en\"><br \/>\n<\/a><\/strong><\/p>\n<div class=\"moreinfo\">\n<p><strong>Material:\u00a0<\/strong>Metacrilato naranja fluorescente<\/p>\n<p dir=\"ltr\"><strong>Espesor:<\/strong>\u00a03 mm<\/p>\n<p dir=\"ltr\"><strong>Tama\u00f1o:\u00a0<\/strong>120 mm de di\u00e1metro, 58 mm de altura<strong><br \/>\n<\/strong><\/p>\n<p dir=\"ltr\"><strong>Cantidad:<\/strong>\u00a02 piezas. Una plantilla circular + un extra para calcular la altura.<\/p>\n<p><strong>Uso:<\/strong>\u00a0Como plantilla de armas en\u00a0<strong><strong><a href=\"http:\/\/www.infinitythegame.com\/infinity\/en\">Infinity<\/a><\/strong><\/strong><\/p>\n<\/div>\n<p><b>Nota:<\/b>\u00a0Miniaturas no incluidas<\/p>\n","protected":false},"excerpt":{"rendered":"<p>Plantilla de explosi\u00f3n para\u00a0<strong><a href=\"http:\/\/www.infinitythegame.com\/infinity\/en\">\u00a0Infinity the game<\/a>\u00a0<\/strong>compatible con la 3\u00aa edici\u00f3n del juego<\/p>\n","protected":false},"featured_media":4934,"template":"","meta":{"_acf_changed":false},"product_brand":[],"product_cat":[191,291,347,1372],"product_tag":[646,306],"class_list":{"0":"post-10018","1":"product","2":"type-product","3":"status-publish","4":"has-post-thumbnail","6":"product_cat-accesorios","7":"product_cat-infinity-es-2","8":"product_cat-marcadores-es","9":"product_cat-sci-fi-es","10":"product_tag-infinity-es-2","11":"product_tag-infinity-the-game-es-2","13":"first","14":"instock","15":"taxable","16":"shipping-taxable","17":"purchasable","18":"product-type-simple"},"exclude_global_add_ons":[],"addons":[],"acf":[],"_links":{"self":[{"href":"https:\/\/www.customeeple.com\/es\/wp-json\/wp\/v2\/product\/10018","targetHints":{"allow":["GET"]}}],"collection":[{"href":"https:\/\/www.customeeple.com\/es\/wp-json\/wp\/v2\/product"}],"about":[{"href":"https:\/\/www.customeeple.com\/es\/wp-json\/wp\/v2\/types\/product"}],"wp:featuredmedia":[{"embeddable":true,"href":"https:\/\/www.customeeple.com\/es\/wp-json\/wp\/v2\/media\/4934"}],"wp:attachment":[{"href":"https:\/\/www.customeeple.com\/es\/wp-json\/wp\/v2\/media?parent=10018"}],"wp:term":[{"taxonomy":"product_brand","embeddable":true,"href":"https:\/\/www.customeeple.com\/es\/wp-json\/wp\/v2\/product_brand?post=10018"},{"taxonomy":"product_cat","embeddable":true,"href":"https:\/\/www.customeeple.com\/es\/wp-json\/wp\/v2\/product_cat?post=10018"},{"taxonomy":"product_tag","embeddable":true,"href":"https:\/\/www.customeeple.com\/es\/wp-json\/wp\/v2\/product_tag?post=10018"}],"curies":[{"name":"wp","href":"https:\/\/api.w.org\/{rel}","templated":true}]}}