{"id":10010,"date":"2015-06-28T09:22:00","date_gmt":"2014-10-28T08:22:00","guid":{"rendered":"http:\/\/www.customeeple.com\/product\/plantilla-de-estarcido-para-infinity-2\/"},"modified":"2019-08-26T08:46:37","modified_gmt":"2019-08-26T06:46:37","slug":"plantilla-de-estarcido-para-infinity-2","status":"publish","type":"product","link":"https:\/\/www.customeeple.com\/es\/producto\/plantilla-de-estarcido-para-infinity-2\/","title":{"rendered":"infinity plantilla de estarcido"},"content":{"rendered":"<p>Una plantilla pensada para decorar tus edificios para\u00a0<strong><a href=\"http:\/\/infinitythegame.com\/\" target=\"_blank\" rel=\"noopener\">Infinity the game<\/a>.<\/strong><\/p>\n<p>Con esta plantilla y la ayuda de un areografo puedes a\u00f1adir a tu gusto graffitis decorativos en tus edificios favoritos. Puedes comprar diferentes modelos, cada uno dise\u00f1ado con motivos de una facci\u00f3n\/Sectorial o tema relacionado con\u00a0<strong><a href=\"http:\/\/infinitythegame.com\/\" target=\"_blank\" rel=\"noopener\">Infinity<\/a>. <\/strong>En este momento los diferentes dise\u00f1os incluyen:<\/p>\n<ul>\n<li><strong><em>Yu Jing\/JSA (Dise\u00f1os japoneses)<\/em><\/strong><\/li>\n<li><strong><em>Panoceania\/Acontecimiento<\/em><\/strong><\/li>\n<li><strong><i>Zona industrial<\/i><\/strong><\/li>\n<li><strong>Haqqislam<\/strong><\/li>\n<li><em><strong>USAriadna<\/strong><\/em><\/li>\n<li><strong><em>Bakunin<\/em><\/strong><\/li>\n<li><strong><em>Corregidor<\/em><\/strong><\/li>\n<\/ul>\n<p>Todas las piezas han sido fabricadas en colaboracion con\u00a0<strong><a href=\"http:\/\/www.corvusbelli.com\/\">Corvus Belli<\/a><\/strong>\u00a0para ser totalmente compatibles con <strong><a href=\"http:\/\/infinitythegame.com\/\" target=\"_blank\" rel=\"noopener\">Infinity the game<\/a>.<\/strong><\/p>\n<p>&nbsp;<\/p>\n<div class=\"moreinfo\">\n<p><strong style=\"font-size: 14px; line-height: 1.5em;\">Material:\u00a0<\/strong>Cart\u00f3n de alta densidad<\/p>\n<p dir=\"ltr\"><strong>Espesor:<\/strong>\u00a0N\/A<\/p>\n<p dir=\"ltr\"><strong>Tama\u00f1o:<\/strong> 20 x 9,8\u00a0cm<strong><br \/>\n<\/strong><\/p>\n<p dir=\"ltr\"><strong>Cantidad: <\/strong>Una plantilla<\/p>\n<p><strong>Uso:<\/strong>\u00a0Mejora la decoracion de tus edificios de escenograf\u00eda para\u00a0<strong><a href=\"http:\/\/infinitythegame.com\/\" target=\"_blank\" rel=\"noopener\">Infinity the game<\/a>\u00a0<\/strong><\/p>\n<\/div>\n<div class=\"infopreorder\"><strong>Nota:<\/strong> Miniaturas y edificios no incluidos.<\/div>\n","protected":false},"excerpt":{"rendered":"<p>Plantilla para decorar edificios de\u00a0<strong><a href=\"http:\/\/www.infinitythegame.com\/infinity\/en\">Infinity the game<\/a><\/strong><\/p>\n","protected":false},"featured_media":10047,"template":"","meta":{"_acf_changed":false},"product_brand":[],"product_cat":[191,346,291,1401,1372],"product_tag":[151,306],"class_list":{"0":"post-10010","1":"product","2":"type-product","3":"status-publish","4":"has-post-thumbnail","6":"product_cat-accesorios","7":"product_cat-escenografia","8":"product_cat-infinity-es-2","9":"product_cat-pintura-y-modelismo","10":"product_cat-sci-fi-es","11":"product_tag-infinity-es","12":"product_tag-infinity-the-game-es-2","14":"first","15":"instock","16":"taxable","17":"shipping-taxable","18":"purchasable","19":"product-type-variable"},"exclude_global_add_ons":[],"addons":[],"acf":[],"_links":{"self":[{"href":"https:\/\/www.customeeple.com\/es\/wp-json\/wp\/v2\/product\/10010","targetHints":{"allow":["GET"]}}],"collection":[{"href":"https:\/\/www.customeeple.com\/es\/wp-json\/wp\/v2\/product"}],"about":[{"href":"https:\/\/www.customeeple.com\/es\/wp-json\/wp\/v2\/types\/product"}],"wp:featuredmedia":[{"embeddable":true,"href":"https:\/\/www.customeeple.com\/es\/wp-json\/wp\/v2\/media\/10047"}],"wp:attachment":[{"href":"https:\/\/www.customeeple.com\/es\/wp-json\/wp\/v2\/media?parent=10010"}],"wp:term":[{"taxonomy":"product_brand","embeddable":true,"href":"https:\/\/www.customeeple.com\/es\/wp-json\/wp\/v2\/product_brand?post=10010"},{"taxonomy":"product_cat","embeddable":true,"href":"https:\/\/www.customeeple.com\/es\/wp-json\/wp\/v2\/product_cat?post=10010"},{"taxonomy":"product_tag","embeddable":true,"href":"https:\/\/www.customeeple.com\/es\/wp-json\/wp\/v2\/product_tag?post=10010"}],"curies":[{"name":"wp","href":"https:\/\/api.w.org\/{rel}","templated":true}]}}