{"id":2424,"date":"2013-04-11T14:08:47","date_gmt":"2013-04-11T13:08:47","guid":{"rendered":"http:\/\/www.customeeple.com\/politica-de-privacidad-2\/"},"modified":"2016-03-08T13:36:53","modified_gmt":"2016-03-08T11:36:53","slug":"politica-de-privacidad","status":"publish","type":"page","link":"https:\/\/www.customeeple.com\/es\/politica-de-privacidad\/","title":{"rendered":"POL\u00cdTICA DE PRIVACIDAD"},"content":{"rendered":"<p dir=\"ltr\">Tu privacidad es muy importante para <strong>Customeeple<\/strong>. Esta pol\u00edtica de privacidad aporta informaci\u00f3n sobre los datos personales que <strong>Customeeple<\/strong> recibe y las formas en que <strong>Customeeple<\/strong> emplea esa informaci\u00f3n.<\/p>\n<ul>\n<li><em><strong>\u00a0Recepci\u00f3n de informaci\u00f3n personal<\/strong><\/em><\/li>\n<\/ul>\n<p dir=\"ltr\"><strong>Customeeple<\/strong> puede recibir y emplear los siguientes datos personales:<\/p>\n<p dir=\"ltr\">&#8211; \u00a0\u00a0\u00a0\u00a0\u00a0 Informaci\u00f3n sobre tu uso de esta web (incluyendo: tiempo de visitas, direcci\u00f3n IP);<\/p>\n<p dir=\"ltr\">&#8211; \u00a0\u00a0\u00a0\u00a0\u00a0\u00a0 Informaci\u00f3n que proporciones para el registro en la web (incluyendo: Nombre completo, direcci\u00f3n,n\u00famero de tel\u00e9fono, Email, y cualquier otra informaci\u00f3n de contacto);<\/p>\n<p dir=\"ltr\">&#8211; \u00a0\u00a0\u00a0\u00a0\u00a0\u00a0 Informacion sobre las transacciones hechas en esta web (incluyendo pedidos e informaci\u00f3n sobre ventas)<\/p>\n<p dir=\"ltr\">&#8211; \u00a0\u00a0\u00a0\u00a0\u00a0\u00a0 Informaci\u00f3n que proporciones para suscribirte a los servicios de la web (incluyendo: Nombre, Nick, Email e informaci\u00f3n de contacto)<\/p>\n<p dir=\"ltr\">&#8211;\u00a0\u00a0\u00a0\u00a0\u00a0\u00a0\u00a0\u00a0 Cualquier otra informaci\u00f3n personal que proporciones a <strong>Customeeple<\/strong> a mayores.<\/p>\n<ul>\n<li><em><strong>Uso de los datos personales<\/strong><\/em><\/li>\n<\/ul>\n<p dir=\"ltr\"><strong>Customeeple<\/strong> puede hacer uso de tus datos personales para:<\/p>\n<p dir=\"ltr\">&#8211; \u00a0\u00a0\u00a0\u00a0\u00a0\u00a0 Administrar el sitio web<\/p>\n<p dir=\"ltr\">&#8211; \u00a0\u00a0\u00a0\u00a0\u00a0\u00a0 Personalizar la web para ti<\/p>\n<p dir=\"ltr\">&#8211; \u00a0\u00a0\u00a0\u00a0\u00a0\u00a0 Permitir tu acceso y uso de los servicios de la web<\/p>\n<p dir=\"ltr\">&#8211; \u00a0\u00a0\u00a0\u00a0\u00a0\u00a0 Publicar informaci\u00f3n sobre ti en la web<\/p>\n<p dir=\"ltr\">&#8211; \u00a0\u00a0\u00a0\u00a0\u00a0\u00a0 Enviarte los productos que compres<\/p>\n<p dir=\"ltr\">&#8211; \u00a0\u00a0\u00a0\u00a0\u00a0\u00a0 Proveerte de los servicios que compres<\/p>\n<p dir=\"ltr\">&#8211; \u00a0\u00a0\u00a0\u00a0\u00a0\u00a0 Enviar comunicados y facturas<\/p>\n<p dir=\"ltr\">&#8211; \u00a0\u00a0\u00a0\u00a0\u00a0\u00a0 Recibir pagos<\/p>\n<p dir=\"ltr\">&#8211;\u00a0\u00a0\u00a0\u00a0\u00a0\u00a0\u00a0 Enviar comunicaciones comerciales<\/p>\n<p dir=\"ltr\">En el caso de que <strong>Customeeple <\/strong>entregue tu informaci\u00f3n personal a sus agentes o personal subcontratado para estos fines, los agentes o subcontratados estar\u00e1n obligados a usar siempre esa informaci\u00f3n personal de acuerdo con nuestro acuerdo de privacidad.<\/p>\n<p dir=\"ltr\">Ademas de las entregas de informaci\u00f3n razonablemente necesarias para los prop\u00f3sitos mencionados arriba, <strong>Customeeple<\/strong> puede hacer entrega de tu informaci\u00f3n personal en el caso de que legalmente se vea obligada a ello, a causa de un procedimiento legal o prospectivo\u00a0 y para hacer reconocer, ejercer o defender sus derechos legales.<\/p>\n<ul>\n<li><em><strong>Seguridad de tus datos<\/strong><\/em><\/li>\n<\/ul>\n<p dir=\"ltr\"><strong>Customeeple<\/strong> tomara las medidas t\u00e9cnicas y organizativas razonables para prevenir el extrav\u00edo, mal uso o alteraci\u00f3n de tus datos personales.<\/p>\n<p dir=\"ltr\"><strong>Customeeple<\/strong> guardar\u00e1 todos los datos personales que le envies.<\/p>\n<ul>\n<li><em><strong>Transferencia de datos a otros paises<\/strong><\/em><\/li>\n<\/ul>\n<p dir=\"ltr\">La informaci\u00f3n que <strong>Customeeple<\/strong> recibe puede ser guardada,\u00a0 procesada y transferida entre cualquiera de los pa\u00edses en los que <strong>Customeeple<\/strong> opera para permitir el uso de esos datos de acuerdo con su pol\u00edtica de privacidad<\/p>\n<p dir=\"ltr\">Adem\u00e1s, los datos personales que env\u00edes para publicar en la web ser\u00e1 publicada en internet y puede ser consultada en todo el mundo.<\/p>\n<p dir=\"ltr\">Tu aceptas a esas transferencias de datos personales entre paises.<\/p>\n<ul>\n<li><em><strong>Actualizacion de politicas<\/strong><\/em><\/li>\n<\/ul>\n<p dir=\"ltr\"><strong>Customeeple<\/strong> puede actualizar esta pol\u00edtica de privacidad al postear una nueva versi\u00f3n en su web.<\/p>\n<p dir=\"ltr\">Has de consultar esta p\u00e1gina ocasionalmente para estar seguro de que est\u00e1s al tanto de cualquier cambio.<\/p>\n<ul>\n<li><em><strong>Otras webs<\/strong><\/em><\/li>\n<\/ul>\n<p dir=\"ltr\">Esta web contiene enlaces a otros sitios web.<\/p>\n<p dir=\"ltr\"><strong>Customeeple<\/strong> no se hace responsable de las pol\u00edticas de privacidad o practicas de terceros.<\/p>\n<p dir=\"ltr\">Contactar con <strong>Customeeple<\/strong><\/p>\n<p dir=\"ltr\">En caso de tener cualquier pregunta sobre esta pol\u00edtica de privacidad o el tratamiento que <strong>Customeeple<\/strong> da a tus datos personales, por favor escribe al email <a href=\"mailto:hello@customeeple.com\"><strong>hello@customeeple.com<\/strong><\/a><\/p>\n<ul>\n<li><em><strong>Sobre la politica de privacidad<\/strong><\/em><\/li>\n<\/ul>\n<p dir=\"ltr\">Este documento ha sido creado usando una plantilla disponible en <a href=\"http:\/\/www.freenetlaw.com\/\">http:\/\/www.freenetlaw.com<\/a>.<\/p>\n<p>&nbsp;<\/p>\n","protected":false},"excerpt":{"rendered":"<p>Tu privacidad es muy importante para Customeeple. Esta pol\u00edtica de privacidad aporta informaci\u00f3n sobre los datos personales que Customeeple recibe y las formas en que Customeeple emplea esa informaci\u00f3n. \u00a0Recepci\u00f3n de informaci\u00f3n personal Customeeple puede recibir y emplear los siguientes datos personales: &#8211; \u00a0\u00a0\u00a0\u00a0\u00a0 Informaci\u00f3n sobre tu uso de esta web (incluyendo: tiempo de visitas, [&hellip;]<\/p>\n","protected":false},"author":4,"featured_media":0,"parent":0,"menu_order":0,"comment_status":"closed","ping_status":"closed","template":"","meta":{"_acf_changed":false,"footnotes":""},"class_list":["post-2424","page","type-page","status-publish","hentry"],"acf":[],"_links":{"self":[{"href":"https:\/\/www.customeeple.com\/es\/wp-json\/wp\/v2\/pages\/2424","targetHints":{"allow":["GET"]}}],"collection":[{"href":"https:\/\/www.customeeple.com\/es\/wp-json\/wp\/v2\/pages"}],"about":[{"href":"https:\/\/www.customeeple.com\/es\/wp-json\/wp\/v2\/types\/page"}],"author":[{"embeddable":true,"href":"https:\/\/www.customeeple.com\/es\/wp-json\/wp\/v2\/users\/4"}],"replies":[{"embeddable":true,"href":"https:\/\/www.customeeple.com\/es\/wp-json\/wp\/v2\/comments?post=2424"}],"version-history":[{"count":0,"href":"https:\/\/www.customeeple.com\/es\/wp-json\/wp\/v2\/pages\/2424\/revisions"}],"wp:attachment":[{"href":"https:\/\/www.customeeple.com\/es\/wp-json\/wp\/v2\/media?parent=2424"}],"curies":[{"name":"wp","href":"https:\/\/api.w.org\/{rel}","templated":true}]}}