{"id":2396,"date":"2013-02-08T13:03:25","date_gmt":"2013-02-08T13:03:25","guid":{"rendered":"http:\/\/www.customeeple.com\/faq-2\/"},"modified":"2015-05-18T17:30:01","modified_gmt":"2015-05-18T16:30:01","slug":"faq","status":"publish","type":"page","link":"https:\/\/www.customeeple.com\/es\/faq\/","title":{"rendered":"PREGUNTAS PRECUENTES (FAQ&#8217;s)"},"content":{"rendered":"<p>Selecciona una de las siguientes preguntas para ver su respuesta. Si a\u00fan as\u00ed sigues teniendo alguna duda, <strong><a href=\"mailto: hello@customeeple.com\" target=\"_blank\">escr\u00edbenos<\/a><\/strong>!<\/p>\n","protected":false},"excerpt":{"rendered":"<p>Selecciona una de las siguientes preguntas para ver su respuesta. Si a\u00fan as\u00ed sigues teniendo alguna duda, escr\u00edbenos!<\/p>\n","protected":false},"author":4,"featured_media":0,"parent":0,"menu_order":0,"comment_status":"closed","ping_status":"closed","template":"","meta":{"_acf_changed":false,"footnotes":""},"class_list":["post-2396","page","type-page","status-publish","hentry"],"acf":[],"_links":{"self":[{"href":"https:\/\/www.customeeple.com\/es\/wp-json\/wp\/v2\/pages\/2396","targetHints":{"allow":["GET"]}}],"collection":[{"href":"https:\/\/www.customeeple.com\/es\/wp-json\/wp\/v2\/pages"}],"about":[{"href":"https:\/\/www.customeeple.com\/es\/wp-json\/wp\/v2\/types\/page"}],"author":[{"embeddable":true,"href":"https:\/\/www.customeeple.com\/es\/wp-json\/wp\/v2\/users\/4"}],"replies":[{"embeddable":true,"href":"https:\/\/www.customeeple.com\/es\/wp-json\/wp\/v2\/comments?post=2396"}],"version-history":[{"count":0,"href":"https:\/\/www.customeeple.com\/es\/wp-json\/wp\/v2\/pages\/2396\/revisions"}],"wp:attachment":[{"href":"https:\/\/www.customeeple.com\/es\/wp-json\/wp\/v2\/media?parent=2396"}],"curies":[{"name":"wp","href":"https:\/\/api.w.org\/{rel}","templated":true}]}}