{"id":2358,"date":"2013-02-08T13:26:16","date_gmt":"2013-02-08T12:26:16","guid":{"rendered":"http:\/\/www.customeeple.com\/contact-us-2\/"},"modified":"2020-05-05T14:08:18","modified_gmt":"2020-05-05T13:08:18","slug":"contact-us","status":"publish","type":"page","link":"https:\/\/www.customeeple.com\/es\/contact-us\/","title":{"rendered":"CONTACTO"},"content":{"rendered":"<p>Cont\u00e1ctenos para lo que necesita; Estaremos encantados de ayudarle :).<\/p>\n<p>Si usted es una tienda o un distribuidor escr\u00edbanos para conocer nuestros descuentos y condiciones.<\/p>\n<p><a href=\"mailto:hello@customeeple.com\">hello@customeeple.com<\/a><\/p>\n<p><strong>Direcci\u00f3n:<\/strong><br \/>\n&gt;&gt; R\u00faa do Conde de Torrecedeira, 64, 36202 Vigo, Pontevedra<br data-rich-text-line-break=\"true\" \/>&gt;&gt; 67H8+WQ Vigo<\/p>\n<p><strong>TLF:<\/strong><br \/>\n&gt;&gt; +34 986 13 87 02<br data-rich-text-line-break=\"true\" \/>&gt;&gt; +34 722 32 20 42<\/p>\n<p><strong>Horario:<\/strong><br \/>\n&gt;&gt; Monday 10:30AM\u20132PM<br data-rich-text-line-break=\"true\" \/>&gt;&gt; Tuesday 10:30AM\u20132PM 4:30\u20138:30PM<br data-rich-text-line-break=\"true\" \/>&gt;&gt; Wednesday 10:30AM\u20132PM 4:30\u20138:30PM<br data-rich-text-line-break=\"true\" \/>&gt;&gt; Thursday 10:30AM\u20132PM 4:30\u20138:30PM<br data-rich-text-line-break=\"true\" \/>&gt;&gt; Friday 10:30AM\u20132PM 4:30\u20138:30PM<br data-rich-text-line-break=\"true\" \/>&gt;&gt; Saturday 10:30AM\u20132PM 4:30\u20138:30PM<\/p>\n<p><!--EndFragment--><\/p>\n","protected":false},"excerpt":{"rendered":"<p>Cont\u00e1ctenos para lo que necesita; Estaremos encantados de ayudarle :). Si usted es una tienda o un distribuidor escr\u00edbanos para conocer nuestros descuentos y condiciones. hello@customeeple.com Direcci\u00f3n: &gt;&gt; R\u00faa do Conde de Torrecedeira, 64, 36202 Vigo, Pontevedra&gt;&gt; 67H8+WQ Vigo TLF: &gt;&gt; +34 986 13 87 02&gt;&gt; +34 722 32 20 42 Horario: &gt;&gt; Monday 10:30AM\u20132PM&gt;&gt; [&hellip;]<\/p>\n","protected":false},"author":4,"featured_media":51205,"parent":0,"menu_order":0,"comment_status":"closed","ping_status":"closed","template":"","meta":{"_acf_changed":false,"footnotes":""},"class_list":["post-2358","page","type-page","status-publish","has-post-thumbnail","hentry"],"acf":[],"_links":{"self":[{"href":"https:\/\/www.customeeple.com\/es\/wp-json\/wp\/v2\/pages\/2358","targetHints":{"allow":["GET"]}}],"collection":[{"href":"https:\/\/www.customeeple.com\/es\/wp-json\/wp\/v2\/pages"}],"about":[{"href":"https:\/\/www.customeeple.com\/es\/wp-json\/wp\/v2\/types\/page"}],"author":[{"embeddable":true,"href":"https:\/\/www.customeeple.com\/es\/wp-json\/wp\/v2\/users\/4"}],"replies":[{"embeddable":true,"href":"https:\/\/www.customeeple.com\/es\/wp-json\/wp\/v2\/comments?post=2358"}],"version-history":[{"count":0,"href":"https:\/\/www.customeeple.com\/es\/wp-json\/wp\/v2\/pages\/2358\/revisions"}],"wp:featuredmedia":[{"embeddable":true,"href":"https:\/\/www.customeeple.com\/es\/wp-json\/wp\/v2\/media\/51205"}],"wp:attachment":[{"href":"https:\/\/www.customeeple.com\/es\/wp-json\/wp\/v2\/media?parent=2358"}],"curies":[{"name":"wp","href":"https:\/\/api.w.org\/{rel}","templated":true}]}}